{"id":19,"date":"2011-01-11T16:23:46","date_gmt":"2011-01-11T16:23:46","guid":{"rendered":"http:\/\/ploullins.cluster1.easy-hebergement.net\/anciensbasketteurs\/"},"modified":"2024-09-27T14:45:41","modified_gmt":"2024-09-27T14:45:41","slug":"cotisation-20102011","status":"publish","type":"page","link":"https:\/\/ploullins.fr\/anciensbasketteurs\/cotisation-20102011\/","title":{"rendered":"Cotisation"},"content":{"rendered":"<table width=\"100%\" cellspacing=\"0\" cellpadding=\"0\">\n<tbody>\n<tr>\n<td><strong>\u00a0 \u00a0 \u00a0 \u00a0 \u00a0 \u00a0 \u00a0 \u00a0 \u00a0 \u00a0 \u00a0 \u00a0 \u00a0 \u00a0 \u00a0 \u00a0 \u00a0 \u00a0 \u00a0 \u00a0 \u00a0 \u00a0 \u00a0 \u00a0 \u00a0 \u00a0 \u00a0 \u00a0 \u00a0 \u00a0 \u00a0 \u00a0 \u00a0<span style=\"color: #000080\">Nous relan\u00e7ons notre campagne de cotisations !<\/span><\/strong><\/td>\n<\/tr>\n<\/tbody>\n<\/table>\n<p><strong>\u00a0 \u00a0<\/strong>La cotisation est de\u00a0 <strong>13 euros.<img loading=\"lazy\" decoding=\"async\" class=\"alignright\" src=\"https:\/\/www.bing.com\/th?id=OIP.fzq584F4LJGB2RYzVUfTCAHaHA&amp;w=150&amp;h=142&amp;c=8&amp;rs=1&amp;qlt=90&amp;o=6&amp;pid=3.1&amp;rm=2\" alt=\"R\u00e9sultat d\u2019image pour Smiley Sourire. Taille: 150 x 142. Source: fr.depositphotos.com\" width=\"67\" height=\"63\" \/><\/strong><\/p>\n<p>Pour \u00a0cotiser, il vous suffit d&rsquo;adresser votre cotisation \u00e0 l&rsquo;adresse du PLO, et d&rsquo;ajouter vos coordonn\u00e9es pour recevoir un re\u00e7u de paiement.<\/p>\n<p>\u00a0<\/p>\n\n\n<p><\/p>\n","protected":false},"excerpt":{"rendered":"<p>\u00a0 \u00a0 \u00a0 \u00a0 \u00a0 \u00a0 \u00a0 \u00a0 \u00a0 \u00a0 \u00a0 \u00a0 \u00a0 \u00a0 \u00a0 \u00a0 \u00a0 \u00a0 \u00a0 \u00a0 \u00a0 \u00a0 \u00a0 \u00a0 \u00a0 \u00a0 \u00a0 \u00a0 \u00a0 \u00a0 \u00a0 \u00a0 \u00a0Nous relan\u00e7ons notre campagne de cotisations ! \u00a0 \u00a0La cotisation est de\u00a0 13 euros. Pour \u00a0cotiser, il vous suffit d&rsquo;adresser votre cotisation \u00e0 &hellip; <\/p>\n<p><a class=\"more-link btn\" href=\"https:\/\/ploullins.fr\/anciensbasketteurs\/cotisation-20102011\/\">Lire la suite<\/a><\/p>\n","protected":false},"author":2,"featured_media":0,"parent":0,"menu_order":0,"comment_status":"closed","ping_status":"closed","template":"","meta":{"footnotes":""},"class_list":["post-19","page","type-page","status-publish","hentry","nodate","item-wrap"],"_links":{"self":[{"href":"https:\/\/ploullins.fr\/anciensbasketteurs\/wp-json\/wp\/v2\/pages\/19","targetHints":{"allow":["GET"]}}],"collection":[{"href":"https:\/\/ploullins.fr\/anciensbasketteurs\/wp-json\/wp\/v2\/pages"}],"about":[{"href":"https:\/\/ploullins.fr\/anciensbasketteurs\/wp-json\/wp\/v2\/types\/page"}],"author":[{"embeddable":true,"href":"https:\/\/ploullins.fr\/anciensbasketteurs\/wp-json\/wp\/v2\/users\/2"}],"replies":[{"embeddable":true,"href":"https:\/\/ploullins.fr\/anciensbasketteurs\/wp-json\/wp\/v2\/comments?post=19"}],"version-history":[{"count":16,"href":"https:\/\/ploullins.fr\/anciensbasketteurs\/wp-json\/wp\/v2\/pages\/19\/revisions"}],"predecessor-version":[{"id":235,"href":"https:\/\/ploullins.fr\/anciensbasketteurs\/wp-json\/wp\/v2\/pages\/19\/revisions\/235"}],"wp:attachment":[{"href":"https:\/\/ploullins.fr\/anciensbasketteurs\/wp-json\/wp\/v2\/media?parent=19"}],"curies":[{"name":"wp","href":"https:\/\/api.w.org\/{rel}","templated":true}]}}