{"id":331,"date":"2015-09-11T15:56:33","date_gmt":"2015-09-11T14:56:33","guid":{"rendered":"http:\/\/ploullins.fr\/artsmartiaux\/?page_id=331"},"modified":"2015-09-11T15:56:33","modified_gmt":"2015-09-11T14:56:33","slug":"nos-amis-et-partenaires","status":"publish","type":"page","link":"https:\/\/ploullins.fr\/artsmartiaux\/nos-amis-et-partenaires\/","title":{"rendered":"Nos amis et partenaires"},"content":{"rendered":"<h2 style=\"text-align: center;\"><span style=\"color: #ff0000;\"><span style=\"text-decoration: underline;\">NOS AMIS ET PARTENAIRES<\/span> : <\/span><\/h2>\n<p><span style=\"color: #ffff99;\">DOJOS AUTOUR D\u2019OULLINS :<\/span><\/p>\n<ul>\n<li><span style=\"color: #ffff99;\">\u00a0LA MULATIERE : <\/span>\n<ul>\n<li><span style=\"color: #ffff99;\">SESLM AIKIDO \u2013 Dojo du Grand C\u00e8dre, chemin de la Bast\u00e9ro, Groupe Scolaire du Grand C\u00e8dre 69350 LA MULATIERE<\/span>\n<ul>\n<li><span style=\"color: #ffff99;\"> http:\/\/lamulatiere.fr\/associations\/seslm_assos\/seslm_aikido_assos.htm<\/span><\/li>\n<\/ul>\n<\/li>\n<\/ul>\n<\/li>\n<li><span style=\"color: #ffff99;\">\u00a0IRIGNY :<\/span>\n<ul>\n<li><span style=\"color: #ffff99;\"> A\u00cfKIDO CLUB D\u2019IRIGNY Salle des Arts Martiaux 21,avenu du stade 69540 IRIGNY<\/span>\n<ul>\n<li><span style=\"color: #ffff99;\"> http:\/\/aikido-irigny.fr\/ <\/span><\/li>\n<\/ul>\n<\/li>\n<\/ul>\n<\/li>\n<li><span style=\"color: #ffff99;\">\u00a0LYON : <\/span>\n<ul>\n<li><span style=\"color: #ffff99;\">PATRONAGE LA\u00cfC VILLETTE PAUL BERT Complexe Sportif Antoine Charial 102 rue Antoine Charial 69003 LYON<\/span>\n<ul>\n<li><span style=\"color: #ffff99;\"> http:\/\/aikido.plvpb.com\/<\/span><\/li>\n<\/ul>\n<\/li>\n<\/ul>\n<\/li>\n<\/ul>\n<p>&nbsp;<\/p>\n<p><span style=\"color: #ffff99;\"> SANS OUBLIER NOS AMIS DE SAINT-ETIENNE \u2026 <\/span><\/p>\n<ul>\n<li><span style=\"color: #ffff99;\">Gymnase Paul Michelon 16 rue du docteur Paul Michelon 42100 Saint Etienne <\/span>\n<ul>\n<li><span style=\"color: #ffff99;\">http:\/\/aikidojo.stetienne.org\/<\/span><\/li>\n<\/ul>\n<\/li>\n<\/ul>\n","protected":false},"excerpt":{"rendered":"<p>NOS AMIS ET PARTENAIRES : DOJOS AUTOUR D\u2019OULLINS : \u00a0LA MULATIERE : SESLM AIKIDO \u2013 Dojo du Grand C\u00e8dre, chemin de la Bast\u00e9ro, Groupe Scolaire du Grand C\u00e8dre 69350 LA MULATIERE http:\/\/lamulatiere.fr\/associations\/seslm_assos\/seslm_aikido_assos.htm \u00a0IRIGNY : A\u00cfKIDO CLUB D\u2019IRIGNY Salle des Arts Martiaux 21,avenu du stade 69540 IRIGNY http:\/\/aikido-irigny.fr\/ \u00a0LYON : PATRONAGE LA\u00cfC VILLETTE PAUL BERT Complexe [&hellip;]<\/p>\n","protected":false},"author":6,"featured_media":0,"parent":0,"menu_order":4,"comment_status":"closed","ping_status":"closed","template":"","meta":{"footnotes":""},"class_list":["post-331","page","type-page","status-publish","hentry"],"_links":{"self":[{"href":"https:\/\/ploullins.fr\/artsmartiaux\/wp-json\/wp\/v2\/pages\/331","targetHints":{"allow":["GET"]}}],"collection":[{"href":"https:\/\/ploullins.fr\/artsmartiaux\/wp-json\/wp\/v2\/pages"}],"about":[{"href":"https:\/\/ploullins.fr\/artsmartiaux\/wp-json\/wp\/v2\/types\/page"}],"author":[{"embeddable":true,"href":"https:\/\/ploullins.fr\/artsmartiaux\/wp-json\/wp\/v2\/users\/6"}],"replies":[{"embeddable":true,"href":"https:\/\/ploullins.fr\/artsmartiaux\/wp-json\/wp\/v2\/comments?post=331"}],"version-history":[{"count":1,"href":"https:\/\/ploullins.fr\/artsmartiaux\/wp-json\/wp\/v2\/pages\/331\/revisions"}],"predecessor-version":[{"id":332,"href":"https:\/\/ploullins.fr\/artsmartiaux\/wp-json\/wp\/v2\/pages\/331\/revisions\/332"}],"wp:attachment":[{"href":"https:\/\/ploullins.fr\/artsmartiaux\/wp-json\/wp\/v2\/media?parent=331"}],"curies":[{"name":"wp","href":"https:\/\/api.w.org\/{rel}","templated":true}]}}