{"id":7,"date":"2010-10-22T09:50:40","date_gmt":"2010-10-22T08:50:40","guid":{"rendered":"http:\/\/ploullins.cluster1.easy-hebergement.net\/artsmartiaux\/"},"modified":"2022-09-20T11:26:51","modified_gmt":"2022-09-20T10:26:51","slug":"aikido-budo","status":"publish","type":"page","link":"https:\/\/ploullins.fr\/artsmartiaux\/aikido-budo\/","title":{"rendered":"A\u00efkido"},"content":{"rendered":"<p><a href=\"http:\/\/ploullins.fr\/artsmartiaux\/files\/2010\/10\/logo-A\u00efkidopng.png\"><img loading=\"lazy\" decoding=\"async\" class=\"aligncenter size-full wp-image-315\" src=\"http:\/\/ploullins.fr\/artsmartiaux\/files\/2010\/10\/logo-A\u00efkidopng.png\" alt=\"logo A\u00efkidopng\" width=\"299\" height=\"236\" \/><\/a><\/p>\n<ul>\n<li>\n<h3><span style=\"color: #ff0000\">QU&rsquo;EST-CE QUE L&rsquo;A\u00cfKIDO ?<\/span><\/h3>\n<\/li>\n<\/ul>\n<p style=\"text-align: center\"><span style=\"color: #ffff99\">Un art de vivre Une philosophie Une discipline martiale Des techniques efficaces effectu\u00e9es sans heurt et visant \u00e0 canaliser et \u00e0 contr\u00f4ler l&rsquo;adversaire : \u2022 des techniques \u00e0 mains nues avec un ou \u00e0 plusieurs adversaire(s), arm\u00e9(s) ou non, \u2022 Des techniques au sabre, au b\u00e2ton. \u2022 des techniques de concentration, de respiration. Toutes les techniques visent au contr\u00f4le de l&rsquo;adversaire, l&rsquo;amenant \u00e0 une chute et\/ou une immobilisation. Il s&rsquo;agit de canaliser le mouvement, la vitesse et la force de l&rsquo;adversaire, de les utiliser sans rentrer en opposition avec eux. L\u2019A\u00cfKIDO est un art martial, d\u2019origine Japonaise, cr\u00e9\u00e9 par une synth\u00e8se des arts de combat anciens et inspir\u00e9 par des \u00e9l\u00e9ments philosophiques de non violence. Cette discipline du corps et de l\u2019esprit a \u00e9t\u00e9 fond\u00e9e par un Ma\u00eetre Japonais :Morihe\u00ef UESHIBA (1883 \u2013 1969 ), vers les ann\u00e9es 1924 \u2013 1925 . Avant cette p\u00e9riode Ma\u00eetre UESHIBA avait suivi une formation tr\u00e8s riche, aussi bien dans le domaine des arts martiaux que dans celui de la mystique philosophique et religieuse. Les 3 id\u00e9ogrammes qui forment le nom A\u00cfKIDO ont chacun une signification propre : AI : Union ou Harmonie KI : Energie vitale DO : la Voie (\u00e0 suivre ) Ainsi l\u2019A\u00efKIDO se d\u00e9finit comme le moyen (la voie ) pour unir ou harmoniser 2 volont\u00e9s (ou \u00e9nergies vitales ) qui sont initialement en position de s\u2019opposer ou de se combattre. L\u2019a\u00efkido est accessible \u00e0 tous, alors venez l\u2019essayer au dojo du PLO !<\/span><\/p>\n<h2 style=\"text-align: left\"><a href=\"http:\/\/ploullins.fr\/artsmartiaux\/files\/2010\/10\/photo-A\u00efkido.png\"><img loading=\"lazy\" decoding=\"async\" class=\"aligncenter size-full wp-image-316\" src=\"http:\/\/ploullins.fr\/artsmartiaux\/files\/2010\/10\/photo-A\u00efkido.png\" alt=\"photo A\u00efkido\" width=\"248\" height=\"370\" srcset=\"https:\/\/ploullins.fr\/artsmartiaux\/files\/2010\/10\/photo-A\u00efkido.png 248w, https:\/\/ploullins.fr\/artsmartiaux\/files\/2010\/10\/photo-A\u00efkido-201x300.png 201w\" sizes=\"auto, (max-width: 248px) 100vw, 248px\" \/><\/a><\/h2>\n<h2 style=\"text-align: center\"><span style=\"text-decoration: underline\"><span style=\"color: #ff0000;text-decoration: underline\">Horaires et Tarifs<\/span><\/span><span style=\"color: #ff0000\"> :<\/span><\/h2>\n<p><a href=\"https:\/\/ploullins.fr\/artsmartiaux\/files\/2022\/09\/capture-aikido-bon.png\"><img loading=\"lazy\" decoding=\"async\" class=\"size-medium wp-image-375 aligncenter\" src=\"https:\/\/ploullins.fr\/artsmartiaux\/files\/2022\/09\/capture-aikido-bon-300x270.png\" alt=\"informations aikido 2022 2023\" width=\"300\" height=\"270\" srcset=\"https:\/\/ploullins.fr\/artsmartiaux\/files\/2022\/09\/capture-aikido-bon-300x270.png 300w, https:\/\/ploullins.fr\/artsmartiaux\/files\/2022\/09\/capture-aikido-bon.png 360w\" sizes=\"auto, (max-width: 300px) 100vw, 300px\" \/><\/a><\/p>\n<h3 style=\"text-align: justify\"><span style=\"color: #ff0000\">ATTENTION : ces tarifs ne tiennent pas compte des r\u00e9ductions \u00e9ventuelles (Pass R\u00e9gion, ARS, \u2026)<\/span><\/h3>\n<h3 style=\"text-align: justify\"><\/h3>\n<h3 style=\"text-align: justify\"><span style=\"color: #ffff99\">NB :<\/span><\/h3>\n<ul>\n<li style=\"text-align: justify\"><span style=\"color: #ffff99\">Il est possible d\u2019\u00e9taler les r\u00e8glements (10 ch\u00e8ques maximum) <\/span><\/li>\n<li style=\"text-align: justify\"><span style=\"color: #ffff99\">Le tarif global unique de 120 euros\u00a0 comprend : <\/span>\n<ul>\n<li style=\"text-align: justify\"><span style=\"color: #ffff99\">l\u2019adh\u00e9sion au PLO <\/span><\/li>\n<li style=\"text-align: justify\"><span style=\"color: #ffff99\">\u00a0la licence<\/span><\/li>\n<li style=\"text-align: justify\"><span style=\"color: #ffff99\"> la somme restante revient \u00e0 la section et permet de d\u00e9frayer les enseignants, d\u2019acheter du mat\u00e9riel et de contribuer \u00e0 son fonctionnement administratif.<\/span><\/li>\n<\/ul>\n<\/li>\n<\/ul>\n<h4 style=\"text-align: center\"><\/h4>\n<h4 style=\"text-align: center\"><span style=\"color: #ff0000\">Pour des raisons de s\u00e9curit\u00e9 et de responsabilit\u00e9, le responsable de l&rsquo;enfant devra s&rsquo;assurer de la pr\u00e9sence de l&rsquo;entra\u00eeneur avant de laisser son enfant dans la salle d&rsquo;activit\u00e9 et devra venir le chercher \u00e0 la fin de l&rsquo;entra\u00eenement dans cette m\u00eame salle. Le club se d\u00e9gage de toute responsabilit\u00e9 en cas d&rsquo;incident survenant en dehors des heures d&rsquo;entra\u00eenement et en cas de non respect de ces consignes <\/span><\/h4>\n<h4 style=\"text-align: center\"><span style=\"color: #ff0000\">Il est possible de participer \u00e0 des cours d\u2019essai sur pr\u00e9sentation d\u2019un certificat d\u2019aptitude \u00e0 la pratique de l\u2019A\u00efkido.<\/span><\/h4>\n<h2 style=\"text-align: center\"><\/h2>\n<div><\/div>\n<div><\/div>\n","protected":false},"excerpt":{"rendered":"<p>QU&rsquo;EST-CE QUE L&rsquo;A\u00cfKIDO ? Un art de vivre Une philosophie Une discipline martiale Des techniques efficaces effectu\u00e9es sans heurt et visant \u00e0 canaliser et \u00e0 contr\u00f4ler l&rsquo;adversaire : \u2022 des techniques \u00e0 mains nues avec un ou \u00e0 plusieurs adversaire(s), arm\u00e9(s) ou non, \u2022 Des techniques au sabre, au b\u00e2ton. \u2022 des techniques de concentration, [&hellip;]<\/p>\n","protected":false},"author":2,"featured_media":0,"parent":0,"menu_order":0,"comment_status":"closed","ping_status":"closed","template":"","meta":{"footnotes":""},"class_list":["post-7","page","type-page","status-publish","hentry"],"_links":{"self":[{"href":"https:\/\/ploullins.fr\/artsmartiaux\/wp-json\/wp\/v2\/pages\/7","targetHints":{"allow":["GET"]}}],"collection":[{"href":"https:\/\/ploullins.fr\/artsmartiaux\/wp-json\/wp\/v2\/pages"}],"about":[{"href":"https:\/\/ploullins.fr\/artsmartiaux\/wp-json\/wp\/v2\/types\/page"}],"author":[{"embeddable":true,"href":"https:\/\/ploullins.fr\/artsmartiaux\/wp-json\/wp\/v2\/users\/2"}],"replies":[{"embeddable":true,"href":"https:\/\/ploullins.fr\/artsmartiaux\/wp-json\/wp\/v2\/comments?post=7"}],"version-history":[{"count":88,"href":"https:\/\/ploullins.fr\/artsmartiaux\/wp-json\/wp\/v2\/pages\/7\/revisions"}],"predecessor-version":[{"id":385,"href":"https:\/\/ploullins.fr\/artsmartiaux\/wp-json\/wp\/v2\/pages\/7\/revisions\/385"}],"wp:attachment":[{"href":"https:\/\/ploullins.fr\/artsmartiaux\/wp-json\/wp\/v2\/media?parent=7"}],"curies":[{"name":"wp","href":"https:\/\/api.w.org\/{rel}","templated":true}]}}