{"id":76,"date":"2018-10-30T09:44:41","date_gmt":"2018-10-30T09:44:41","guid":{"rendered":"https:\/\/ploullins.fr\/boules\/?page_id=76"},"modified":"2024-09-24T15:00:08","modified_gmt":"2024-09-24T15:00:08","slug":"bureau","status":"publish","type":"page","link":"https:\/\/ploullins.fr\/boules\/bureau\/","title":{"rendered":"Bureau Section Boules"},"content":{"rendered":"<h2>\u00a0Composition du Bureau Section Boules<\/h2>\n<p>Pr\u00e9sident d&rsquo;honneur : <strong>Bernard VERA<\/strong><\/p>\n<p>Pr\u00e9sident : <strong>Jean-Michel ROBIN<\/strong><\/p>\n<p>Vice-Pr\u00e9sident : <strong>Jacky DE CUEVAS<\/strong><\/p>\n<p>Secr\u00e9taire : <strong>Jean-Jacques MAURIN<\/strong><\/p>\n<p>Secr\u00e9taire adjoint : <strong>Camille LOREN\u00c7ON<\/strong><\/p>\n<p>Tr\u00e9sorier :\u00a0<strong>Marc ZUPPETTI<\/strong><\/p>\n<p>Correspondant FFSB :<strong> Jean-Michel ROBIN<\/strong><\/p>\n<p>Correspondants UFOLEP : <strong>Jean-Michel ROBIN<\/strong><\/p>\n<p>Charg\u00e9 de la p\u00e9tanque de comp\u00e9tition : <strong>Alain RASCLE<\/strong><\/p>\n<h2><\/h2>\n<h2><\/h2>\n","protected":false},"excerpt":{"rendered":"<p>\u00a0Composition du Bureau Section Boules Pr\u00e9sident d&rsquo;honneur : Bernard VERA Pr\u00e9sident : Jean-Michel ROBIN Vice-Pr\u00e9sident : Jacky DE CUEVAS Secr\u00e9taire : Jean-Jacques MAURIN Secr\u00e9taire adjoint : Camille LOREN\u00c7ON Tr\u00e9sorier :\u00a0Marc ZUPPETTI Correspondant FFSB : Jean-Michel ROBIN Correspondants UFOLEP : Jean-Michel ROBIN Charg\u00e9 de la p\u00e9tanque de comp\u00e9tition : Alain RASCLE<\/p>\n","protected":false},"author":40,"featured_media":0,"parent":0,"menu_order":0,"comment_status":"closed","ping_status":"closed","template":"","meta":{"footnotes":""},"class_list":["post-76","page","type-page","status-publish","hentry","nodate","item-wrap"],"_links":{"self":[{"href":"https:\/\/ploullins.fr\/boules\/wp-json\/wp\/v2\/pages\/76","targetHints":{"allow":["GET"]}}],"collection":[{"href":"https:\/\/ploullins.fr\/boules\/wp-json\/wp\/v2\/pages"}],"about":[{"href":"https:\/\/ploullins.fr\/boules\/wp-json\/wp\/v2\/types\/page"}],"author":[{"embeddable":true,"href":"https:\/\/ploullins.fr\/boules\/wp-json\/wp\/v2\/users\/40"}],"replies":[{"embeddable":true,"href":"https:\/\/ploullins.fr\/boules\/wp-json\/wp\/v2\/comments?post=76"}],"version-history":[{"count":5,"href":"https:\/\/ploullins.fr\/boules\/wp-json\/wp\/v2\/pages\/76\/revisions"}],"predecessor-version":[{"id":184,"href":"https:\/\/ploullins.fr\/boules\/wp-json\/wp\/v2\/pages\/76\/revisions\/184"}],"wp:attachment":[{"href":"https:\/\/ploullins.fr\/boules\/wp-json\/wp\/v2\/media?parent=76"}],"curies":[{"name":"wp","href":"https:\/\/api.w.org\/{rel}","templated":true}]}}