{"id":17,"date":"2014-01-31T16:10:18","date_gmt":"2014-01-31T15:10:18","guid":{"rendered":"http:\/\/ploullins.fr\/capoeira\/?page_id=17"},"modified":"2014-10-30T12:26:54","modified_gmt":"2014-10-30T11:26:54","slug":"le-club","status":"publish","type":"page","link":"https:\/\/ploullins.fr\/capoeira\/le-club\/","title":{"rendered":"Le club"},"content":{"rendered":"<p style=\"text-align: center;\">[pe2-image src=\u00a0\u00bbhttp:\/\/lh3.ggpht.com\/-ag-4-XvlCUM\/UtPya6o8-wI\/AAAAAAAAEeo\/34i_F9OMLq8\/s144-c-o\/logo%252520capoeira.png\u00a0\u00bb href=\u00a0\u00bbhttps:\/\/picasaweb.google.com\/105772061449644347916\/PHOTO#5968380475427584770&Prime; caption=\u00a0\u00bblogo capoeira.png\u00a0\u00bb type=\u00a0\u00bbimage\u00a0\u00bb alt=\u00a0\u00bblogo capoeira.png\u00a0\u00bb ]<\/p>\n<p class=\"clear\">\n<p style=\"text-align: center;\"><span style=\"color: #99ccff;\">La capoeira est un <strong>art martial<\/strong> afro-br\u00e9silien. C\u2019est d\u2019abord un jeu avant d\u2019\u00eatre un simulacre de combat dans\u00e9 (on dit \u00ab\u00a0jouer la capoeira\u00a0\u00bb) qui est interpr\u00e9t\u00e9 lors d\u2019une<strong> \u00ab\u00a0roda\u00a0\u00bb<\/strong> (ronde).<\/span><\/p>\n<p style=\"text-align: center;\"><span style=\"color: #99ccff;\">Le capoeiriste est \u00e0 la fois athl\u00e8te, danseur, acrobate, farceur, com\u00e9dien et musicien.<\/span><\/p>\n<p style=\"text-align: center;\"><span style=\"color: #99ccff;\">Longtemps interdite et r\u00e9prim\u00e9e, la capeira ne fut autauris\u00e9e par le gouvernement qu\u2019en <strong>1937<\/strong> et enfin reconnue pour sa valeur culturelle.<\/span><\/p>\n<p style=\"text-align: center;\"><span style=\"color: #99ccff;\">La capoeira n\u2019est pas qu\u2019une discipline sportive; c\u2019est aussi un art martial o\u00f9 l\u2019on s\u2019initie au chant, \u00e0 la musique br\u00e9silienne et ses instruments traditionnels:<\/span><\/p>\n<p style=\"text-align: center;\"><span style=\"color: #99ccff;\"><strong>Le Berimbeau<\/strong> (arc \u00e0 corde)<\/span><\/p>\n<p style=\"text-align: center;\"><span style=\"color: #99ccff;\"><strong>Le Pandeiro<\/strong> (tambourin)<\/span><\/p>\n<p style=\"text-align: center;\"><span style=\"color: #99ccff;\"><strong>L\u2019Atabaque<\/strong> (long tambour)<\/span><\/p>\n<p style=\"text-align: center;\"><span style=\"color: #99ccff;\"><strong>L\u2019Agogo<\/strong> (double cloche frappp\u00e9e par une baguette)<\/span><\/p>\n<p style=\"text-align: center;\"><span style=\"color: #99ccff;\">Section cr\u00e9e en septembre <strong>2001<\/strong> par <strong>Pierre Halbardier<\/strong>, la Capoeira est enseingn\u00e9 par <strong>Mestre DE ZORO<\/strong> du groupe Na\u00e7ao Capoeira jusqu\u2019en juin 2008.<\/span><\/p>\n<p style=\"text-align: center;\"><span style=\"color: #99ccff;\">Depuis septembre 2008, les cours sont assur\u00e9s par des formateurs : <strong>CARDEAL, MAMOLENGO<\/strong> et pour les enfants par <strong>TOURO<\/strong>, le mercredi apr\u00e8s midi et comprennent 85 pratiquants.<\/span><\/p>\n<p style=\"text-align: center;\"><span style=\"color: #99ccff;\">La capoeira peut se pratiquer d\u00e8s 6 ans et la mixit\u00e9 ne pose pas de probl\u00e8me, bien au contraire.<\/span><\/p>\n<p style=\"text-align: center;\"><span style=\"color: #99ccff;\">Tous les ans, \u00e0 la fin du mois de mai, le <strong>PLO<\/strong> organise un <strong>Bapt\u00eame de capoeira<\/strong>, avec des stages et des passages de cordes au cours d\u2019une ronde. A cette occasion, nous acceuillons des professeurs, contre-ma\u00eetres et ma\u00eetres de capoeira venant d\u2019un peu partout.<\/span><\/p>\n","protected":false},"excerpt":{"rendered":"<p>[pe2-image src=\u00a0\u00bbhttp:\/\/lh3.ggpht.com\/-ag-4-XvlCUM\/UtPya6o8-wI\/AAAAAAAAEeo\/34i_F9OMLq8\/s144-c-o\/logo%252520capoeira.png\u00a0\u00bb href=\u00a0\u00bbhttps:\/\/picasaweb.google.com\/105772061449644347916\/PHOTO#5968380475427584770&Prime; caption=\u00a0\u00bblogo capoeira.png\u00a0\u00bb type=\u00a0\u00bbimage\u00a0\u00bb alt=\u00a0\u00bblogo capoeira.png\u00a0\u00bb ] La capoeira est un art martial afro-br\u00e9silien. C\u2019est d\u2019abord un jeu avant d\u2019\u00eatre un simulacre de combat dans\u00e9 (on dit \u00ab\u00a0jouer la capoeira\u00a0\u00bb) qui est interpr\u00e9t\u00e9 lors d\u2019une \u00ab\u00a0roda\u00a0\u00bb (ronde). Le capoeiriste est \u00e0 la fois athl\u00e8te, danseur, acrobate, farceur, com\u00e9dien et musicien. Longtemps interdite et &hellip; <\/p>\n<p><a class=\"more-link btn\" href=\"https:\/\/ploullins.fr\/capoeira\/le-club\/\">Lire la suite<\/a><\/p>\n","protected":false},"author":31,"featured_media":0,"parent":0,"menu_order":0,"comment_status":"closed","ping_status":"closed","template":"","meta":{"footnotes":""},"class_list":["post-17","page","type-page","status-publish","hentry","nodate","item-wrap"],"_links":{"self":[{"href":"https:\/\/ploullins.fr\/capoeira\/wp-json\/wp\/v2\/pages\/17","targetHints":{"allow":["GET"]}}],"collection":[{"href":"https:\/\/ploullins.fr\/capoeira\/wp-json\/wp\/v2\/pages"}],"about":[{"href":"https:\/\/ploullins.fr\/capoeira\/wp-json\/wp\/v2\/types\/page"}],"author":[{"embeddable":true,"href":"https:\/\/ploullins.fr\/capoeira\/wp-json\/wp\/v2\/users\/31"}],"replies":[{"embeddable":true,"href":"https:\/\/ploullins.fr\/capoeira\/wp-json\/wp\/v2\/comments?post=17"}],"version-history":[{"count":2,"href":"https:\/\/ploullins.fr\/capoeira\/wp-json\/wp\/v2\/pages\/17\/revisions"}],"predecessor-version":[{"id":74,"href":"https:\/\/ploullins.fr\/capoeira\/wp-json\/wp\/v2\/pages\/17\/revisions\/74"}],"wp:attachment":[{"href":"https:\/\/ploullins.fr\/capoeira\/wp-json\/wp\/v2\/media?parent=17"}],"curies":[{"name":"wp","href":"https:\/\/api.w.org\/{rel}","templated":true}]}}