{"id":22,"date":"2014-01-31T16:35:31","date_gmt":"2014-01-31T15:35:31","guid":{"rendered":"http:\/\/ploullins.fr\/capoeira\/?page_id=22"},"modified":"2024-11-13T15:48:59","modified_gmt":"2024-11-13T14:48:59","slug":"le-bureau","status":"publish","type":"page","link":"https:\/\/ploullins.fr\/capoeira\/le-club\/le-bureau\/","title":{"rendered":"Le Bureau"},"content":{"rendered":"<p>Responsable: Mr CHOSSINAND Thierry<\/p>\n<p>Tr\u00e9sori\u00e8re: Mme SCHINDELHAUER MANON<\/p>\n<p>Secr\u00e9taire: Mr CHOSSINAND LOIC<\/p>\n","protected":false},"excerpt":{"rendered":"<p>Responsable: Mr CHOSSINAND Thierry Tr\u00e9sori\u00e8re: Mme SCHINDELHAUER MANON Secr\u00e9taire: Mr CHOSSINAND LOIC<\/p>\n","protected":false},"author":45,"featured_media":0,"parent":17,"menu_order":1,"comment_status":"closed","ping_status":"closed","template":"","meta":{"footnotes":""},"class_list":["post-22","page","type-page","status-publish","hentry","nodate","item-wrap"],"_links":{"self":[{"href":"https:\/\/ploullins.fr\/capoeira\/wp-json\/wp\/v2\/pages\/22","targetHints":{"allow":["GET"]}}],"collection":[{"href":"https:\/\/ploullins.fr\/capoeira\/wp-json\/wp\/v2\/pages"}],"about":[{"href":"https:\/\/ploullins.fr\/capoeira\/wp-json\/wp\/v2\/types\/page"}],"author":[{"embeddable":true,"href":"https:\/\/ploullins.fr\/capoeira\/wp-json\/wp\/v2\/users\/45"}],"replies":[{"embeddable":true,"href":"https:\/\/ploullins.fr\/capoeira\/wp-json\/wp\/v2\/comments?post=22"}],"version-history":[{"count":5,"href":"https:\/\/ploullins.fr\/capoeira\/wp-json\/wp\/v2\/pages\/22\/revisions"}],"predecessor-version":[{"id":596,"href":"https:\/\/ploullins.fr\/capoeira\/wp-json\/wp\/v2\/pages\/22\/revisions\/596"}],"up":[{"embeddable":true,"href":"https:\/\/ploullins.fr\/capoeira\/wp-json\/wp\/v2\/pages\/17"}],"wp:attachment":[{"href":"https:\/\/ploullins.fr\/capoeira\/wp-json\/wp\/v2\/media?parent=22"}],"curies":[{"name":"wp","href":"https:\/\/api.w.org\/{rel}","templated":true}]}}