{"id":53,"date":"2014-01-31T16:53:59","date_gmt":"2014-01-31T15:53:59","guid":{"rendered":"http:\/\/ploullins.fr\/capoeira\/?page_id=53"},"modified":"2024-11-13T17:31:43","modified_gmt":"2024-11-13T16:31:43","slug":"horaireslieux","status":"publish","type":"page","link":"https:\/\/ploullins.fr\/capoeira\/les-cours\/horaireslieux\/","title":{"rendered":"Horaires des cours"},"content":{"rendered":"<p><span style=\"color: #f01111\"><strong>Enfants de 6 \u00e0 14 ans :<br \/>\n<\/strong><\/span><\/p>\n<ul>\n<li style=\"list-style-type: none\">\n<ul>\n<li>vendredi de 18h \u00e0 19h ( Jean Mac\u00e9 )<\/li>\n<\/ul>\n<\/li>\n<\/ul>\n<p><span style=\"color: #f01111\"><strong>Ados\/Adultes<\/strong><\/span><\/p>\n<ul>\n<li><em>D\u00e9butants :<\/em>\n<ul>\n<li>mardi de 18h30 \u00e0 20h ( Jean Mac\u00e9 )<\/li>\n<li>jeudi de\u00a0 18h30 \u00e0 20h ( Jean Mac\u00e9 )<\/li>\n<\/ul>\n<\/li>\n<\/ul>\n<ul>\n<li><em>Confirm\u00e9s :<\/em>\n<ul>\n<li>mardi de 20h \u00e0 21h30 ( jean Mac\u00e9 )<\/li>\n<li>jeudi de 20h \u00e0 21h30 (Jean Mac\u00e9 )<\/li>\n<\/ul>\n<\/li>\n<\/ul>\n","protected":false},"excerpt":{"rendered":"<p>Enfants de 6 \u00e0 14 ans : vendredi de 18h \u00e0 19h ( Jean Mac\u00e9 ) Ados\/Adultes D\u00e9butants : mardi de 18h30 \u00e0 20h ( Jean Mac\u00e9 ) jeudi de\u00a0 18h30 \u00e0 20h ( Jean Mac\u00e9 ) Confirm\u00e9s : mardi de 20h \u00e0 21h30 ( jean Mac\u00e9 ) jeudi de 20h \u00e0 21h30 (Jean Mac\u00e9 &hellip; <\/p>\n<p><a class=\"more-link btn\" href=\"https:\/\/ploullins.fr\/capoeira\/les-cours\/horaireslieux\/\">Lire la suite<\/a><\/p>\n","protected":false},"author":45,"featured_media":0,"parent":51,"menu_order":0,"comment_status":"closed","ping_status":"closed","template":"","meta":{"footnotes":""},"class_list":["post-53","page","type-page","status-publish","hentry","nodate","item-wrap"],"_links":{"self":[{"href":"https:\/\/ploullins.fr\/capoeira\/wp-json\/wp\/v2\/pages\/53","targetHints":{"allow":["GET"]}}],"collection":[{"href":"https:\/\/ploullins.fr\/capoeira\/wp-json\/wp\/v2\/pages"}],"about":[{"href":"https:\/\/ploullins.fr\/capoeira\/wp-json\/wp\/v2\/types\/page"}],"author":[{"embeddable":true,"href":"https:\/\/ploullins.fr\/capoeira\/wp-json\/wp\/v2\/users\/45"}],"replies":[{"embeddable":true,"href":"https:\/\/ploullins.fr\/capoeira\/wp-json\/wp\/v2\/comments?post=53"}],"version-history":[{"count":14,"href":"https:\/\/ploullins.fr\/capoeira\/wp-json\/wp\/v2\/pages\/53\/revisions"}],"predecessor-version":[{"id":599,"href":"https:\/\/ploullins.fr\/capoeira\/wp-json\/wp\/v2\/pages\/53\/revisions\/599"}],"up":[{"embeddable":true,"href":"https:\/\/ploullins.fr\/capoeira\/wp-json\/wp\/v2\/pages\/51"}],"wp:attachment":[{"href":"https:\/\/ploullins.fr\/capoeira\/wp-json\/wp\/v2\/media?parent=53"}],"curies":[{"name":"wp","href":"https:\/\/api.w.org\/{rel}","templated":true}]}}