{"id":86,"date":"2014-10-03T15:57:37","date_gmt":"2014-10-03T14:57:37","guid":{"rendered":"http:\/\/ploullins.fr\/capoeira\/?page_id=86"},"modified":"2024-11-13T17:46:01","modified_gmt":"2024-11-13T16:46:01","slug":"contact-patronage-scolaire-laique-doullins-27-rue-diderot-69600-oullins-tel-04-78-51-34-26","status":"publish","type":"page","link":"https:\/\/ploullins.fr\/capoeira\/contact-patronage-scolaire-laique-doullins-27-rue-diderot-69600-oullins-tel-04-78-51-34-26\/","title":{"rendered":"Contact"},"content":{"rendered":"\n<h2 class=\"wp-block-heading\">responsable de section : MR CHOSSINAND THIERRY<\/h2>\n\n\n\n<p>T\u00e9l\u00e9phone : 06.98.95.50.39 <\/p>\n\n\n<h1 style=\"text-align: center\"><em><span style=\"text-decoration: underline;color: #000000\">Patronage Scolaire La\u00efque d\u2019Oullins:<\/span><\/em><\/h1>\n<p style=\"text-align: center\"><span style=\"text-decoration: underline;color: #000000\">\u00a0<\/span><\/p>\n<address><span style=\"color: #000000\">27 rue Diderot 69600 OULLINS\u00a0<\/span><\/address><address><span style=\"color: #000000\">Tel\u00a0: 04.78.51.34.26<\/span><\/address><address>\u00a0<\/address><address>\u00a0<\/address>","protected":false},"excerpt":{"rendered":"<p>responsable de section : MR CHOSSINAND THIERRY T\u00e9l\u00e9phone : 06.98.95.50.39 Patronage Scolaire La\u00efque d\u2019Oullins: \u00a0 27 rue Diderot 69600 OULLINS\u00a0 Tel\u00a0: 04.78.51.34.26 \u00a0 \u00a0<\/p>\n","protected":false},"author":45,"featured_media":0,"parent":0,"menu_order":10,"comment_status":"closed","ping_status":"closed","template":"","meta":{"footnotes":""},"class_list":["post-86","page","type-page","status-publish","hentry","nodate","item-wrap"],"_links":{"self":[{"href":"https:\/\/ploullins.fr\/capoeira\/wp-json\/wp\/v2\/pages\/86","targetHints":{"allow":["GET"]}}],"collection":[{"href":"https:\/\/ploullins.fr\/capoeira\/wp-json\/wp\/v2\/pages"}],"about":[{"href":"https:\/\/ploullins.fr\/capoeira\/wp-json\/wp\/v2\/types\/page"}],"author":[{"embeddable":true,"href":"https:\/\/ploullins.fr\/capoeira\/wp-json\/wp\/v2\/users\/45"}],"replies":[{"embeddable":true,"href":"https:\/\/ploullins.fr\/capoeira\/wp-json\/wp\/v2\/comments?post=86"}],"version-history":[{"count":4,"href":"https:\/\/ploullins.fr\/capoeira\/wp-json\/wp\/v2\/pages\/86\/revisions"}],"predecessor-version":[{"id":602,"href":"https:\/\/ploullins.fr\/capoeira\/wp-json\/wp\/v2\/pages\/86\/revisions\/602"}],"wp:attachment":[{"href":"https:\/\/ploullins.fr\/capoeira\/wp-json\/wp\/v2\/media?parent=86"}],"curies":[{"name":"wp","href":"https:\/\/api.w.org\/{rel}","templated":true}]}}