
{"id":2,"date":"2011-01-28T15:56:07","date_gmt":"2011-01-28T15:56:07","guid":{"rendered":"http:\/\/ploullins.cluster1.easy-hebergement.net\/centenaire\/?page_id=2"},"modified":"2012-05-23T14:27:47","modified_gmt":"2012-05-23T14:27:47","slug":"a-propos","status":"publish","type":"page","link":"https:\/\/ploullins.fr\/centenaire\/","title":{"rendered":"\u00c0 propos"},"content":{"rendered":"<p>Cette espace est d\u00e9di\u00e9 au Centenaire du PLO<\/p>\n<p>Vous trouverez les photos de l&rsquo;exposition r\u00e9alis\u00e9e pour cette occasion , plus les vid\u00e9os , photos , m\u00e9dias etc &#8230; de cette ann\u00e9e du centenaire ainsi que la plaquette 1912-2012.<\/p>\n<p><span style=\"color: #ff0000;\">Tous ces documents sont t\u00e9l\u00e9chargeables et sous licence Cr\u00e9ative Commons CC-BY-NC-ND<\/span><\/p>\n<p>Explication de cette licence : <a title=\"Licences CC\" href=\"http:\/\/fr.wikipedia.org\/wiki\/Licence_Creative_Commons\" target=\"_blank\">ici\u00a0<\/a><\/p>\n<p>Bonne visite &#8230;.<\/p>\n<p><a href=\"http:\/\/ploullins.cluster1.easy-hebergement.net\/centenaire\/files\/2011\/01\/48px-Cc-by_new_white.svg_.png\"><img loading=\"lazy\" decoding=\"async\" class=\"alignleft size-full wp-image-21\" title=\"48px-Cc-by_new_white.svg\" src=\"http:\/\/ploullins.cluster1.easy-hebergement.net\/centenaire\/files\/2011\/01\/48px-Cc-by_new_white.svg_.png\" alt=\"\" width=\"48\" height=\"48\" srcset=\"https:\/\/ploullins.fr\/centenaire\/files\/2011\/01\/48px-Cc-by_new_white.svg_.png 48w, https:\/\/ploullins.fr\/centenaire\/files\/2011\/01\/48px-Cc-by_new_white.svg_-24x24.png 24w, https:\/\/ploullins.fr\/centenaire\/files\/2011\/01\/48px-Cc-by_new_white.svg_-36x36.png 36w\" sizes=\"auto, (max-width: 48px) 100vw, 48px\" \/><\/a><\/p>\n<p><a href=\"http:\/\/ploullins.cluster1.easy-hebergement.net\/centenaire\/files\/2011\/01\/48px-Cc-nc_white.svg_.png\"><img loading=\"lazy\" decoding=\"async\" class=\"alignnone size-full wp-image-22\" title=\"48px-Cc-nc_white.svg\" src=\"http:\/\/ploullins.cluster1.easy-hebergement.net\/centenaire\/files\/2011\/01\/48px-Cc-nc_white.svg_.png\" alt=\"\" width=\"48\" height=\"48\" srcset=\"https:\/\/ploullins.fr\/centenaire\/files\/2011\/01\/48px-Cc-nc_white.svg_.png 48w, https:\/\/ploullins.fr\/centenaire\/files\/2011\/01\/48px-Cc-nc_white.svg_-24x24.png 24w, https:\/\/ploullins.fr\/centenaire\/files\/2011\/01\/48px-Cc-nc_white.svg_-36x36.png 36w\" sizes=\"auto, (max-width: 48px) 100vw, 48px\" \/><\/a>\u00a0<a href=\"http:\/\/ploullins.cluster1.easy-hebergement.net\/centenaire\/files\/2011\/01\/48px-Cc-nd_white.svg_.png\"><img loading=\"lazy\" decoding=\"async\" class=\"alignnone size-full wp-image-23\" title=\"48px-Cc-nd_white.svg\" src=\"http:\/\/ploullins.cluster1.easy-hebergement.net\/centenaire\/files\/2011\/01\/48px-Cc-nd_white.svg_.png\" alt=\"\" width=\"48\" height=\"48\" srcset=\"https:\/\/ploullins.fr\/centenaire\/files\/2011\/01\/48px-Cc-nd_white.svg_.png 48w, https:\/\/ploullins.fr\/centenaire\/files\/2011\/01\/48px-Cc-nd_white.svg_-24x24.png 24w, https:\/\/ploullins.fr\/centenaire\/files\/2011\/01\/48px-Cc-nd_white.svg_-36x36.png 36w\" sizes=\"auto, (max-width: 48px) 100vw, 48px\" \/><\/a><\/p>\n<p>&nbsp;<\/p>\n<p>&nbsp;<\/p>\n<p>&nbsp;<\/p>\n","protected":false},"excerpt":{"rendered":"<p>Cette espace est d\u00e9di\u00e9 au Centenaire du PLO Vous trouverez les photos de l&rsquo;exposition r\u00e9alis\u00e9e pour cette occasion , plus les vid\u00e9os , photos , m\u00e9dias etc &#8230; de cette ann\u00e9e du centenaire ainsi que la plaquette 1912-2012. Tous ces documents sont t\u00e9l\u00e9chargeables et sous licence Cr\u00e9ative Commons CC-BY-NC-ND Explication de cette licence : ici\u00a0 <a href='https:\/\/ploullins.fr\/centenaire\/' class='excerpt-more'>[&#8230;]<\/a><\/p>\n","protected":false},"author":8,"featured_media":0,"parent":0,"menu_order":0,"comment_status":"closed","ping_status":"closed","template":"","meta":{"footnotes":""},"class_list":["post-2","page","type-page","status-publish","hentry","post-seq-1","post-parity-odd","meta-position-corners","fix"],"_links":{"self":[{"href":"https:\/\/ploullins.fr\/centenaire\/wp-json\/wp\/v2\/pages\/2","targetHints":{"allow":["GET"]}}],"collection":[{"href":"https:\/\/ploullins.fr\/centenaire\/wp-json\/wp\/v2\/pages"}],"about":[{"href":"https:\/\/ploullins.fr\/centenaire\/wp-json\/wp\/v2\/types\/page"}],"author":[{"embeddable":true,"href":"https:\/\/ploullins.fr\/centenaire\/wp-json\/wp\/v2\/users\/8"}],"replies":[{"embeddable":true,"href":"https:\/\/ploullins.fr\/centenaire\/wp-json\/wp\/v2\/comments?post=2"}],"version-history":[{"count":4,"href":"https:\/\/ploullins.fr\/centenaire\/wp-json\/wp\/v2\/pages\/2\/revisions"}],"predecessor-version":[{"id":20,"href":"https:\/\/ploullins.fr\/centenaire\/wp-json\/wp\/v2\/pages\/2\/revisions\/20"}],"wp:attachment":[{"href":"https:\/\/ploullins.fr\/centenaire\/wp-json\/wp\/v2\/media?parent=2"}],"curies":[{"name":"wp","href":"https:\/\/api.w.org\/{rel}","templated":true}]}}