{"id":128,"date":"2019-03-26T09:36:51","date_gmt":"2019-03-26T08:36:51","guid":{"rendered":"https:\/\/ploullins.fr\/fitnessbienetre\/?page_id=128"},"modified":"2025-07-01T17:46:59","modified_gmt":"2025-07-01T15:46:59","slug":"dossiers-dinscription","status":"publish","type":"page","link":"https:\/\/ploullins.fr\/fitnessbienetre\/informations-pratiques\/dossiers-dinscription\/","title":{"rendered":"Inscription au PLO fitness &amp; bien-\u00eatre"},"content":{"rendered":"\n<p><\/p>\n\n\n\n<div class=\"wp-block-group\"><div class=\"wp-block-group__inner-container is-layout-flow wp-block-group-is-layout-flow\">\n<h1 class=\"has-text-align-center wp-block-heading\" style=\"font-size:33px\">Votre inscription facilit\u00e9e !<\/h1>\n\n\n\n<p class=\"has-text-align-center\" style=\"font-size:21px\">D\u00e8s maintenant, vous pouvez vous inscrire \u00e0 la saison 2025\/2026 en ligne ! Pour cela, il vous suffit de remplir le PDF ci-dessous directement sur votre ordinateur ou t\u00e9l\u00e9phone portable et de le renvoyer par e-mail : fitnessbienetre@ploullins.fr<\/p>\n\n\n\n<p class=\"has-text-align-center\" style=\"font-size:21px\"> Le r\u00e8glement se fait sur le site comiti du PLO.<\/p>\n\n\n\n<p class=\"has-text-align-center\" style=\"font-size:21px\">Les inscriptions papier sont toujours possibles pour ceux et celles qui ne peuvent pas s&rsquo;inscrire \u00e9lectroniquement.<\/p>\n<\/div><\/div>\n\n\n\n<figure class=\"wp-block-image size-large is-resized\"><img loading=\"lazy\" decoding=\"async\" src=\"https:\/\/ploullins.fr\/fitnessbienetre\/files\/2025\/03\/inscriptions-1024x259.png\" alt=\"\" class=\"wp-image-996\" width=\"1102\" height=\"278\" srcset=\"https:\/\/ploullins.fr\/fitnessbienetre\/files\/2025\/03\/inscriptions-1024x259.png 1024w, https:\/\/ploullins.fr\/fitnessbienetre\/files\/2025\/03\/inscriptions-300x76.png 300w, https:\/\/ploullins.fr\/fitnessbienetre\/files\/2025\/03\/inscriptions-768x194.png 768w, https:\/\/ploullins.fr\/fitnessbienetre\/files\/2025\/03\/inscriptions-1536x388.png 1536w, https:\/\/ploullins.fr\/fitnessbienetre\/files\/2025\/03\/inscriptions-2048x518.png 2048w, https:\/\/ploullins.fr\/fitnessbienetre\/files\/2025\/03\/inscriptions-150x38.png 150w\" sizes=\"auto, (max-width: 1102px) 100vw, 1102px\" \/><\/figure>\n\n\n\n<div class=\"wp-block-buttons aligncenter is-layout-flex wp-block-buttons-is-layout-flex\">\n<div class=\"wp-block-button is-style-outline is-style-outline--1\"><a class=\"wp-block-button__link has-white-color has-electric-grass-gradient-background has-text-color has-background\" href=\"https:\/\/ploullins.fr\/fitnessbienetre\/files\/2025\/07\/FORMULAIRE-2025_2026_4.pdf\" style=\"border-radius:44px\" target=\"_blank\" rel=\"noreferrer noopener\">T\u00e9l\u00e9chargez votre dossier d&rsquo;inscription<\/a><\/div>\n<\/div>\n\n\n\n<p><\/p>\n","protected":false},"excerpt":{"rendered":"<p>Votre inscription facilit\u00e9e ! D\u00e8s maintenant, vous pouvez vous inscrire \u00e0 la saison 2025\/2026 en ligne ! Pour cela, il vous suffit de remplir le PDF ci-dessous directement sur votre ordinateur ou t\u00e9l\u00e9phone portable et de le renvoyer par e-mail : fitnessbienetre@ploullins.fr Le r\u00e8glement se fait sur le site comiti&#8230;<\/p>\n<p class=\"continue-reading-button\"> <a class=\"continue-reading-link\" href=\"https:\/\/ploullins.fr\/fitnessbienetre\/informations-pratiques\/dossiers-dinscription\/\">Suite<i class=\"crycon-right-dir\"><\/i><\/a><\/p>\n","protected":false},"author":43,"featured_media":0,"parent":580,"menu_order":2,"comment_status":"closed","ping_status":"closed","template":"","meta":{"footnotes":""},"class_list":["post-128","page","type-page","status-publish","hentry"],"_links":{"self":[{"href":"https:\/\/ploullins.fr\/fitnessbienetre\/wp-json\/wp\/v2\/pages\/128","targetHints":{"allow":["GET"]}}],"collection":[{"href":"https:\/\/ploullins.fr\/fitnessbienetre\/wp-json\/wp\/v2\/pages"}],"about":[{"href":"https:\/\/ploullins.fr\/fitnessbienetre\/wp-json\/wp\/v2\/types\/page"}],"author":[{"embeddable":true,"href":"https:\/\/ploullins.fr\/fitnessbienetre\/wp-json\/wp\/v2\/users\/43"}],"replies":[{"embeddable":true,"href":"https:\/\/ploullins.fr\/fitnessbienetre\/wp-json\/wp\/v2\/comments?post=128"}],"version-history":[{"count":35,"href":"https:\/\/ploullins.fr\/fitnessbienetre\/wp-json\/wp\/v2\/pages\/128\/revisions"}],"predecessor-version":[{"id":1063,"href":"https:\/\/ploullins.fr\/fitnessbienetre\/wp-json\/wp\/v2\/pages\/128\/revisions\/1063"}],"up":[{"embeddable":true,"href":"https:\/\/ploullins.fr\/fitnessbienetre\/wp-json\/wp\/v2\/pages\/580"}],"wp:attachment":[{"href":"https:\/\/ploullins.fr\/fitnessbienetre\/wp-json\/wp\/v2\/media?parent=128"}],"curies":[{"name":"wp","href":"https:\/\/api.w.org\/{rel}","templated":true}]}}