{"id":585,"date":"2020-09-10T10:24:32","date_gmt":"2020-09-10T08:24:32","guid":{"rendered":"https:\/\/ploullins.fr\/fitnessbienetre\/?page_id=585"},"modified":"2025-06-11T18:45:14","modified_gmt":"2025-06-11T16:45:14","slug":"planning-des-cours","status":"publish","type":"page","link":"https:\/\/ploullins.fr\/fitnessbienetre\/informations-pratiques\/planning-des-cours\/","title":{"rendered":"Planning des cours 2025 &#8211; 2026"},"content":{"rendered":"\n<figure class=\"wp-block-image size-large is-resized\"><img loading=\"lazy\" decoding=\"async\" src=\"https:\/\/ploullins.fr\/fitnessbienetre\/files\/2025\/06\/emploi-du-temps-1-1024x664.png\" alt=\"\" class=\"wp-image-1033\" width=\"954\" height=\"618\" srcset=\"https:\/\/ploullins.fr\/fitnessbienetre\/files\/2025\/06\/emploi-du-temps-1-1024x664.png 1024w, https:\/\/ploullins.fr\/fitnessbienetre\/files\/2025\/06\/emploi-du-temps-1-300x194.png 300w, https:\/\/ploullins.fr\/fitnessbienetre\/files\/2025\/06\/emploi-du-temps-1-768x498.png 768w, https:\/\/ploullins.fr\/fitnessbienetre\/files\/2025\/06\/emploi-du-temps-1-1536x996.png 1536w, https:\/\/ploullins.fr\/fitnessbienetre\/files\/2025\/06\/emploi-du-temps-1-2048x1328.png 2048w, https:\/\/ploullins.fr\/fitnessbienetre\/files\/2025\/06\/emploi-du-temps-1-150x97.png 150w\" sizes=\"auto, (max-width: 954px) 100vw, 954px\" \/><\/figure>\n\n\n<ul>\n<li><strong>Les cours ne peuvent \u00eatre assur\u00e9s s&rsquo;il y a moins de 5 personnes pr\u00e9sentes en fonction des disciplines (cours annul\u00e9 faute de participants);&nbsp;<\/strong><\/li>\n<li><strong>Pour chaque cours les instructeurs ont mis en place des groupes whatsapp pour pouvoir communiquer uniquement sur le fonctionnement du cours ( ex: annulation ou d\u00e9placement d&rsquo;un cours etc&#8230;). <\/strong><em><span style=\"color: #ff0000\">Si vous avez besoin de correspondre avec celui-ci pour des raisons personnelles merci de lui envoyez un message directement sans encombrer le groupe whatsapp !<\/span><\/em><\/li>\n<\/ul>\n<p><em>Les adresses pr\u00e9cises de chaque lieu \u00e0 Oullins&nbsp; o\u00f9 les cours se d\u00e9roulent:<\/em><\/p>\n<p><em>&nbsp; &nbsp; &nbsp; &nbsp;&#8211; Dojo du PLO: 27 rue Diderot<\/em><\/p>\n<p><em>&nbsp; &nbsp; &nbsp; &nbsp;&#8211;&nbsp;Salle Gourland du PLO: 27 rue Diderot<\/em><\/p>\n<p><em>&nbsp;<\/em><em>&nbsp; &nbsp; &nbsp;&nbsp; &#8211; Gymnase Jean Mac\u00e9: 52 rue Fleury<\/em><\/p>","protected":false},"excerpt":{"rendered":"<p>Les cours ne peuvent \u00eatre assur\u00e9s s&rsquo;il y a moins de 5 personnes pr\u00e9sentes en fonction des disciplines (cours annul\u00e9 faute de participants);&nbsp; Pour chaque cours les instructeurs ont mis en place des groupes whatsapp pour pouvoir communiquer uniquement sur le fonctionnement du cours ( ex: annulation ou d\u00e9placement d&rsquo;un&#8230;<\/p>\n<p class=\"continue-reading-button\"> <a class=\"continue-reading-link\" href=\"https:\/\/ploullins.fr\/fitnessbienetre\/informations-pratiques\/planning-des-cours\/\">Suite<i class=\"crycon-right-dir\"><\/i><\/a><\/p>\n","protected":false},"author":43,"featured_media":0,"parent":580,"menu_order":1,"comment_status":"closed","ping_status":"closed","template":"","meta":{"footnotes":""},"class_list":["post-585","page","type-page","status-publish","hentry"],"_links":{"self":[{"href":"https:\/\/ploullins.fr\/fitnessbienetre\/wp-json\/wp\/v2\/pages\/585","targetHints":{"allow":["GET"]}}],"collection":[{"href":"https:\/\/ploullins.fr\/fitnessbienetre\/wp-json\/wp\/v2\/pages"}],"about":[{"href":"https:\/\/ploullins.fr\/fitnessbienetre\/wp-json\/wp\/v2\/types\/page"}],"author":[{"embeddable":true,"href":"https:\/\/ploullins.fr\/fitnessbienetre\/wp-json\/wp\/v2\/users\/43"}],"replies":[{"embeddable":true,"href":"https:\/\/ploullins.fr\/fitnessbienetre\/wp-json\/wp\/v2\/comments?post=585"}],"version-history":[{"count":23,"href":"https:\/\/ploullins.fr\/fitnessbienetre\/wp-json\/wp\/v2\/pages\/585\/revisions"}],"predecessor-version":[{"id":1035,"href":"https:\/\/ploullins.fr\/fitnessbienetre\/wp-json\/wp\/v2\/pages\/585\/revisions\/1035"}],"up":[{"embeddable":true,"href":"https:\/\/ploullins.fr\/fitnessbienetre\/wp-json\/wp\/v2\/pages\/580"}],"wp:attachment":[{"href":"https:\/\/ploullins.fr\/fitnessbienetre\/wp-json\/wp\/v2\/media?parent=585"}],"curies":[{"name":"wp","href":"https:\/\/api.w.org\/{rel}","templated":true}]}}