{"id":941,"date":"2024-09-01T15:30:27","date_gmt":"2024-09-01T13:30:27","guid":{"rendered":"https:\/\/ploullins.fr\/fitnessbienetre\/?page_id=941"},"modified":"2024-09-02T17:28:10","modified_gmt":"2024-09-02T15:28:10","slug":"tai-chi-chuan","status":"publish","type":"page","link":"https:\/\/ploullins.fr\/fitnessbienetre\/activites\/tai-chi-chuan\/","title":{"rendered":"TAI CHI CHUAN"},"content":{"rendered":"\n<p>Originaire de Chine, le Tai Chi Chuan (\u00ab&nbsp;Boxe du Fait Supr\u00eame&nbsp;\u00bb ) est un art martial dit \u00ab&nbsp;interne&nbsp;\u00bb int\u00e9gr\u00e9 \u00e0 la m\u00e9decine chinoise.<\/p>\n\n\n\n<p>En effet, en plus de d\u00e9velopper l\u2019\u00e9nergie, notamment interne (le Qi), tout mouvement dans le Tai Chi peut entra\u00eener une application martiale.<\/p>\n\n\n\n<p>Les objectifs de cette pratique visent \u00e0 am\u00e9liorer la sant\u00e9 (plan pr\u00e9ventif) et les qualit\u00e9s physiques, notamment la coordination, la souplesse et l\u2019\u00e9quilibre, ayant pour finalit\u00e9 (avec l\u2019entra\u00eenement et l\u2019exp\u00e9rience) l\u2019efficacit\u00e9 au combat.<\/p>\n\n\n\n<p>Le Tai Chi de style Chen enseign\u00e9 intercale des transitions lentes et dynamiques, au travers d\u2019un encha\u00eenement pouvant aller jusqu\u2019\u00e0 74 mouvements, apr\u00e8s plusieurs ann\u00e9es de pratique.<\/p>\n\n\n\n<p>Les bienfaits du Tai Chi peuvent se faire ressentir assez rapidement sur le bien-\u00eatre physique et mental entra\u00eenant une plus grande confiance et ma\u00eetrise de soi.<\/p>\n\n\n\n<p>Aucune capacit\u00e9 physique particuli\u00e8re n\u2019est requise, mais l\u2019apprentissage du Tai Chi demande, patience, pers\u00e9v\u00e9rance et r\u00e9gularit\u00e9.<\/p>\n\n\n\n<p><strong>Rejoignez-nous \u00e0 la d\u00e9couverte de cet art martial ancestral, tonique et tr\u00e8s complet o\u00f9 toutes les parties de votre corps seront sollicit\u00e9es et simultan\u00e9ment en mouvement !<\/strong><\/p>\n","protected":false},"excerpt":{"rendered":"<p>Originaire de Chine, le Tai Chi Chuan (\u00ab&nbsp;Boxe du Fait Supr\u00eame&nbsp;\u00bb ) est un art martial dit \u00ab&nbsp;interne&nbsp;\u00bb int\u00e9gr\u00e9 \u00e0 la m\u00e9decine chinoise. En effet, en plus de d\u00e9velopper l\u2019\u00e9nergie, notamment interne (le Qi), tout mouvement dans le Tai Chi peut entra\u00eener une application martiale. Les objectifs de cette pratique&#8230;<\/p>\n<p class=\"continue-reading-button\"> <a class=\"continue-reading-link\" href=\"https:\/\/ploullins.fr\/fitnessbienetre\/activites\/tai-chi-chuan\/\">Suite<i class=\"crycon-right-dir\"><\/i><\/a><\/p>\n","protected":false},"author":43,"featured_media":0,"parent":545,"menu_order":0,"comment_status":"closed","ping_status":"closed","template":"","meta":{"footnotes":""},"class_list":["post-941","page","type-page","status-publish","hentry"],"_links":{"self":[{"href":"https:\/\/ploullins.fr\/fitnessbienetre\/wp-json\/wp\/v2\/pages\/941","targetHints":{"allow":["GET"]}}],"collection":[{"href":"https:\/\/ploullins.fr\/fitnessbienetre\/wp-json\/wp\/v2\/pages"}],"about":[{"href":"https:\/\/ploullins.fr\/fitnessbienetre\/wp-json\/wp\/v2\/types\/page"}],"author":[{"embeddable":true,"href":"https:\/\/ploullins.fr\/fitnessbienetre\/wp-json\/wp\/v2\/users\/43"}],"replies":[{"embeddable":true,"href":"https:\/\/ploullins.fr\/fitnessbienetre\/wp-json\/wp\/v2\/comments?post=941"}],"version-history":[{"count":3,"href":"https:\/\/ploullins.fr\/fitnessbienetre\/wp-json\/wp\/v2\/pages\/941\/revisions"}],"predecessor-version":[{"id":955,"href":"https:\/\/ploullins.fr\/fitnessbienetre\/wp-json\/wp\/v2\/pages\/941\/revisions\/955"}],"up":[{"embeddable":true,"href":"https:\/\/ploullins.fr\/fitnessbienetre\/wp-json\/wp\/v2\/pages\/545"}],"wp:attachment":[{"href":"https:\/\/ploullins.fr\/fitnessbienetre\/wp-json\/wp\/v2\/media?parent=941"}],"curies":[{"name":"wp","href":"https:\/\/api.w.org\/{rel}","templated":true}]}}