{"id":1182,"date":"2019-04-27T13:37:32","date_gmt":"2019-04-27T12:37:32","guid":{"rendered":"https:\/\/ploullins.fr\/grs\/?page_id=1182"},"modified":"2020-02-05T13:39:08","modified_gmt":"2020-02-05T12:39:08","slug":"le-club-du-plo-grs","status":"publish","type":"page","link":"https:\/\/ploullins.fr\/grs\/le-club\/le-club-du-plo-grs\/","title":{"rendered":"Le Club du PLO-GRS"},"content":{"rendered":"<p style=\"text-align: left\"><span style=\"font-family: 'comic sans ms', sans-serif\">C\u2019est en <span style=\"background-color: #3366ff;color: #ffffff\"><strong>1993<\/strong><\/span><span style=\"color: #ffffff\"><strong><span style=\"background-color: #ffffff\">\u00a0<\/span><\/strong><\/span>que la section\u00a0GRS, voit le jour sous l\u2019impulsion de Pierre Halbardier, rapidement accompagn\u00e9 par Fran\u00e7ois Sanchez puis Jocelyne Haussler.<\/span><\/p>\n<p style=\"text-align: left\"><span style=\"font-family: 'comic sans ms', sans-serif\">Elle a \u00e9t\u00e9 cr\u00e9\u00e9e au sein du <a href=\"https:\/\/ploullins.fr\/\">Patronage <strong>La\u00efque<\/strong> d\u2019Oullins<\/a><strong>, une association importante de la vie culturelle et sportive d&rsquo;Oullins.<\/strong><\/span><\/p>\n<p style=\"text-align: left\"><span style=\"font-family: 'comic sans ms', sans-serif\">Aujourd\u2019hui, ce sont quelques <span style=\"color: #0000ff\"><strong>81\u00a0gymnastes de 5 \u00e0 25 ans <\/strong><\/span>qui progressent sous l\u2019\u0153il expert et bienveillant de <span style=\"color: #3366ff\"><strong>11 monitrices et\u00a0 5 aides monitrices.<\/strong><\/span><\/span><\/p>\n<p style=\"text-align: left\"><span style=\"font-family: 'comic sans ms', sans-serif\">En loisir ou en comp\u00e9tition, chacun(e) peut \u00e9voluer au rythme qui lui convient.<\/span><\/p>\n<p style=\"text-align: left\"><span style=\"font-family: 'comic sans ms', sans-serif\">Les<strong> entra\u00eenements<\/strong> se d\u00e9roulent du lundi au samedi, soit au<strong> Gymnase Herzog,<\/strong> soit au <strong>COSEC<\/strong> du Parc\u00a0 Chabri\u00e8res.<\/span><\/p>\n<p style=\"text-align: left\"><span style=\"font-family: 'comic sans ms', sans-serif\">La section organise \u00e9galement des<span style=\"color: #00ccff\"><strong> stages de perfectionnement et de d\u00e9couverte<\/strong><\/span> \u00e0 l\u2019automne et au printemps.<\/span><\/p>\n<p style=\"text-align: left\"><span style=\"font-family: 'comic sans ms', sans-serif\">Les \u00e9v\u00e9nements \u2013 <strong>repr\u00e9sentations, gala, comp\u00e9titions<\/strong> \u2013 ponctuent l\u2019ann\u00e9e et permettent \u00e0 chaque gymnaste de pr\u00e9senter son sport.<\/span><\/p>\n<p style=\"text-align: left\"><span style=\"font-family: 'comic sans ms', sans-serif\">Affili\u00e9 \u00e0 l<strong>\u2019<\/strong><a href=\"http:\/\/www.ufolep.org\/\"><strong>UFOLEP<\/strong><\/a>, le PLO-GRS occupe place reconnue au sein de la f\u00e9d\u00e9ration, et chaque ann\u00e9e, ce sont plusieurs \u00e9quipes et gymnastes en individuel qui se qualifient pour le championnat national.<\/span><\/p>\n<p style=\"text-align: left\"><span style=\"font-family: 'comic sans ms', sans-serif\">Tr\u00e8s attach\u00e9s aux valeurs de plaisir et de solidarit\u00e9 dans l\u2019activit\u00e9 sportive, les responsables de la\u00a0<\/span><span style=\"font-family: 'comic sans ms', sans-serif\">section portent une attention particuli\u00e8re \u00e0 la coh\u00e9sion et \u00e0 la transmission entre les plus \u00a0exp\u00e9riment\u00e9(e)s et les plus jeunes. Ainsi\u00a0 la section offre une<span style=\"color: #3366ff\"><strong> formation dipl\u00f4mante<\/strong><\/span> aux gymnastes d\u00e9sireux(ses)\u00a0 de prendre, \u00e0\u00a0 leur tour, un r\u00f4le d\u2019entra\u00eeneur ou de juge en comp\u00e9tition.<\/span><\/p>\n<p style=\"text-align: left\"><span style=\"font-family: 'comic sans ms', sans-serif\">Et c\u2019est gr\u00e2ce \u00e0 l\u2019investissement au quotidien de 10 parents b\u00e9n\u00e9voles, ainsi qu&rsquo;avec l\u2019appui de chaque parent, que la section fonctionne et fait rayonner la GRS dans tout le sud-ouest de la m\u00e9tropole lyonnaise. N\u2019oublions pas\u00a0le <span style=\"color: #000080\"><strong>P<\/strong>atronage <strong>L<\/strong>a\u00efque d\u2019<strong>O<\/strong>ullins<\/span>,\u00a0sans qui elle ne pourrait exister.<\/span><\/p>\n<p>&nbsp;<\/p>\n","protected":false},"excerpt":{"rendered":"<p>C\u2019est en 1993\u00a0que la section\u00a0GRS, voit le jour sous l\u2019impulsion de Pierre Halbardier, rapidement accompagn\u00e9 par Fran\u00e7ois Sanchez puis Jocelyne Haussler. Elle a \u00e9t\u00e9 cr\u00e9\u00e9e au sein du Patronage La\u00efque d\u2019Oullins, une association importante de la vie culturelle et sportive d&rsquo;Oullins. Aujourd\u2019hui, ce sont quelques 81\u00a0gymnastes de 5 \u00e0 25 ans qui progressent sous l\u2019\u0153il<br \/><a class=\"moretag\" href=\"https:\/\/ploullins.fr\/grs\/le-club\/le-club-du-plo-grs\/\">+ Lire Plus<\/a><\/p>\n","protected":false},"author":5,"featured_media":0,"parent":1191,"menu_order":2,"comment_status":"closed","ping_status":"closed","template":"","meta":{"footnotes":""},"class_list":["post-1182","page","type-page","status-publish","hentry"],"_links":{"self":[{"href":"https:\/\/ploullins.fr\/grs\/wp-json\/wp\/v2\/pages\/1182","targetHints":{"allow":["GET"]}}],"collection":[{"href":"https:\/\/ploullins.fr\/grs\/wp-json\/wp\/v2\/pages"}],"about":[{"href":"https:\/\/ploullins.fr\/grs\/wp-json\/wp\/v2\/types\/page"}],"author":[{"embeddable":true,"href":"https:\/\/ploullins.fr\/grs\/wp-json\/wp\/v2\/users\/5"}],"replies":[{"embeddable":true,"href":"https:\/\/ploullins.fr\/grs\/wp-json\/wp\/v2\/comments?post=1182"}],"version-history":[{"count":9,"href":"https:\/\/ploullins.fr\/grs\/wp-json\/wp\/v2\/pages\/1182\/revisions"}],"predecessor-version":[{"id":1898,"href":"https:\/\/ploullins.fr\/grs\/wp-json\/wp\/v2\/pages\/1182\/revisions\/1898"}],"up":[{"embeddable":true,"href":"https:\/\/ploullins.fr\/grs\/wp-json\/wp\/v2\/pages\/1191"}],"wp:attachment":[{"href":"https:\/\/ploullins.fr\/grs\/wp-json\/wp\/v2\/media?parent=1182"}],"curies":[{"name":"wp","href":"https:\/\/api.w.org\/{rel}","templated":true}]}}