{"id":1193,"date":"2019-04-27T17:23:11","date_gmt":"2019-04-27T16:23:11","guid":{"rendered":"https:\/\/ploullins.fr\/grs\/?page_id=1193"},"modified":"2024-02-05T16:29:18","modified_gmt":"2024-02-05T15:29:18","slug":"la-ville-doullins","status":"publish","type":"page","link":"https:\/\/ploullins.fr\/grs\/le-club\/la-ville-doullins\/","title":{"rendered":"La ville d&rsquo;Oullins"},"content":{"rendered":"<p style=\"text-align: center\"><img loading=\"lazy\" decoding=\"async\" class=\"alignright wp-image-1437\" src=\"https:\/\/ploullins.fr\/grs\/files\/2019\/04\/csm_vue_aerienne_5_090c8cbfbb-300x196.jpg\" alt=\"\" width=\"400\" height=\"261\" srcset=\"https:\/\/ploullins.fr\/grs\/files\/2019\/04\/csm_vue_aerienne_5_090c8cbfbb-300x196.jpg 300w, https:\/\/ploullins.fr\/grs\/files\/2019\/04\/csm_vue_aerienne_5_090c8cbfbb-768x501.jpg 768w, https:\/\/ploullins.fr\/grs\/files\/2019\/04\/csm_vue_aerienne_5_090c8cbfbb.jpg 970w\" sizes=\"auto, (max-width: 400px) 100vw, 400px\" \/><\/p>\n<p style=\"text-align: left\">Situ\u00e9e \u00e0 6km au sud-ouest de Lyon, dans la proche agglom\u00e9ration, la ville d&rsquo;Oullins comprend 26 750 habitants.<\/p>\n<p style=\"text-align: left\">Oullins est caract\u00e9ris\u00e9e par sa Grande rue de 1,5 km avec plus de 200 commerces : c\u2019est le 7<sup>e<\/sup> p\u00f4le commercial de l\u2019agglom\u00e9ration lyonnaise.<\/p>\n<p style=\"text-align: left\">Depuis une dizaine d\u2019ann\u00e9es, la Ville a entrepris un r\u00e9am\u00e9nagement urbain d&rsquo;envergure.avec la\u00a0revalorisation des espaces urbains\u00a0 et le\u00a0<a class=\"internal-link\" title=\"Ouvre un lien interne dans la fen\u00eatre courante\" href=\"http:\/\/www.oullins.fr\/services-demarches\/deplacements\/transports-en-commun-314.html\">prolongement la ligne de m\u00e9tro B<\/a>.<\/p>\n<p style=\"text-align: left\">C&rsquo;\u00a0est une ville tr\u00e8s dynamique comptant pas moins de 60 associations sportives dont certaines \u00e9voluent en comp\u00e9tition nationale.<\/p>\n<p style=\"text-align: center\"><a href=\"https:\/\/ploullins.fr\/grs\/files\/2019\/04\/csm_vue_aerienne_5_090c8cbfbb.jpg\">\u00a0<\/a><\/p>\n","protected":false},"excerpt":{"rendered":"<p>Situ\u00e9e \u00e0 6km au sud-ouest de Lyon, dans la proche agglom\u00e9ration, la ville d&rsquo;Oullins comprend 26 750 habitants. Oullins est caract\u00e9ris\u00e9e par sa Grande rue de 1,5 km avec plus de 200 commerces : c\u2019est le 7e p\u00f4le commercial de l\u2019agglom\u00e9ration lyonnaise. Depuis une dizaine d\u2019ann\u00e9es, la Ville a entrepris un r\u00e9am\u00e9nagement urbain d&rsquo;envergure.avec la\u00a0revalorisation<br \/><a class=\"moretag\" href=\"https:\/\/ploullins.fr\/grs\/le-club\/la-ville-doullins\/\">+ Lire Plus<\/a><\/p>\n","protected":false},"author":5,"featured_media":0,"parent":1191,"menu_order":1,"comment_status":"closed","ping_status":"closed","template":"","meta":{"footnotes":""},"class_list":["post-1193","page","type-page","status-publish","hentry"],"_links":{"self":[{"href":"https:\/\/ploullins.fr\/grs\/wp-json\/wp\/v2\/pages\/1193","targetHints":{"allow":["GET"]}}],"collection":[{"href":"https:\/\/ploullins.fr\/grs\/wp-json\/wp\/v2\/pages"}],"about":[{"href":"https:\/\/ploullins.fr\/grs\/wp-json\/wp\/v2\/types\/page"}],"author":[{"embeddable":true,"href":"https:\/\/ploullins.fr\/grs\/wp-json\/wp\/v2\/users\/5"}],"replies":[{"embeddable":true,"href":"https:\/\/ploullins.fr\/grs\/wp-json\/wp\/v2\/comments?post=1193"}],"version-history":[{"count":6,"href":"https:\/\/ploullins.fr\/grs\/wp-json\/wp\/v2\/pages\/1193\/revisions"}],"predecessor-version":[{"id":2308,"href":"https:\/\/ploullins.fr\/grs\/wp-json\/wp\/v2\/pages\/1193\/revisions\/2308"}],"up":[{"embeddable":true,"href":"https:\/\/ploullins.fr\/grs\/wp-json\/wp\/v2\/pages\/1191"}],"wp:attachment":[{"href":"https:\/\/ploullins.fr\/grs\/wp-json\/wp\/v2\/media?parent=1193"}],"curies":[{"name":"wp","href":"https:\/\/api.w.org\/{rel}","templated":true}]}}