{"id":1196,"date":"2019-04-27T17:23:56","date_gmt":"2019-04-27T16:23:56","guid":{"rendered":"https:\/\/ploullins.fr\/grs\/?page_id=1196"},"modified":"2023-11-15T15:30:07","modified_gmt":"2023-11-15T14:30:07","slug":"le-bureau","status":"publish","type":"page","link":"https:\/\/ploullins.fr\/grs\/le-club\/le-bureau\/","title":{"rendered":"Le bureau"},"content":{"rendered":"<p style=\"text-align: center\"><a href=\"https:\/\/ploullins.fr\/grs\/files\/2019\/04\/bureau-2020_2021.jpg\">&nbsp;<\/a><\/p>\n<p style=\"text-align: center\"><span style=\"color: #ff0000\">Le bureau est compos\u00e9 de parents b\u00e9n\u00e9voles. <\/span><\/p>\n<p style=\"text-align: center\"><span style=\"color: #ff0000\">Tous les nouveaux b\u00e9n\u00e9voles et les nouvelles id\u00e9es sont les bienvenus. N&rsquo;h\u00e9sitez pas \u00e0 nous rejoindre !<\/span><\/p>\n<p><\/p>\n\n\n<figure class=\"wp-block-image size-large\"><img loading=\"lazy\" decoding=\"async\" width=\"1024\" height=\"762\" src=\"https:\/\/ploullins.fr\/grs\/files\/2023\/11\/Capture-decran-2023-11-15-a-15.28.53-1024x762.png\" alt=\"\" class=\"wp-image-2304\" srcset=\"https:\/\/ploullins.fr\/grs\/files\/2023\/11\/Capture-decran-2023-11-15-a-15.28.53-1024x762.png 1024w, https:\/\/ploullins.fr\/grs\/files\/2023\/11\/Capture-decran-2023-11-15-a-15.28.53-300x223.png 300w, https:\/\/ploullins.fr\/grs\/files\/2023\/11\/Capture-decran-2023-11-15-a-15.28.53-768x572.png 768w, https:\/\/ploullins.fr\/grs\/files\/2023\/11\/Capture-decran-2023-11-15-a-15.28.53-1536x1144.png 1536w, https:\/\/ploullins.fr\/grs\/files\/2023\/11\/Capture-decran-2023-11-15-a-15.28.53-2048x1525.png 2048w\" sizes=\"auto, (max-width: 1024px) 100vw, 1024px\" \/><\/figure>\n\n\n\n<p><\/p>\n\n\n\n<figure class=\"wp-block-image size-large\"><img decoding=\"async\" src=\"https:\/\/ploullins.fr\/d814fbcb-9b79-4cb7-825c-537f0e99ef99\" alt=\"\" \/><\/figure>\n","protected":false},"excerpt":{"rendered":"<p>&nbsp; Le bureau est compos\u00e9 de parents b\u00e9n\u00e9voles. Tous les nouveaux b\u00e9n\u00e9voles et les nouvelles id\u00e9es sont les bienvenus. N&rsquo;h\u00e9sitez pas \u00e0 nous rejoindre !<\/p>\n","protected":false},"author":5,"featured_media":0,"parent":1191,"menu_order":3,"comment_status":"closed","ping_status":"closed","template":"","meta":{"footnotes":""},"class_list":["post-1196","page","type-page","status-publish","hentry"],"_links":{"self":[{"href":"https:\/\/ploullins.fr\/grs\/wp-json\/wp\/v2\/pages\/1196","targetHints":{"allow":["GET"]}}],"collection":[{"href":"https:\/\/ploullins.fr\/grs\/wp-json\/wp\/v2\/pages"}],"about":[{"href":"https:\/\/ploullins.fr\/grs\/wp-json\/wp\/v2\/types\/page"}],"author":[{"embeddable":true,"href":"https:\/\/ploullins.fr\/grs\/wp-json\/wp\/v2\/users\/5"}],"replies":[{"embeddable":true,"href":"https:\/\/ploullins.fr\/grs\/wp-json\/wp\/v2\/comments?post=1196"}],"version-history":[{"count":14,"href":"https:\/\/ploullins.fr\/grs\/wp-json\/wp\/v2\/pages\/1196\/revisions"}],"predecessor-version":[{"id":2305,"href":"https:\/\/ploullins.fr\/grs\/wp-json\/wp\/v2\/pages\/1196\/revisions\/2305"}],"up":[{"embeddable":true,"href":"https:\/\/ploullins.fr\/grs\/wp-json\/wp\/v2\/pages\/1191"}],"wp:attachment":[{"href":"https:\/\/ploullins.fr\/grs\/wp-json\/wp\/v2\/media?parent=1196"}],"curies":[{"name":"wp","href":"https:\/\/api.w.org\/{rel}","templated":true}]}}