{"id":1209,"date":"2019-04-27T18:12:11","date_gmt":"2019-04-27T17:12:11","guid":{"rendered":"https:\/\/ploullins.fr\/grs\/?page_id=1209"},"modified":"2019-04-27T18:15:03","modified_gmt":"2019-04-27T17:15:03","slug":"f-a-q","status":"publish","type":"page","link":"https:\/\/ploullins.fr\/grs\/presentation\/f-a-q\/","title":{"rendered":"F.A.Q"},"content":{"rendered":"<ul>\n<li><span style=\"color: #0000ff\"><strong>A partir de quel \u00e2ge ma fille\/mon fils peut-elle\/il faire de la comp\u00e9tition?<\/strong><\/span><\/li>\n<\/ul>\n<p><span style=\"color: #0000ff\">Les \u00ab\u00a0gyms\u00a0\u00bb peuvent faire de la comp\u00e9tition \u00e0 partir de 7 ans en \u00ab\u00a0Challenge Jeunesse\u00a0\u00bb (CJ) et en circuit national \u00e0 partir de 11 ans.<\/span><\/p>\n<ul>\n<li><span style=\"color: #800080\"><strong>Quelle est la diff\u00e9rence entre circuit jeunesse et circuit national\u00a0?<\/strong><\/span><\/li>\n<\/ul>\n<p><span style=\"color: #800080\">Le circuit jeunesse concerne les jeunes de 7 \u00e0 10 ans. Il n&rsquo;y a que 2 comp\u00e9titions\u00a0: la comp\u00e9tition d\u00e9partementale et la comp\u00e9tition r\u00e9gionale. Ensuite l&rsquo;UFOLEP propose une comp\u00e9tition \u00ab\u00a0semi nationale partageant la France en 2 mais le GRS-PLO n&rsquo;y participe pas car trop compliqu\u00e9 pour les plus jeunes (trop loin&#8230;). Le circuit national commence d\u00e8s l\u2019\u00e2ge de 11 ans.<\/span><\/p>\n<ul>\n<li><span style=\"color: #3366ff\"><strong>Mon enfant sera-t-il oblig\u00e9 de faire de la comp\u00e9tition un jour ?<\/strong><\/span><\/li>\n<\/ul>\n<p><span style=\"color: #3366ff\">La comp\u00e9tition n&rsquo;est pas du tout obligatoire entre 5 et 12 ans mais \u00e0 la GRS-PLO il n&rsquo;y a plus de groupe de loisirs de 11 ans et plus.<\/span><\/p>\n<ul>\n<li><span style=\"color: #800080\"><strong>Comment fonctionnent les comp\u00e9titions\u00a0UFOLEP ?<\/strong><\/span><\/li>\n<\/ul>\n<p><span style=\"color: #800080\">Le circuit national concerne les Gyms de 11 ans et plus. Il y a un championnat individuel et un championnat par \u00e9quipe avec 2 comp\u00e9titions\/an minimum voir trois si qualification au championnat national.<\/span><\/p>\n<p><span style=\"color: #800080\">La participation en Individuel n&rsquo;est possible qu&rsquo;apr\u00e8s avis des monitrices et il faut que\u00a0 les gymnastes soient en cat\u00e9gorie Pr\u00e9-collectif minimum.<\/span><\/p>\n<p><span style=\"color: #800080\">Les cat\u00e9gories, dans l\u2019ordre, des plus petit(e)s , aux plus grand(e)s\u00a0:<\/span><\/p>\n<ul>\n<li><span style=\"color: #800080\">Masse chor\u00e9grafi\u00e9 pour les jeunes de 11 ans \u00e0 14 ans maximum<\/span><\/li>\n<li><span style=\"color: #800080\">Pr\u00e9-collectif<\/span><\/li>\n<li><span style=\"color: #800080\">le Pr\u00e9-excellence<\/span><\/li>\n<li><span style=\"color: #800080\">Excellence<\/span><\/li>\n<li><span style=\"color: #800080\">National<\/span><\/li>\n<li><span style=\"color: #800080\">National B<\/span><\/li>\n<li><span style=\"color: #800080\">National A<\/span><\/li>\n<\/ul>\n","protected":false},"excerpt":{"rendered":"<p>A partir de quel \u00e2ge ma fille\/mon fils peut-elle\/il faire de la comp\u00e9tition? Les \u00ab\u00a0gyms\u00a0\u00bb peuvent faire de la comp\u00e9tition \u00e0 partir de 7 ans en \u00ab\u00a0Challenge Jeunesse\u00a0\u00bb (CJ) et en circuit national \u00e0 partir de 11 ans. Quelle est la diff\u00e9rence entre circuit jeunesse et circuit national\u00a0? Le circuit jeunesse concerne les jeunes de<br \/><a class=\"moretag\" href=\"https:\/\/ploullins.fr\/grs\/presentation\/f-a-q\/\">+ Lire Plus<\/a><\/p>\n","protected":false},"author":5,"featured_media":0,"parent":1048,"menu_order":2,"comment_status":"closed","ping_status":"closed","template":"","meta":{"footnotes":""},"class_list":["post-1209","page","type-page","status-publish","hentry"],"_links":{"self":[{"href":"https:\/\/ploullins.fr\/grs\/wp-json\/wp\/v2\/pages\/1209","targetHints":{"allow":["GET"]}}],"collection":[{"href":"https:\/\/ploullins.fr\/grs\/wp-json\/wp\/v2\/pages"}],"about":[{"href":"https:\/\/ploullins.fr\/grs\/wp-json\/wp\/v2\/types\/page"}],"author":[{"embeddable":true,"href":"https:\/\/ploullins.fr\/grs\/wp-json\/wp\/v2\/users\/5"}],"replies":[{"embeddable":true,"href":"https:\/\/ploullins.fr\/grs\/wp-json\/wp\/v2\/comments?post=1209"}],"version-history":[{"count":1,"href":"https:\/\/ploullins.fr\/grs\/wp-json\/wp\/v2\/pages\/1209\/revisions"}],"predecessor-version":[{"id":1210,"href":"https:\/\/ploullins.fr\/grs\/wp-json\/wp\/v2\/pages\/1209\/revisions\/1210"}],"up":[{"embeddable":true,"href":"https:\/\/ploullins.fr\/grs\/wp-json\/wp\/v2\/pages\/1048"}],"wp:attachment":[{"href":"https:\/\/ploullins.fr\/grs\/wp-json\/wp\/v2\/media?parent=1209"}],"curies":[{"name":"wp","href":"https:\/\/api.w.org\/{rel}","templated":true}]}}