{"id":1372,"date":"2019-05-05T14:10:25","date_gmt":"2019-05-05T13:10:25","guid":{"rendered":"https:\/\/ploullins.fr\/grs\/?page_id=1372"},"modified":"2019-05-05T14:30:57","modified_gmt":"2019-05-05T13:30:57","slug":"photos-2018-2019","status":"publish","type":"page","link":"https:\/\/ploullins.fr\/grs\/photos\/photos-2018-2019\/","title":{"rendered":"Photos 2018\/2019"},"content":{"rendered":"<p style=\"text-align: center\">Voici quelques photos souvenirs de la saison 2018-19<\/p>\n<p style=\"text-align: center\">\t\t<link href=\"https:\/\/ploullins.fr\/grs\/wp-content\/plugins\/slideshow-ck\/themes\/default\/css\/camera.css\" rel=\"stylesheet\" type=\"text\/css\" \/>\n\t\t<style type=\"text\/css\">\n\t\t\t#camera_wrap_1374 .camera_pag_ul li img, #camera_wrap_1374 .camera_thumbs_cont ul li img {\n\t\t\t\theight:100px;\n\t\t\t\twidth: auto;\n\t\t\t}\n\t\t\t#camera_wrap_1374 .camera_caption {\n\t\t\t\tdisplay: block;\n\t\t\t\tposition: absolute;\n\t\t\t}\n\t\t\t#camera_wrap_1374 .camera_caption a.camera_caption_link {\n\t\t\t\tdisplay: block;\n\t\t\t\tposition: absolute;\n\t\t\t\tleft: 0;\n\t\t\t\tright: 0;\n\t\t\t\ttop: 0;\n\t\t\t\tbottom: 0;\n\t\t\t}\n\t\t\t#camera_wrap_1374 .camera_caption > div {\n\t\t\t\tbackground: #000000;\t\t\t}\n\t\t\t#camera_wrap_1374 .camera_caption div.camera_caption_title {\n\t\t\t\tfont-size: 18px;line-height: 18px;font-weight: normal;\t\t\t}\n\t\t\t#camera_wrap_1374 .camera_caption div.camera_caption_desc {\n\t\t\t\tfont-size: 12px;line-height: 12px;font-weight: normal;\t\t\t}\n\t\t<\/style>\n\t\t\t\t<div class=\"slideshowck camera_wrap camera_amber_skin\" id=\"camera_wrap_1374\" style=\"width:100%;\">\n\t\t\t\t\t\t\t<div  data-thumb=\"https:\/\/ploullins.fr\/grs\/files\/2019\/03\/CJ-Massecho.jpg\" data-src=\"https:\/\/ploullins.fr\/grs\/files\/2019\/03\/CJ-Massecho.jpg\" data-link=\"https:\/\/ploullins.fr\/grs\/files\/2019\/03\/CJ-Massecho.jpg\" data-target=\"_parent\">\n\t\t\t\t\t\t\t\t\t\t<\/div>\n\t\t\t\t\t\t\t<div  data-thumb=\"https:\/\/ploullins.fr\/grs\/files\/2019\/03\/CJ-Cecile-R-Lou-PR\u00e9co-am\u00e9lie-Exc-3-Cecile-R.jpg\" data-src=\"https:\/\/ploullins.fr\/grs\/files\/2019\/03\/CJ-Cecile-R-Lou-PR\u00e9co-am\u00e9lie-Exc-3-Cecile-R.jpg\" data-link=\"https:\/\/ploullins.fr\/grs\/files\/2019\/03\/CJ-Cecile-R-Lou-PR\u00e9co-am\u00e9lie-Exc-3-Cecile-R.jpg\" data-target=\"_parent\">\n\t\t\t\t\t\t\t\t\t\t<\/div>\n\t\t\t\t\t\t\t<div  data-thumb=\"https:\/\/ploullins.fr\/grs\/files\/2019\/03\/IMG_1711.jpg\" data-src=\"https:\/\/ploullins.fr\/grs\/files\/2019\/03\/IMG_1711.jpg\" data-link=\"https:\/\/ploullins.fr\/grs\/files\/2019\/03\/IMG_1711.jpg\" data-target=\"_parent\">\n\t\t\t\t\t\t\t\t\t\t<\/div>\n\t\t\t\t\t\t\t<div  data-thumb=\"https:\/\/ploullins.fr\/grs\/files\/2019\/03\/preco-2-Julie-B-preco-2-Stacha-Duo-Cecile-R-Exc-4-Julie-S.jpg\" data-src=\"https:\/\/ploullins.fr\/grs\/files\/2019\/03\/preco-2-Julie-B-preco-2-Stacha-Duo-Cecile-R-Exc-4-Julie-S.jpg\" data-link=\"https:\/\/ploullins.fr\/grs\/files\/2019\/03\/preco-2-Julie-B-preco-2-Stacha-Duo-Cecile-R-Exc-4-Julie-S.jpg\" data-target=\"_parent\">\n\t\t\t\t\t\t\t\t\t\t<\/div>\n\t\t\t\t\t\t\t<div  data-thumb=\"https:\/\/ploullins.fr\/grs\/files\/2019\/04\/IMGP6770.jpg\" data-src=\"https:\/\/ploullins.fr\/grs\/files\/2019\/04\/IMGP6770.jpg\" data-link=\"https:\/\/ploullins.fr\/grs\/files\/2019\/04\/IMGP6770.jpg\" data-target=\"_parent\">\n\t\t\t\t\t\t\t\t\t\t<\/div>\n\t\t\t\t\t\t\t<div  data-thumb=\"https:\/\/ploullins.fr\/grs\/files\/2019\/04\/IMGP6792.jpg\" data-src=\"https:\/\/ploullins.fr\/grs\/files\/2019\/04\/IMGP6792.jpg\" data-link=\"https:\/\/ploullins.fr\/grs\/files\/2019\/04\/IMGP6792.jpg\" data-target=\"_parent\">\n\t\t\t\t\t\t\t\t\t\t<\/div>\n\t\t\t\t\t\t\t<div  data-thumb=\"https:\/\/ploullins.fr\/grs\/files\/2019\/03\/IMGP6766.jpg\" data-src=\"https:\/\/ploullins.fr\/grs\/files\/2019\/03\/IMGP6766.jpg\" data-link=\"https:\/\/ploullins.fr\/grs\/files\/2019\/03\/IMGP6766.jpg\" data-target=\"_parent\">\n\t\t\t\t\t\t\t\t\t\t<\/div>\n\t\t\t\t\t\t\t<div  data-thumb=\"https:\/\/ploullins.fr\/grs\/files\/2019\/04\/DSCF5497_DxO.jpg\" data-src=\"https:\/\/ploullins.fr\/grs\/files\/2019\/04\/DSCF5497_DxO.jpg\" data-link=\"https:\/\/ploullins.fr\/grs\/files\/2019\/04\/DSCF5497_DxO.jpg\" data-target=\"_parent\">\n\t\t\t\t\t\t\t\t\t\t<\/div>\n\t\t\t\t\t\t\t<div  data-thumb=\"https:\/\/ploullins.fr\/grs\/files\/2019\/04\/IMGP6545.jpg\" data-src=\"https:\/\/ploullins.fr\/grs\/files\/2019\/04\/IMGP6545.jpg\" data-link=\"https:\/\/ploullins.fr\/grs\/files\/2019\/04\/IMGP6545.jpg\" data-target=\"_parent\">\n\t\t\t\t\t\t\t\t\t\t<\/div>\n\t\t\t\t\t\t\t<div  data-thumb=\"https:\/\/ploullins.fr\/grs\/files\/2019\/04\/DSCF5317_DxO.jpg\" data-src=\"https:\/\/ploullins.fr\/grs\/files\/2019\/04\/DSCF5317_DxO.jpg\" data-link=\"https:\/\/ploullins.fr\/grs\/files\/2019\/04\/DSCF5317_DxO.jpg\" data-target=\"_parent\">\n\t\t\t\t\t\t\t\t\t\t<\/div>\n\t\t\t\t\t\t\t<div  data-thumb=\"https:\/\/ploullins.fr\/grs\/files\/2019\/04\/DSCF5439_DxO.jpg\" data-src=\"https:\/\/ploullins.fr\/grs\/files\/2019\/04\/DSCF5439_DxO.jpg\" data-link=\"https:\/\/ploullins.fr\/grs\/files\/2019\/04\/DSCF5439_DxO.jpg\" data-target=\"_parent\">\n\t\t\t\t\t\t\t\t\t\t<\/div>\n\t\t\t\t\t\t\t<div  data-thumb=\"https:\/\/ploullins.fr\/grs\/files\/2019\/04\/IMGP6903.jpg\" data-src=\"https:\/\/ploullins.fr\/grs\/files\/2019\/04\/IMGP6903.jpg\" data-link=\"https:\/\/ploullins.fr\/grs\/files\/2019\/04\/IMGP6903.jpg\" data-target=\"_parent\">\n\t\t\t\t\t\t\t\t\t\t<\/div>\n\t\t\t\t\t\t\t<div  data-thumb=\"https:\/\/ploullins.fr\/grs\/files\/2019\/04\/IMGP6925.jpg\" data-src=\"https:\/\/ploullins.fr\/grs\/files\/2019\/04\/IMGP6925.jpg\" data-link=\"https:\/\/ploullins.fr\/grs\/files\/2019\/04\/IMGP6925.jpg\" data-target=\"_parent\">\n\t\t\t\t\t\t\t\t\t\t<\/div>\n\t\t\t\t\t\t\t<div  data-thumb=\"https:\/\/ploullins.fr\/grs\/files\/2019\/05\/IMGP7363.jpg\" data-src=\"https:\/\/ploullins.fr\/grs\/files\/2019\/05\/IMGP7363.jpg\" data-link=\"https:\/\/ploullins.fr\/grs\/files\/2019\/05\/IMGP7363.jpg\" data-target=\"_parent\">\n\t\t\t\t\t\t\t\t\t\t<\/div>\n\t\t\t\t\t\t\t<div  data-thumb=\"https:\/\/ploullins.fr\/grs\/files\/2019\/05\/IMGP7088.jpg\" data-src=\"https:\/\/ploullins.fr\/grs\/files\/2019\/05\/IMGP7088.jpg\" data-link=\"https:\/\/ploullins.fr\/grs\/files\/2019\/05\/IMGP7088.jpg\" data-target=\"_parent\">\n\t\t\t\t\t\t\t\t\t\t<\/div>\n\t\t\t\t\t\t\t<div  data-thumb=\"https:\/\/ploullins.fr\/grs\/files\/2019\/05\/IMGP7180.jpg\" data-src=\"https:\/\/ploullins.fr\/grs\/files\/2019\/05\/IMGP7180.jpg\" data-link=\"https:\/\/ploullins.fr\/grs\/files\/2019\/05\/IMGP7180.jpg\" data-target=\"_parent\">\n\t\t\t\t\t\t\t\t\t\t<\/div>\n\t\t\t\t\t\t\t<div  data-thumb=\"https:\/\/ploullins.fr\/grs\/files\/2019\/05\/IMGP7203.jpg\" data-src=\"https:\/\/ploullins.fr\/grs\/files\/2019\/05\/IMGP7203.jpg\" data-link=\"https:\/\/ploullins.fr\/grs\/files\/2019\/05\/IMGP7203.jpg\" data-target=\"_parent\">\n\t\t\t\t\t\t\t\t\t\t<\/div>\n\t\t\t\t\t\t\t<div  data-thumb=\"https:\/\/ploullins.fr\/grs\/files\/2019\/05\/IMGP7295.jpg\" data-src=\"https:\/\/ploullins.fr\/grs\/files\/2019\/05\/IMGP7295.jpg\" data-link=\"https:\/\/ploullins.fr\/grs\/files\/2019\/05\/IMGP7295.jpg\" data-target=\"_parent\">\n\t\t\t\t\t\t\t\t\t\t<\/div>\n\t\t\t\t\t\t\t<div  data-thumb=\"https:\/\/ploullins.fr\/grs\/files\/2019\/05\/IMGP7395.jpg\" data-src=\"https:\/\/ploullins.fr\/grs\/files\/2019\/05\/IMGP7395.jpg\" data-link=\"https:\/\/ploullins.fr\/grs\/files\/2019\/05\/IMGP7395.jpg\" data-target=\"_parent\">\n\t\t\t\t\t\t\t\t\t\t<\/div>\n\t\t\t\t\t\t\t<div  data-thumb=\"https:\/\/ploullins.fr\/grs\/files\/2019\/05\/IMGP7472.jpg\" data-src=\"https:\/\/ploullins.fr\/grs\/files\/2019\/05\/IMGP7472.jpg\" data-link=\"https:\/\/ploullins.fr\/grs\/files\/2019\/05\/IMGP7472.jpg\" data-target=\"_parent\">\n\t\t\t\t\t\t\t\t\t\t<\/div>\n\t\t\t\t\t\t\t<div  data-thumb=\"https:\/\/ploullins.fr\/grs\/files\/2019\/05\/IMGP7488.jpg\" data-src=\"https:\/\/ploullins.fr\/grs\/files\/2019\/05\/IMGP7488.jpg\" data-link=\"https:\/\/ploullins.fr\/grs\/files\/2019\/05\/IMGP7488.jpg\" data-target=\"_parent\">\n\t\t\t\t\t\t\t\t\t\t<\/div>\n\t\t\t\t\t\t\t<div  data-thumb=\"https:\/\/ploullins.fr\/grs\/files\/2019\/05\/IMGP7515.jpg\" data-src=\"https:\/\/ploullins.fr\/grs\/files\/2019\/05\/IMGP7515.jpg\" data-link=\"https:\/\/ploullins.fr\/grs\/files\/2019\/05\/IMGP7515.jpg\" data-target=\"_parent\">\n\t\t\t\t\t\t\t\t\t\t<\/div>\n\t\t\t\t\t<\/div>\n\t\t<div style=\"clear:both;\"><\/div>\n\t\t<\/p>\n<p style=\"text-align: center\">Les\u00a0autres\u00a0photos de la saison 2018-2019 sont \u00e0 retrouver dans les articles avec les archives sur le cot\u00e9 droit de l&rsquo;\u00e9cran.<\/p>\n<p style=\"text-align: center\">\n","protected":false},"excerpt":{"rendered":"<p>Voici quelques photos souvenirs de la saison 2018-19 Les\u00a0autres\u00a0photos de la saison 2018-2019 sont \u00e0 retrouver dans les articles avec les archives sur le cot\u00e9 droit de l&rsquo;\u00e9cran.<\/p>\n","protected":false},"author":5,"featured_media":0,"parent":723,"menu_order":0,"comment_status":"closed","ping_status":"closed","template":"","meta":{"footnotes":""},"class_list":["post-1372","page","type-page","status-publish","hentry"],"_links":{"self":[{"href":"https:\/\/ploullins.fr\/grs\/wp-json\/wp\/v2\/pages\/1372","targetHints":{"allow":["GET"]}}],"collection":[{"href":"https:\/\/ploullins.fr\/grs\/wp-json\/wp\/v2\/pages"}],"about":[{"href":"https:\/\/ploullins.fr\/grs\/wp-json\/wp\/v2\/types\/page"}],"author":[{"embeddable":true,"href":"https:\/\/ploullins.fr\/grs\/wp-json\/wp\/v2\/users\/5"}],"replies":[{"embeddable":true,"href":"https:\/\/ploullins.fr\/grs\/wp-json\/wp\/v2\/comments?post=1372"}],"version-history":[{"count":4,"href":"https:\/\/ploullins.fr\/grs\/wp-json\/wp\/v2\/pages\/1372\/revisions"}],"predecessor-version":[{"id":1377,"href":"https:\/\/ploullins.fr\/grs\/wp-json\/wp\/v2\/pages\/1372\/revisions\/1377"}],"up":[{"embeddable":true,"href":"https:\/\/ploullins.fr\/grs\/wp-json\/wp\/v2\/pages\/723"}],"wp:attachment":[{"href":"https:\/\/ploullins.fr\/grs\/wp-json\/wp\/v2\/media?parent=1372"}],"curies":[{"name":"wp","href":"https:\/\/api.w.org\/{rel}","templated":true}]}}