{"id":1574,"date":"2019-06-16T19:56:06","date_gmt":"2019-06-16T18:56:06","guid":{"rendered":"https:\/\/ploullins.fr\/grs\/?page_id=1574"},"modified":"2023-09-16T21:02:28","modified_gmt":"2023-09-16T20:02:28","slug":"equipement","status":"publish","type":"page","link":"https:\/\/ploullins.fr\/grs\/presentation\/equipement\/","title":{"rendered":"Equipement"},"content":{"rendered":"<p style=\"text-align: center\"><span style=\"font-size: 21px;font-family: impact, chicago;color: #ff0000\">LA TENUE D&rsquo;ENTRAINEMENT<\/span><\/p>\n<p><span style=\"font-size: 14px;font-family: symbol\">\u00a0Les gymnastes doivent:<\/span><\/p>\n<ul>\n<li><span style=\"font-size: 14px;font-family: symbol\"> porter\u00a0une tenue souple et ajust\u00e9e\u00a0<\/span>(justaucorps ou T-shirt + legging \/ short + chaussettes) qui n&rsquo;entrave pas les mouvements.<\/li>\n<li>avoir des baskets pour courir<\/li>\n<li>avoir les cheveux attach\u00e9s<\/li>\n<li>pr\u00e9voir une petite bouteille d&rsquo;eau.<\/li>\n<\/ul>\n<p style=\"text-align: center\"><span style=\"font-size: 21px;font-family: impact, chicago;color: #ff0000\">LES ENGINS<\/span><\/p>\n<p style=\"text-align: center\"><span style=\"font-size: 14px;font-family: symbol\">Les engins\u00a0manipul\u00e9s dans le cadre des cours et des comp\u00e9titions<\/span><\/p>\n<p style=\"text-align: center\"><span style=\"font-family: symbol\"><span style=\"font-size: 14px\"> (ballon, cerceau, corde, massues et ruban) <\/span><\/span><span style=\"color: #ff0000\"><strong><span style=\"font-family: symbol\"><span style=\"font-size: 14px\">sont\u00a0<\/span><span style=\"font-size: 14px\">pr\u00eat\u00e9s<\/span><span style=\"font-size: 14px\">\u00a0par le club.<\/span><\/span><\/strong><\/span><\/p>\n<h3 style=\"text-align: center\"><span style=\"font-size: 21px;font-family: impact, chicago;color: #ff0000\">JUSTAUCORPS<\/span><\/h3>\n<p style=\"text-align: center\"><span style=\"font-size: 14px;font-family: symbol\">Les <span style=\"color: #ff0000\">comp\u00e9titions<\/span> se font en justaucorps, tenue choisie par le club.<\/span><\/p>\n<p style=\"text-align: center\"><span style=\"font-size: 14px;font-family: symbol\">Les justaucorps seront <span style=\"color: #ff0000\">\u00e0 louer <\/span>par les adh\u00e9rents au\u00a0club.<\/span><\/p>\n<p style=\"text-align: center\"><span style=\"font-family: symbol;font-size: 14px\">Les gymnastes engag\u00e9es en comp\u00e9tition individuelle\u00a0peuvent se procurer\u00a0un justaucorps personnel.<\/span><\/p>\n<p style=\"text-align: center\"><span style=\"font-family: impact, chicago;font-size: 21px;color: #ff0000\">LES DEMI-POINTES<\/span><\/p>\n<p style=\"text-align: center\"><span style=\"font-family: symbol;font-size: 14px\">Les 1\/2 Pointes, <span style=\"color: #ff0000\">obligatoires en comp\u00e9tition, <strong>sont \u00e0 la charge de l&rsquo;adh\u00e9rent<\/strong><\/span>. Nous vous rappelons qu&rsquo;il existe une diff\u00e9rence entre les chaussons \u00ab\u00a0Danse Classique\u00a0\u00bb et les 1\/2 Pointes GRS que nous utilisons:<\/span><\/p>\n<p style=\"text-align: center\"><a href=\"https:\/\/ploullins.fr\/grs\/files\/2019\/06\/DEMIPOINTES.jpg\"><img loading=\"lazy\" decoding=\"async\" class=\"aligncenter wp-image-1576\" src=\"https:\/\/ploullins.fr\/grs\/files\/2019\/06\/DEMIPOINTES-300x113.jpg\" alt=\"\" width=\"500\" height=\"188\" srcset=\"https:\/\/ploullins.fr\/grs\/files\/2019\/06\/DEMIPOINTES-300x113.jpg 300w, https:\/\/ploullins.fr\/grs\/files\/2019\/06\/DEMIPOINTES-768x288.jpg 768w, https:\/\/ploullins.fr\/grs\/files\/2019\/06\/DEMIPOINTES-1024x385.jpg 1024w, https:\/\/ploullins.fr\/grs\/files\/2019\/06\/DEMIPOINTES.jpg 1390w\" sizes=\"auto, (max-width: 500px) 100vw, 500px\" \/><\/a><\/p>\n","protected":false},"excerpt":{"rendered":"<p>LA TENUE D&rsquo;ENTRAINEMENT \u00a0Les gymnastes doivent: porter\u00a0une tenue souple et ajust\u00e9e\u00a0(justaucorps ou T-shirt + legging \/ short + chaussettes) qui n&rsquo;entrave pas les mouvements. avoir des baskets pour courir avoir les cheveux attach\u00e9s pr\u00e9voir une petite bouteille d&rsquo;eau. LES ENGINS Les engins\u00a0manipul\u00e9s dans le cadre des cours et des comp\u00e9titions (ballon, cerceau, corde, massues et<br \/><a class=\"moretag\" href=\"https:\/\/ploullins.fr\/grs\/presentation\/equipement\/\">+ Lire Plus<\/a><\/p>\n","protected":false},"author":5,"featured_media":0,"parent":1048,"menu_order":2,"comment_status":"closed","ping_status":"closed","template":"","meta":{"footnotes":""},"class_list":["post-1574","page","type-page","status-publish","hentry"],"_links":{"self":[{"href":"https:\/\/ploullins.fr\/grs\/wp-json\/wp\/v2\/pages\/1574","targetHints":{"allow":["GET"]}}],"collection":[{"href":"https:\/\/ploullins.fr\/grs\/wp-json\/wp\/v2\/pages"}],"about":[{"href":"https:\/\/ploullins.fr\/grs\/wp-json\/wp\/v2\/types\/page"}],"author":[{"embeddable":true,"href":"https:\/\/ploullins.fr\/grs\/wp-json\/wp\/v2\/users\/5"}],"replies":[{"embeddable":true,"href":"https:\/\/ploullins.fr\/grs\/wp-json\/wp\/v2\/comments?post=1574"}],"version-history":[{"count":11,"href":"https:\/\/ploullins.fr\/grs\/wp-json\/wp\/v2\/pages\/1574\/revisions"}],"predecessor-version":[{"id":2284,"href":"https:\/\/ploullins.fr\/grs\/wp-json\/wp\/v2\/pages\/1574\/revisions\/2284"}],"up":[{"embeddable":true,"href":"https:\/\/ploullins.fr\/grs\/wp-json\/wp\/v2\/pages\/1048"}],"wp:attachment":[{"href":"https:\/\/ploullins.fr\/grs\/wp-json\/wp\/v2\/media?parent=1574"}],"curies":[{"name":"wp","href":"https:\/\/api.w.org\/{rel}","templated":true}]}}