{"id":1724,"date":"2019-11-24T18:50:04","date_gmt":"2019-11-24T17:50:04","guid":{"rendered":"https:\/\/ploullins.fr\/grs\/?page_id=1724"},"modified":"2024-08-26T17:37:16","modified_gmt":"2024-08-26T16:37:16","slug":"calendrier-des-evenements","status":"publish","type":"page","link":"https:\/\/ploullins.fr\/grs\/informations-pratiques\/calendrier-des-evenements\/","title":{"rendered":"CALENDRIER DES EVENEMENTS"},"content":{"rendered":"<p style=\"text-align: center\"><a href=\"https:\/\/ploullins.fr\/grs\/files\/2019\/11\/calendrier2.jpg\"><img loading=\"lazy\" decoding=\"async\" class=\"aligncenter size-medium wp-image-1728\" src=\"https:\/\/ploullins.fr\/grs\/files\/2019\/11\/calendrier2-300x240.jpg\" alt=\"\" width=\"300\" height=\"240\" srcset=\"https:\/\/ploullins.fr\/grs\/files\/2019\/11\/calendrier2-300x240.jpg 300w, https:\/\/ploullins.fr\/grs\/files\/2019\/11\/calendrier2.jpg 600w\" sizes=\"auto, (max-width: 300px) 100vw, 300px\" \/><\/a><\/p>\n<p style=\"text-align: center\">Voici le calendrier des \u00e9v\u00e8nements \u00e0 venir pour la saison 2024-2025<\/p>\n<p style=\"text-align: center\">Il sera compl\u00e9t\u00e9 d\u00e8s que nous aurons les dates pr\u00e9cises.<\/p>\n<p><\/p>\n\n\n<figure class=\"wp-block-image size-large\"><img loading=\"lazy\" decoding=\"async\" width=\"724\" height=\"1024\" src=\"https:\/\/ploullins.fr\/grs\/files\/2024\/08\/LES-DATES-IMPORTANTES-2024-2025-724x1024.jpg\" alt=\"\" class=\"wp-image-2329\" srcset=\"https:\/\/ploullins.fr\/grs\/files\/2024\/08\/LES-DATES-IMPORTANTES-2024-2025-724x1024.jpg 724w, https:\/\/ploullins.fr\/grs\/files\/2024\/08\/LES-DATES-IMPORTANTES-2024-2025-212x300.jpg 212w, https:\/\/ploullins.fr\/grs\/files\/2024\/08\/LES-DATES-IMPORTANTES-2024-2025-768x1086.jpg 768w, https:\/\/ploullins.fr\/grs\/files\/2024\/08\/LES-DATES-IMPORTANTES-2024-2025-1086x1536.jpg 1086w, https:\/\/ploullins.fr\/grs\/files\/2024\/08\/LES-DATES-IMPORTANTES-2024-2025.jpg 1414w\" sizes=\"auto, (max-width: 724px) 100vw, 724px\" \/><\/figure>\n\n\n\n<p><\/p>\n","protected":false},"excerpt":{"rendered":"<p>Voici le calendrier des \u00e9v\u00e8nements \u00e0 venir pour la saison 2024-2025 Il sera compl\u00e9t\u00e9 d\u00e8s que nous aurons les dates pr\u00e9cises.<\/p>\n","protected":false},"author":5,"featured_media":0,"parent":716,"menu_order":0,"comment_status":"closed","ping_status":"closed","template":"","meta":{"footnotes":""},"class_list":["post-1724","page","type-page","status-publish","hentry"],"_links":{"self":[{"href":"https:\/\/ploullins.fr\/grs\/wp-json\/wp\/v2\/pages\/1724","targetHints":{"allow":["GET"]}}],"collection":[{"href":"https:\/\/ploullins.fr\/grs\/wp-json\/wp\/v2\/pages"}],"about":[{"href":"https:\/\/ploullins.fr\/grs\/wp-json\/wp\/v2\/types\/page"}],"author":[{"embeddable":true,"href":"https:\/\/ploullins.fr\/grs\/wp-json\/wp\/v2\/users\/5"}],"replies":[{"embeddable":true,"href":"https:\/\/ploullins.fr\/grs\/wp-json\/wp\/v2\/comments?post=1724"}],"version-history":[{"count":20,"href":"https:\/\/ploullins.fr\/grs\/wp-json\/wp\/v2\/pages\/1724\/revisions"}],"predecessor-version":[{"id":2330,"href":"https:\/\/ploullins.fr\/grs\/wp-json\/wp\/v2\/pages\/1724\/revisions\/2330"}],"up":[{"embeddable":true,"href":"https:\/\/ploullins.fr\/grs\/wp-json\/wp\/v2\/pages\/716"}],"wp:attachment":[{"href":"https:\/\/ploullins.fr\/grs\/wp-json\/wp\/v2\/media?parent=1724"}],"curies":[{"name":"wp","href":"https:\/\/api.w.org\/{rel}","templated":true}]}}