{"id":114,"date":"2012-06-04T15:41:14","date_gmt":"2012-06-04T15:41:14","guid":{"rendered":"http:\/\/fr\/natation\/ploullins\/?page_id=114"},"modified":"2021-09-12T18:15:38","modified_gmt":"2021-09-12T18:15:38","slug":"natation-artistique","status":"publish","type":"page","link":"https:\/\/ploullins.fr\/natation\/natation-artistique\/","title":{"rendered":"NATATION ARTISTIQUE"},"content":{"rendered":"<h2>Petite histoire de la Natation Artistique&#8230;<\/h2>\n<p><strong>La natation synchronis\u00e9e, appel\u00e9e\u00a0depuis 2017 <em>Natation Artistique<\/em>, est apparue au d\u00e9but du 20\u00e8me si\u00e8cle<\/strong>, notamment par le biais d&rsquo;Annette Kellerman, nageuse australienne, qui pr\u00e9sente un spectacle d&rsquo;acrobaties aquatiques aux Etats Unis en 1907.<br \/>Cette discipline combine la natation, ainsi que la gymnastique et la danse. Le but est de cr\u00e9er des formes corporelles esth\u00e9tiques, artistiques, ou acrobatiques provoquant une \u00e9motion, sur un support musical, seul ou en \u00e9quipe.<\/p>\n<p>Aussi pour \u00eatre au plus haut niveau, il faut concilier<strong> la pratique quotidienne de la natation sportive<\/strong> mais aussi <strong>la danse<\/strong>, la\u00a0<strong>gymnastique<\/strong>, l&rsquo;<strong>endurance<\/strong>, ainsi que d\u2019autres disciplines, comme le <strong>plongeon\u00a0<\/strong>ou la <strong>voltige<\/strong> pour r\u00e9aliser des sorties hors de l\u2019eau (port\u00e9s).<\/p>\n<p>Depuis 1984, la natation synchronis\u00e9e est <strong>une discipline olympique<\/strong> : tout d&rsquo;abord pour les \u00e9preuves des solos et duos aux jeux de Los Angeles en 1984, puis pour les \u00e9preuves des ballet d&rsquo;\u00e9quipe uniquement aux jeux d&rsquo;Altanta en 1996, et enfin pour les \u00e9preuves de duos et d&rsquo;\u00e9quipe depuis les jeux olympiques de Sydney en 2000.<\/p>\n<p>Principalement pratiqu\u00e9e par des femmes, <strong>la natation artistique s&rsquo;est ouverte aux hommes<\/strong>, notamment depuis l&rsquo;apparition de duos mixtes aux\u00a0championnats du Monde de Kazan en 2015.<\/p>\n\n\n<figure class=\"wp-block-gallery columns-3 is-cropped wp-block-gallery-1 is-layout-flex wp-block-gallery-is-layout-flex\"><ul class=\"blocks-gallery-grid\"><li class=\"blocks-gallery-item\"><figure><img loading=\"lazy\" decoding=\"async\" width=\"283\" height=\"375\" src=\"https:\/\/ploullins.fr\/natation\/files\/2012\/10\/Virginie_Dedieu_2.jpg\" alt=\"\" data-id=\"484\" data-full-url=\"https:\/\/ploullins.fr\/natation\/files\/2012\/10\/Virginie_Dedieu_2.jpg\" data-link=\"https:\/\/ploullins.fr\/natation\/natation-artistique\/natation-euro-dedieu\/\" class=\"wp-image-484\" srcset=\"https:\/\/ploullins.fr\/natation\/files\/2012\/10\/Virginie_Dedieu_2.jpg 283w, https:\/\/ploullins.fr\/natation\/files\/2012\/10\/Virginie_Dedieu_2-226x300.jpg 226w\" sizes=\"auto, (max-width: 283px) 100vw, 283px\" \/><\/figure><\/li><li class=\"blocks-gallery-item\"><figure><img loading=\"lazy\" decoding=\"async\" width=\"379\" height=\"500\" src=\"https:\/\/ploullins.fr\/natation\/files\/2012\/10\/Virginie_Dedieu_3.jpg\" alt=\"\" data-id=\"485\" data-full-url=\"https:\/\/ploullins.fr\/natation\/files\/2012\/10\/Virginie_Dedieu_3.jpg\" data-link=\"https:\/\/ploullins.fr\/natation\/natation-artistique\/virginie_dedieu_3\/\" class=\"wp-image-485\" srcset=\"https:\/\/ploullins.fr\/natation\/files\/2012\/10\/Virginie_Dedieu_3.jpg 379w, https:\/\/ploullins.fr\/natation\/files\/2012\/10\/Virginie_Dedieu_3-227x300.jpg 227w\" sizes=\"auto, (max-width: 379px) 100vw, 379px\" \/><\/figure><\/li><li class=\"blocks-gallery-item\"><figure><img loading=\"lazy\" decoding=\"async\" width=\"257\" height=\"409\" src=\"https:\/\/ploullins.fr\/natation\/files\/2012\/10\/Virginie_Dedieu_1.jpg\" alt=\"\" data-id=\"483\" data-full-url=\"https:\/\/ploullins.fr\/natation\/files\/2012\/10\/Virginie_Dedieu_1.jpg\" data-link=\"https:\/\/ploullins.fr\/natation\/natation-artistique\/virginie_dedieu_1\/\" class=\"wp-image-483\" srcset=\"https:\/\/ploullins.fr\/natation\/files\/2012\/10\/Virginie_Dedieu_1.jpg 257w, https:\/\/ploullins.fr\/natation\/files\/2012\/10\/Virginie_Dedieu_1-189x300.jpg 189w\" sizes=\"auto, (max-width: 257px) 100vw, 257px\" \/><\/figure><\/li><\/ul><figcaption class=\"blocks-gallery-caption\"><em>Virginie DEDIEU, Virtuose de la Natation Synchronis\u00e9e Fran\u00e7aise, Sacr\u00e9e Championne du Monde \u00e0 3 reprises : lors des championnats du Monde \u00e0 Barcelone en 2003, \u00e0 Montr\u00e9al en 2005 et \u00e0 Melbourne en 2007. (Photos site de la F\u00e9d\u00e9ration Fran\u00e7aise de Natation)<\/em><\/figcaption><\/figure>\n\n\n\n<h2 class=\"wp-block-heading\">Natation Artistique : des qualit\u00e9s techniques et artistiques<\/h2>\n\n\n\n<p><em><strong>La natation synchronis\u00e9e demande avant tout un esprit d\u2019\u00e9quipe, mais aussi l\u2019art de pouvoir faire passer des \u00e9motions. C\u2019est une discipline alliant l\u2019eau, la musique et la gr\u00e2ce.<\/strong><\/em><\/p>\n\n\n\n<p><strong>Les qualit\u00e9s recherch\u00e9es chez une nageuse sont<\/strong> :<\/p>\n\n\n\n<ul class=\"wp-block-list\"><li><strong>Physiques<\/strong> : vitesse de d\u00e9placement, v\u00e9locit\u00e9 gestuelle, souplesse active, endurance, force, coordination&#8230;<\/li><li><strong>Esth\u00e9tiques<\/strong> : l\u2019expression, la prestance\u2026<\/li><li><strong>Mentales<\/strong> : gestion du stress, confiance en soi, d\u00e9passement, fixation d\u2019objectifs, imagerie\u2026<\/li><li><strong>Morales<\/strong> : esprit d\u2019\u00e9quipe, respect des r\u00e8gles et des autres, fair-play\u2026<\/li><\/ul>\n\n\n\n<p><strong>Lors des comp\u00e9titions, les nageuses pr\u00e9sentent 2 programmes<\/strong> :<\/p>\n\n\n\n<ul class=\"wp-block-list\"><li><strong>Les figures impos\u00e9es<\/strong> o\u00f9 les nageuses ex\u00e9cutent des figures et \u00e9l\u00e9ments techniques impos\u00e9s dans un ordre pr\u00e9cis<\/li><li><strong>Le programme libre<\/strong> o\u00f9 les juges notent \u00e0 la fois les qualit\u00e9s techniques et artistiques du ballet pr\u00e9sent\u00e9.<\/li><\/ul>\n\n\n\n<figure class=\"wp-block-gallery columns-3 is-cropped wp-block-gallery-2 is-layout-flex wp-block-gallery-is-layout-flex\"><ul class=\"blocks-gallery-grid\"><li class=\"blocks-gallery-item\"><figure><img loading=\"lazy\" decoding=\"async\" width=\"1024\" height=\"681\" src=\"https:\/\/ploullins.fr\/natation\/files\/2012\/06\/Natation-synchronisee-Duo-France-1024x681.jpg\" alt=\"\" data-id=\"1648\" data-full-url=\"https:\/\/ploullins.fr\/natation\/files\/2012\/06\/Natation-synchronisee-Duo-France.jpg\" data-link=\"https:\/\/ploullins.fr\/natation\/natation-artistique\/natation-synchronisee-duo-france\/\" class=\"wp-image-1648\" srcset=\"https:\/\/ploullins.fr\/natation\/files\/2012\/06\/Natation-synchronisee-Duo-France-1024x681.jpg 1024w, https:\/\/ploullins.fr\/natation\/files\/2012\/06\/Natation-synchronisee-Duo-France-300x200.jpg 300w, https:\/\/ploullins.fr\/natation\/files\/2012\/06\/Natation-synchronisee-Duo-France-768x511.jpg 768w, https:\/\/ploullins.fr\/natation\/files\/2012\/06\/Natation-synchronisee-Duo-France.jpg 1200w\" sizes=\"auto, (max-width: 1024px) 100vw, 1024px\" \/><\/figure><\/li><li class=\"blocks-gallery-item\"><figure><img loading=\"lazy\" decoding=\"async\" width=\"1000\" height=\"666\" src=\"https:\/\/ploullins.fr\/natation\/files\/2012\/06\/Natation-synchronisee-Ballet.jpg\" alt=\"\" data-id=\"1647\" data-full-url=\"https:\/\/ploullins.fr\/natation\/files\/2012\/06\/Natation-synchronisee-Ballet.jpg\" data-link=\"https:\/\/ploullins.fr\/natation\/natation-artistique\/natation-synchronisee-ballet\/\" class=\"wp-image-1647\" srcset=\"https:\/\/ploullins.fr\/natation\/files\/2012\/06\/Natation-synchronisee-Ballet.jpg 1000w, https:\/\/ploullins.fr\/natation\/files\/2012\/06\/Natation-synchronisee-Ballet-300x200.jpg 300w, https:\/\/ploullins.fr\/natation\/files\/2012\/06\/Natation-synchronisee-Ballet-768x511.jpg 768w\" sizes=\"auto, (max-width: 1000px) 100vw, 1000px\" \/><\/figure><\/li><li class=\"blocks-gallery-item\"><figure><img loading=\"lazy\" decoding=\"async\" width=\"1024\" height=\"681\" src=\"https:\/\/ploullins.fr\/natation\/files\/2012\/06\/Natation-synchronisee-Duo-France2-1024x681.jpg\" alt=\"\" data-id=\"1646\" data-full-url=\"https:\/\/ploullins.fr\/natation\/files\/2012\/06\/Natation-synchronisee-Duo-France2.jpg\" data-link=\"https:\/\/ploullins.fr\/natation\/natation-artistique\/natation-synchronisee-duo-france2\/\" class=\"wp-image-1646\" srcset=\"https:\/\/ploullins.fr\/natation\/files\/2012\/06\/Natation-synchronisee-Duo-France2-1024x681.jpg 1024w, https:\/\/ploullins.fr\/natation\/files\/2012\/06\/Natation-synchronisee-Duo-France2-300x200.jpg 300w, https:\/\/ploullins.fr\/natation\/files\/2012\/06\/Natation-synchronisee-Duo-France2-768x511.jpg 768w, https:\/\/ploullins.fr\/natation\/files\/2012\/06\/Natation-synchronisee-Duo-France2.jpg 1200w\" sizes=\"auto, (max-width: 1024px) 100vw, 1024px\" \/><\/figure><\/li><\/ul><figcaption class=\"blocks-gallery-caption\"><em>L\u2019\u00e9quipe de France : Duo JO 2016\u00a0(Laura Aug\u00e9, Margaux Chr\u00e9tien) et ballet<br>(Photos site de la F\u00e9d\u00e9ration Fran\u00e7aise de Natation)<\/em><\/figcaption><\/figure>\n\n\n\n<p><\/p>\n\n\n\n<figure class=\"wp-block-gallery columns-3 is-cropped wp-block-gallery-3 is-layout-flex wp-block-gallery-is-layout-flex\"><ul class=\"blocks-gallery-grid\"><li class=\"blocks-gallery-item\"><figure><img loading=\"lazy\" decoding=\"async\" width=\"600\" height=\"638\" src=\"https:\/\/ploullins.fr\/natation\/files\/2012\/10\/Equipe_Russe_1.jpg\" alt=\"\" data-id=\"487\" data-full-url=\"https:\/\/ploullins.fr\/natation\/files\/2012\/10\/Equipe_Russe_1.jpg\" data-link=\"https:\/\/ploullins.fr\/natation\/natation-artistique\/equipe_russe_1\/\" class=\"wp-image-487\" srcset=\"https:\/\/ploullins.fr\/natation\/files\/2012\/10\/Equipe_Russe_1.jpg 600w, https:\/\/ploullins.fr\/natation\/files\/2012\/10\/Equipe_Russe_1-282x300.jpg 282w\" sizes=\"auto, (max-width: 600px) 100vw, 600px\" \/><\/figure><\/li><li class=\"blocks-gallery-item\"><figure><img loading=\"lazy\" decoding=\"async\" width=\"960\" height=\"460\" src=\"https:\/\/ploullins.fr\/natation\/files\/2012\/10\/Equipe_Russe_2.jpg\" alt=\"\" data-id=\"488\" data-full-url=\"https:\/\/ploullins.fr\/natation\/files\/2012\/10\/Equipe_Russe_2.jpg\" data-link=\"https:\/\/ploullins.fr\/natation\/natation-artistique\/natation-synchronisee-programme-technique-par-equipe-jo-2012-09082012\/\" class=\"wp-image-488\" srcset=\"https:\/\/ploullins.fr\/natation\/files\/2012\/10\/Equipe_Russe_2.jpg 960w, https:\/\/ploullins.fr\/natation\/files\/2012\/10\/Equipe_Russe_2-300x144.jpg 300w\" sizes=\"auto, (max-width: 960px) 100vw, 960px\" \/><\/figure><\/li><li class=\"blocks-gallery-item\"><figure><img loading=\"lazy\" decoding=\"async\" width=\"286\" height=\"400\" src=\"https:\/\/ploullins.fr\/natation\/files\/2012\/10\/Equipe_Russe_3.jpg\" alt=\"\" data-id=\"489\" data-full-url=\"https:\/\/ploullins.fr\/natation\/files\/2012\/10\/Equipe_Russe_3.jpg\" data-link=\"https:\/\/ploullins.fr\/natation\/natation-artistique\/equipe_russe_3\/\" class=\"wp-image-489\" srcset=\"https:\/\/ploullins.fr\/natation\/files\/2012\/10\/Equipe_Russe_3.jpg 286w, https:\/\/ploullins.fr\/natation\/files\/2012\/10\/Equipe_Russe_3-215x300.jpg 215w\" sizes=\"auto, (max-width: 286px) 100vw, 286px\" \/><\/figure><\/li><\/ul><figcaption class=\"blocks-gallery-caption\"><em>L\u2019\u00e9quipe de Russie, Championne\u00a0d\u2019Europe (depuis 1993), du Monde (depuis 1998)\u00a0<\/em><br><em>et Olympique (depuis 2000).<br>(Photos site de la F\u00e9d\u00e9ration Fran\u00e7aise de Natation)<\/em><\/figcaption><\/figure>\n\n\n\n<p class=\"has-text-align-center\"><a href=\"https:\/\/ploullins.fr\/natation\/natation-artistique\/les-equipes-synchro\/\" data-type=\"page\" data-id=\"330\"><strong>D\u00e9couvrez la Natation Artistique au PLO Natation<\/strong><\/a><\/p>\n","protected":false},"excerpt":{"rendered":"<p>Petite histoire de la Natation Artistique&#8230; La natation synchronis\u00e9e, appel\u00e9e\u00a0depuis 2017 Natation Artistique, est apparue au d\u00e9but du 20\u00e8me si\u00e8cle, notamment par le biais d&rsquo;Annette Kellerman, nageuse australienne, qui pr\u00e9sente un spectacle d&rsquo;acrobaties aquatiques aux Etats Unis en 1907.Cette discipline combine la natation, ainsi que la gymnastique et la danse. Le but est de cr\u00e9er<br \/><a class=\"moretag\" href=\"https:\/\/ploullins.fr\/natation\/natation-artistique\/\">+ Lire Plus<\/a><\/p>\n","protected":false},"author":1,"featured_media":0,"parent":0,"menu_order":2,"comment_status":"closed","ping_status":"closed","template":"","meta":{"footnotes":""},"class_list":["post-114","page","type-page","status-publish","hentry"],"_links":{"self":[{"href":"https:\/\/ploullins.fr\/natation\/wp-json\/wp\/v2\/pages\/114","targetHints":{"allow":["GET"]}}],"collection":[{"href":"https:\/\/ploullins.fr\/natation\/wp-json\/wp\/v2\/pages"}],"about":[{"href":"https:\/\/ploullins.fr\/natation\/wp-json\/wp\/v2\/types\/page"}],"author":[{"embeddable":true,"href":"https:\/\/ploullins.fr\/natation\/wp-json\/wp\/v2\/users\/1"}],"replies":[{"embeddable":true,"href":"https:\/\/ploullins.fr\/natation\/wp-json\/wp\/v2\/comments?post=114"}],"version-history":[{"count":14,"href":"https:\/\/ploullins.fr\/natation\/wp-json\/wp\/v2\/pages\/114\/revisions"}],"predecessor-version":[{"id":2214,"href":"https:\/\/ploullins.fr\/natation\/wp-json\/wp\/v2\/pages\/114\/revisions\/2214"}],"wp:attachment":[{"href":"https:\/\/ploullins.fr\/natation\/wp-json\/wp\/v2\/media?parent=114"}],"curies":[{"name":"wp","href":"https:\/\/api.w.org\/{rel}","templated":true}]}}