{"id":147,"date":"2012-06-16T10:26:17","date_gmt":"2012-06-16T10:26:17","guid":{"rendered":"http:\/\/ploullins.cluster1.easy-hebergement.net\/natation\/?page_id=147"},"modified":"2025-04-23T19:58:02","modified_gmt":"2025-04-23T19:58:02","slug":"aquagym","status":"publish","type":"page","link":"https:\/\/ploullins.fr\/natation\/aquagym\/","title":{"rendered":"AQUAGYM"},"content":{"rendered":"<h2><i style=\"color:#bf1a1a;font-size:24px;width:24px;height:24px; \" class=\"fa fa-life-bouy  icon_style_plain \"><\/i>\u00a0 Cours d&rsquo;Aquagym :<\/h2>\n<p>D\u00e9couvrez tous les bienfaits de l&rsquo;aquagym !<\/p>\n<p><strong>Un sport complet,<\/strong> qui permet de travailler de nombreux muscles tout en douceur&#8230; La\u00a0pratique dans l\u2019eau permet en effet d\u2019\u00e9viter les chocs ou les mouvements trop brusques, ce qui est sans danger pour vos articulations.<br \/>\n<strong>B\u00e9n\u00e9fique pour la sant\u00e9,<\/strong> l&rsquo;aquagym permet d&rsquo;augmenter votre tonus musculaire\u00a0et d&rsquo;am\u00e9liorer votre\u00a0circulation sanguine et votre rythme cardio-vasculaire.<\/p>\n<hr \/>\n<p><strong>Les cours d&rsquo;aquagym durent 45 minutes et se d\u00e9roulent au sein de la piscine d&rsquo;Oullins.<\/strong><\/p>\n<p><strong>Les horaires des cours<\/strong><strong>\u00a0:<img loading=\"lazy\" decoding=\"async\" class=\"size-medium wp-image-1072 alignright\" src=\"http:\/\/ploullins.fr\/natation\/files\/2016\/01\/Photo_O-300x199.jpg\" alt=\"Photo_O\" width=\"300\" height=\"199\" srcset=\"https:\/\/ploullins.fr\/natation\/files\/2016\/01\/Photo_O-300x199.jpg 300w, https:\/\/ploullins.fr\/natation\/files\/2016\/01\/Photo_O-768x510.jpg 768w, https:\/\/ploullins.fr\/natation\/files\/2016\/01\/Photo_O-1024x681.jpg 1024w, https:\/\/ploullins.fr\/natation\/files\/2016\/01\/Photo_O.jpg 1181w\" sizes=\"auto, (max-width: 300px) 100vw, 300px\" \/><\/strong><\/p>\n<p><strong>Mercredi<\/strong>: 10h30 \u00e0 11h15 (d\u00e9but du cours \u00e0 10h30 dans l&rsquo;eau)<\/p>\n<h2><\/h2>\n<div style=\"background-color:#eeeeee; color:#666666;\" class=\"lts_section  \"><div class=\"lts_section_body\"><\/p>\n<p style=\"text-align: center\"><strong><a href=\"https:\/\/ploullins.fr\/natation\/le-club\/inscriptions\/\">Inscrivez-vous pour la nouvelle saison en cliquant sur ce lien !<\/a><\/strong><\/p>\n<p style=\"text-align: center\"><strong>POUR TOUT RENSEIGNEMENT<\/strong>\u00a0:<br \/>\n<a href=\"mailto:plo.natsynchro@gmail.com\">plo.natsynchro@gmail.com<\/a><\/p>\n<p><\/div><\/div>\n","protected":false},"excerpt":{"rendered":"<p>\u00a0 Cours d&rsquo;Aquagym : D\u00e9couvrez tous les bienfaits de l&rsquo;aquagym ! Un sport complet, qui permet de travailler de nombreux muscles tout en douceur&#8230; La\u00a0pratique dans l\u2019eau permet en effet d\u2019\u00e9viter les chocs ou les mouvements trop brusques, ce qui est sans danger pour vos articulations. B\u00e9n\u00e9fique pour la sant\u00e9, l&rsquo;aquagym permet d&rsquo;augmenter votre tonus<br \/><a class=\"moretag\" href=\"https:\/\/ploullins.fr\/natation\/aquagym\/\">+ Lire Plus<\/a><\/p>\n","protected":false},"author":30,"featured_media":0,"parent":0,"menu_order":3,"comment_status":"closed","ping_status":"closed","template":"","meta":{"footnotes":""},"class_list":["post-147","page","type-page","status-publish","hentry"],"_links":{"self":[{"href":"https:\/\/ploullins.fr\/natation\/wp-json\/wp\/v2\/pages\/147","targetHints":{"allow":["GET"]}}],"collection":[{"href":"https:\/\/ploullins.fr\/natation\/wp-json\/wp\/v2\/pages"}],"about":[{"href":"https:\/\/ploullins.fr\/natation\/wp-json\/wp\/v2\/types\/page"}],"author":[{"embeddable":true,"href":"https:\/\/ploullins.fr\/natation\/wp-json\/wp\/v2\/users\/30"}],"replies":[{"embeddable":true,"href":"https:\/\/ploullins.fr\/natation\/wp-json\/wp\/v2\/comments?post=147"}],"version-history":[{"count":15,"href":"https:\/\/ploullins.fr\/natation\/wp-json\/wp\/v2\/pages\/147\/revisions"}],"predecessor-version":[{"id":2645,"href":"https:\/\/ploullins.fr\/natation\/wp-json\/wp\/v2\/pages\/147\/revisions\/2645"}],"wp:attachment":[{"href":"https:\/\/ploullins.fr\/natation\/wp-json\/wp\/v2\/media?parent=147"}],"curies":[{"name":"wp","href":"https:\/\/api.w.org\/{rel}","templated":true}]}}