{"id":151,"date":"2012-06-16T10:28:42","date_gmt":"2012-06-16T10:28:42","guid":{"rendered":"http:\/\/ploullins.cluster1.easy-hebergement.net\/natation\/?page_id=151"},"modified":"2023-07-08T22:52:28","modified_gmt":"2023-07-08T22:52:28","slug":"le-club","status":"publish","type":"page","link":"https:\/\/ploullins.fr\/natation\/le-club\/","title":{"rendered":"LE CLUB"},"content":{"rendered":"<h2 style=\"text-align: center\">La section Natation du PLO<\/h2>\n<p style=\"text-align: center\"><div class=\"optimizer_divider title_underline \">\r\n          <span class=\"div_left\" style=\"background:#666666\">\r\n\t\t  <\/span>\r\n          <span class=\"div_middle\" style=\"color:#666666\">\r\n\t\t  <i class=\"fa underline\"> <\/i>\r\n\t\t  <\/span>\r\n          <span class=\"div_right\" style=\"background:#666666\">\r\n\t\t  <\/span>\r\n      <\/div><\/p>\n<p style=\"text-align: left\">La section Natation du PLO, <em>Patronnage La\u00efque d\u2019Oullins<\/em>, propose des entra\u00eenements en\u00a0<strong>Natation Artistique<\/strong> (<em>anciennement Natation Synchronis\u00e9e<\/em>), ainsi que des <strong>cours d\u2019aquagym<\/strong> ouverts \u00e0 tous et une \u00e9cole de Natation\u00a0pour les 5-7 ans.<\/p>\n<ul>\n<li style=\"text-align: left\"><strong>Cr\u00e9\u00e9 en 1984<\/strong>, par Agn\u00e8s Seguin-Clergue, le club propose tout d&rsquo;abord une pratique loisir de la natation synchronis\u00e9e.<\/li>\n<li style=\"text-align: left\"><strong>Depuis 2003, le PLO Natation Synchronis\u00e9e \u00e9volue en comp\u00e9titions<\/strong> et participe aux championnats du Rh\u00f4ne, ainsi qu&rsquo;au circuit de comp\u00e9titions <strong>Challenge R\u00e9gional<\/strong> <strong>N3<\/strong> et <strong>Interr\u00e9gional N2<\/strong>. Equipes, duos et solos s&rsquo;illustrent depuis sur de nombreux podiums.<br \/>\nEn 2016, Le club s&rsquo;est ainsi class\u00e9 <strong>2\u00e8me club\u00a0fran\u00e7ais en Challenge,<\/strong>\u00a0sur les 159 clubs class\u00e9s !<\/li>\n<li style=\"text-align: left\"><strong>En 2014, le PLO Natation Synchronis\u00e9e s&rsquo;ouvre aux Masters<\/strong>, avec un premier duo form\u00e9 par Coralie Spanelis &amp; Hasmig Yeremian qui participe aux Championnats du Monde. Au fil des ann\u00e9es, l&rsquo;\u00e9quipe Masters s&rsquo;est agrandie et s&rsquo;est illustr\u00e9e sur de nombreux podiums. L&rsquo;aventure Masters se poursuit en 2019, avec les Championnats de France. Le PLO Natation a \u00e9t\u00e9 le premier club du d\u00e9partement du Rh\u00f4ne \u00e0 \u00e9voluer en Masters.<\/li>\n<\/ul>\n<p style=\"text-align: center\"><a href=\"https:\/\/ploullins.fr\/natation\/le-club\/principaux-resultats\/\">D\u00e9couvrez les principaux r\u00e9sultats du club ces derni\u00e8res ann\u00e9es<\/a><\/p>\n<p><img loading=\"lazy\" decoding=\"async\" class=\"aligncenter wp-image-1345\" src=\"https:\/\/ploullins.fr\/natation\/files\/2017\/05\/Une_Regionaux2017-1024x260.jpg\" alt=\"\" width=\"600\" height=\"153\" srcset=\"https:\/\/ploullins.fr\/natation\/files\/2017\/05\/Une_Regionaux2017-1024x260.jpg 1024w, https:\/\/ploullins.fr\/natation\/files\/2017\/05\/Une_Regionaux2017-300x76.jpg 300w, https:\/\/ploullins.fr\/natation\/files\/2017\/05\/Une_Regionaux2017-768x195.jpg 768w, https:\/\/ploullins.fr\/natation\/files\/2017\/05\/Une_Regionaux2017.jpg 1140w\" sizes=\"auto, (max-width: 600px) 100vw, 600px\" \/><\/p>\n<h2 style=\"text-align: center\"><\/h2>\n","protected":false},"excerpt":{"rendered":"<p>La section Natation du PLO La section Natation du PLO, Patronnage La\u00efque d\u2019Oullins, propose des entra\u00eenements en\u00a0Natation Artistique (anciennement Natation Synchronis\u00e9e), ainsi que des cours d\u2019aquagym ouverts \u00e0 tous et une \u00e9cole de Natation\u00a0pour les 5-7 ans. Cr\u00e9\u00e9 en 1984, par Agn\u00e8s Seguin-Clergue, le club propose tout d&rsquo;abord une pratique loisir de la natation synchronis\u00e9e.<br \/><a class=\"moretag\" href=\"https:\/\/ploullins.fr\/natation\/le-club\/\">+ Lire Plus<\/a><\/p>\n","protected":false},"author":30,"featured_media":0,"parent":0,"menu_order":1,"comment_status":"closed","ping_status":"closed","template":"","meta":{"footnotes":""},"class_list":["post-151","page","type-page","status-publish","hentry"],"_links":{"self":[{"href":"https:\/\/ploullins.fr\/natation\/wp-json\/wp\/v2\/pages\/151","targetHints":{"allow":["GET"]}}],"collection":[{"href":"https:\/\/ploullins.fr\/natation\/wp-json\/wp\/v2\/pages"}],"about":[{"href":"https:\/\/ploullins.fr\/natation\/wp-json\/wp\/v2\/types\/page"}],"author":[{"embeddable":true,"href":"https:\/\/ploullins.fr\/natation\/wp-json\/wp\/v2\/users\/30"}],"replies":[{"embeddable":true,"href":"https:\/\/ploullins.fr\/natation\/wp-json\/wp\/v2\/comments?post=151"}],"version-history":[{"count":16,"href":"https:\/\/ploullins.fr\/natation\/wp-json\/wp\/v2\/pages\/151\/revisions"}],"predecessor-version":[{"id":2537,"href":"https:\/\/ploullins.fr\/natation\/wp-json\/wp\/v2\/pages\/151\/revisions\/2537"}],"wp:attachment":[{"href":"https:\/\/ploullins.fr\/natation\/wp-json\/wp\/v2\/media?parent=151"}],"curies":[{"name":"wp","href":"https:\/\/api.w.org\/{rel}","templated":true}]}}