{"id":164,"date":"2012-06-16T10:49:17","date_gmt":"2012-06-16T10:49:17","guid":{"rendered":"http:\/\/ploullins.cluster1.easy-hebergement.net\/natation\/?page_id=164"},"modified":"2025-03-09T21:02:48","modified_gmt":"2025-03-09T21:02:48","slug":"equipement","status":"publish","type":"page","link":"https:\/\/ploullins.fr\/natation\/equipement\/","title":{"rendered":"EQUIPEMENT"},"content":{"rendered":"<h2 style=\"text-align: center\">Equipement aux couleurs du PLO Natation<\/h2>\n<p style=\"text-align: center\"><div class=\"optimizer_divider title_underline \">\r\n          <span class=\"div_left\" style=\"background:#666666\">\r\n\t\t  <\/span>\r\n          <span class=\"div_middle\" style=\"color:#666666\">\r\n\t\t  <i class=\"fa underline\"> <\/i>\r\n\t\t  <\/span>\r\n          <span class=\"div_right\" style=\"background:#666666\">\r\n\t\t  <\/span>\r\n      <\/div><\/p>\n<h3 style=\"text-align: center\"><strong>Bonnet, maillot, serviette ou encore\u00a0tote bag<\/strong><strong>\u00a0aux couleurs du Club !<br \/><\/strong>L&rsquo;\u00e9quipement pour l&rsquo;ann\u00e9e, un cadeau pour l&rsquo;anniversaire de votre fille, ou tout simplement pour faire plaisir&#8230;<\/h3>\n<div style=\"background-color:#eeeeee; color:#666666;\" class=\"lts_section  \"><div class=\"lts_section_body\"><\/p>\n<div style=\"text-align: center\">\n<p style=\"text-align: left\"><strong>Nous effectuons une commande group\u00e9e pour l&rsquo;achat des \u00e9quipements du club.<\/strong> <br \/><strong>Date limite de commande 25\/03\/2025<\/strong><\/p>\n<p style=\"text-align: left\">Attention : il ne sera pas pass\u00e9 d&rsquo;autre commande de tenues durant l&rsquo;ann\u00e9e. Nous ajouterons dans les semaines \u00e0 venir d&rsquo;autres objets ou accessoires pour supporter le club. <\/p>\n<\/div>\n<div><a class=\"lts_button lts_button_sc lts_button_small lt_rounded lt_circular lt_flat  \" target=\"_blank\" style=\"background:#bf1a1a;color:#ffffff;border-color:#bf1a1a;\" href=\"https:\/\/www.helloasso.com\/associations\/patronage-laique-d-oullins\/boutiques\/commande-tenue-competition\"   ><i class=\"fa fa-angle-double-right\"><\/i> Je commande sur HelloAsso<\/a><\/div>\n<p><\/div><\/div>\n<h3>\u00a0<\/h3>\n<h3><i style=\"color:#bf1a1a;font-size:24px;width:24px;height:24px; \" class=\"fa fa-gift  icon_style_plain \"><\/i>\u00a0 Nouveaux \u00e9quipements 2025 disponibles sur HelloAsso :<\/h3>\n<p><img loading=\"lazy\" decoding=\"async\" class=\"aligncenter size-medium wp-image-1642\" src=\"https:\/\/ploullins.fr\/natation\/files\/2012\/10\/PLO-Equipe-Jeunes2-300x200.jpg\" alt=\"\" width=\"300\" height=\"200\" srcset=\"https:\/\/ploullins.fr\/natation\/files\/2012\/10\/PLO-Equipe-Jeunes2-300x200.jpg 300w, https:\/\/ploullins.fr\/natation\/files\/2012\/10\/PLO-Equipe-Jeunes2-768x512.jpg 768w, https:\/\/ploullins.fr\/natation\/files\/2012\/10\/PLO-Equipe-Jeunes2.jpg 800w\" sizes=\"auto, (max-width: 300px) 100vw, 300px\" \/><\/p>\n<ul>\n<li><strong>PINCE-NEZ<\/strong><\/li>\n<li><strong>BONNET DE BAIN PLO: <\/strong>taille unique<\/li>\n<li><strong><span data-v-1da927d3=\"\">MAILLOT DE BAIN PLO:\u00a0 <\/span><\/strong>achat (\u00e9quipes Juniors et TC) ou forfait location (les comp\u00e9titions et GALA)<\/li>\n<\/ul>\n<p><img loading=\"lazy\" decoding=\"async\" class=\"aligncenter size-full wp-image-2604\" src=\"https:\/\/ploullins.fr\/natation\/files\/2025\/03\/maillot-de-bain-photo-da664d9d595945c48485330da8c92b94.png\" alt=\"\" width=\"300\" height=\"300\" srcset=\"https:\/\/ploullins.fr\/natation\/files\/2025\/03\/maillot-de-bain-photo-da664d9d595945c48485330da8c92b94.png 300w, https:\/\/ploullins.fr\/natation\/files\/2025\/03\/maillot-de-bain-photo-da664d9d595945c48485330da8c92b94-150x150.png 150w\" sizes=\"auto, (max-width: 300px) 100vw, 300px\" \/><\/p>\n<ul>\n<li><strong><span data-v-1da927d3=\"\">NOUVELLE TENUE OBLIGATOIRE SHORT NIKE ROUGE: <\/span><\/strong>La nouvelle tenue du club short tee-shirt est obligatoire pour tous les adh\u00e9rents textile dry-fit 100% polyester taille femme de XS \u00e0 XL ou taille enfant de 6 ans \u00e0 14 ans pour le choix de la taille se r\u00e9f\u00e9rer au guide des tailles NIKE \u00a0<\/li>\n<\/ul>\n<p><img loading=\"lazy\" decoding=\"async\" class=\"aligncenter size-medium wp-image-2603\" src=\"https:\/\/ploullins.fr\/natation\/files\/2025\/03\/short-44bc4d23a956407f944c2233b037cc86-300x160.jpg\" alt=\"\" width=\"300\" height=\"160\" srcset=\"https:\/\/ploullins.fr\/natation\/files\/2025\/03\/short-44bc4d23a956407f944c2233b037cc86-300x160.jpg 300w, https:\/\/ploullins.fr\/natation\/files\/2025\/03\/short-44bc4d23a956407f944c2233b037cc86-1024x547.jpg 1024w, https:\/\/ploullins.fr\/natation\/files\/2025\/03\/short-44bc4d23a956407f944c2233b037cc86-768x410.jpg 768w, https:\/\/ploullins.fr\/natation\/files\/2025\/03\/short-44bc4d23a956407f944c2233b037cc86.jpg 1414w\" sizes=\"auto, (max-width: 300px) 100vw, 300px\" \/><\/p>\n<ul>\n<li><strong><span data-v-1da927d3=\"\">NOUVELLE TENUE OBLIGATOIRE TEE-SHIRT NIKE BLANC:<\/span><\/strong> tee-shirt en textile technique dry-fit manche courte col rond taille ajust\u00e9e taille femme de XS \u00e0 XL ou taille enfant de 6 ans \u00e0 14 ans se r\u00e9f\u00e9rer au guide des tailles Nike<strong><span data-v-1da927d3=\"\"><br \/><\/span><\/strong><\/li>\n<\/ul>\n<p><img loading=\"lazy\" decoding=\"async\" class=\"aligncenter size-full wp-image-2602\" src=\"https:\/\/ploullins.fr\/natation\/files\/2025\/03\/ts-face-dos-1-bfe059f38775430a957026eff93c8b5a.jpg\" alt=\"\" width=\"300\" height=\"300\" srcset=\"https:\/\/ploullins.fr\/natation\/files\/2025\/03\/ts-face-dos-1-bfe059f38775430a957026eff93c8b5a.jpg 300w, https:\/\/ploullins.fr\/natation\/files\/2025\/03\/ts-face-dos-1-bfe059f38775430a957026eff93c8b5a-150x150.jpg 150w\" sizes=\"auto, (max-width: 300px) 100vw, 300px\" \/><\/p>\n<ul>\n<li><strong><span data-v-1da927d3=\"\">NOUVEAU SURVETEMENT VESTE ZIPPEE NIKE BLANCHE:<\/span><\/strong> l&rsquo;achat du surv\u00eatement n&rsquo;est pas obligatoire textile 100% polyester dri-fit technology confortable et facile \u00e0 enfiler\u00a0<strong><span data-v-1da927d3=\"\"><br \/><\/span><\/strong><\/li>\n<\/ul>\n<p><img loading=\"lazy\" decoding=\"async\" class=\"aligncenter size-full wp-image-2601\" src=\"https:\/\/ploullins.fr\/natation\/files\/2025\/03\/veste-face-dos-1-b1198dc04d3843fb98618177adc49839.jpg\" alt=\"\" width=\"300\" height=\"300\" srcset=\"https:\/\/ploullins.fr\/natation\/files\/2025\/03\/veste-face-dos-1-b1198dc04d3843fb98618177adc49839.jpg 300w, https:\/\/ploullins.fr\/natation\/files\/2025\/03\/veste-face-dos-1-b1198dc04d3843fb98618177adc49839-150x150.jpg 150w\" sizes=\"auto, (max-width: 300px) 100vw, 300px\" \/><\/p>\n<ul>\n<li><strong><span data-v-1da927d3=\"\">NOUVEAU SURVETEMENT PANTALON NIKE NOIR:\u00a0<\/span><\/strong><span data-v-1da927d3=\"\">l&rsquo;achat du surv\u00eatement n&rsquo;est pas obligatoire textile 100% polyester dri-fit technology confortable et facile \u00e0 enfile <\/span><\/li>\n<\/ul>\n<p><img loading=\"lazy\" decoding=\"async\" class=\"aligncenter size-medium wp-image-2600\" src=\"https:\/\/ploullins.fr\/natation\/files\/2025\/03\/pantalon-9963c4e300574cbdb533630218ecd0b5-300x218.jpg\" alt=\"\" width=\"300\" height=\"218\" srcset=\"https:\/\/ploullins.fr\/natation\/files\/2025\/03\/pantalon-9963c4e300574cbdb533630218ecd0b5-300x218.jpg 300w, https:\/\/ploullins.fr\/natation\/files\/2025\/03\/pantalon-9963c4e300574cbdb533630218ecd0b5-1024x744.jpg 1024w, https:\/\/ploullins.fr\/natation\/files\/2025\/03\/pantalon-9963c4e300574cbdb533630218ecd0b5-768x558.jpg 768w, https:\/\/ploullins.fr\/natation\/files\/2025\/03\/pantalon-9963c4e300574cbdb533630218ecd0b5.jpg 1414w\" sizes=\"auto, (max-width: 300px) 100vw, 300px\" \/><\/p>\n<p>\u00a0La tenue du club est obligatoire pour les nageuses \u00e9voluant en comp\u00e9tition.<em><br \/><\/em><em>Pour les entra\u00eenements tout au long de l&rsquo;ann\u00e9e, sont n\u00e9cessaires : maillot de bain, lunettes de piscine, bonnet de bain, pince-nez et serviette de bain.<\/em><\/p>\n<div class=\"ast_divide  \" style=\"clear:both;border-bottom: 2px dotted #eeeeee; width:100%; height:2px; margin:15px 0;\"><\/div>\n<h3><i style=\"color:#bf1a1a;font-size:24px;width:24px;height:24px; \" class=\"fa fa-gift  icon_style_plain \"><\/i>\u00a0\u00a0Les cadeaux\u00a0:<\/h3>\n<ul>\n<li><strong>Serviette microfibre <\/strong>: <\/li>\n<\/ul>\n<p><img loading=\"lazy\" decoding=\"async\" class=\"alignnone wp-image-1671 size-medium\" src=\"https:\/\/ploullins.fr\/natation\/files\/2012\/06\/PLO-Natation-Serviette-Club-300x150.jpg\" alt=\"\" width=\"300\" height=\"150\" srcset=\"https:\/\/ploullins.fr\/natation\/files\/2012\/06\/PLO-Natation-Serviette-Club-300x150.jpg 300w, https:\/\/ploullins.fr\/natation\/files\/2012\/06\/PLO-Natation-Serviette-Club.jpg 500w\" sizes=\"auto, (max-width: 300px) 100vw, 300px\" \/><\/p>\n<div class=\"ast_divide  \" style=\"clear:both;border-bottom: 2px dotted #eeeeee; width:100%; height:2px; margin:15px 0;\"><\/div>\n<h3><i style=\"color:#bf1a1a;font-size:24px;width:24px;height:24px; \" class=\"fa fa-gift  icon_style_plain \"><\/i>\u00a0 T-Shirt supporter\u00a0:<\/h3>\n<div>\n<p><img loading=\"lazy\" decoding=\"async\" class=\"alignleft wp-image-1820 size-medium\" src=\"https:\/\/ploullins.fr\/natation\/files\/2012\/06\/T-Shirt_supporter-300x178.jpg\" alt=\"\" width=\"300\" height=\"178\" srcset=\"https:\/\/ploullins.fr\/natation\/files\/2012\/06\/T-Shirt_supporter-300x178.jpg 300w, https:\/\/ploullins.fr\/natation\/files\/2012\/06\/T-Shirt_supporter.jpg 420w\" sizes=\"auto, (max-width: 300px) 100vw, 300px\" \/><\/p>\n<p>Et pour les parents, adoptez le <strong>T-Shirt \u00ab\u00a0Mum&rsquo;s Team\u00a0\u00bb et \u00ab\u00a0Dad&rsquo;s Team\u00a0\u00bb<\/strong> pour encourager les nageuses lors des comp\u00e9titions !<\/p>\n<p><em>Taille XS \u00e0 XL<\/em><\/p>\n<\/div>\n<div style=\"background-color:#eeeeee; color:#666666;\" class=\"lts_section  \"><div class=\"lts_section_body\"><\/p>\n<div><strong>Besoin d&rsquo;un bonnet club ou d&rsquo;un pince-nez en cours de saison ?<\/strong><\/div>\n<div>\n<ul>\n<li><strong>Envoyez le d\u00e9tail de votre commande<\/strong> (pensez \u00e0 indiquer la taille de pince-nez <em>petit ou moyen<\/em>) par mail \u00e0 <strong><a href=\"mailto:plo.natsynchro@gmail.com\">plo.natsynchro@gmail.com<\/a><\/strong><\/li>\n<li><strong>Effectuez le paiement en ligne<\/strong>\u00a0du montant de votre commande\u00a0<strong>directement sur le site de HelloAsso :<\/strong><\/li>\n<\/ul>\n<\/div>\n<div><a class=\"lts_button lts_button_sc lts_button_small lt_rounded lt_circular lt_flat  \" target=\"_blank\" style=\"background:#bf1a1a;color:#ffffff;border-color:#bf1a1a;\" href=\"https:\/\/www.helloasso.com\/associations\/patronage-laique-d-oullins\/paiements\/achat-materiel-section-natation\"   ><i class=\"fa fa-angle-double-right\"><\/i> J'effectue mon r\u00e8glement sur HelloAsso<\/a><\/div>\n<div>\u00a0<\/div>\n<div>A la prochaine rentr\u00e9e, nous organiserons une bourse aux tenues afin d&rsquo;\u00e9changer les \u00e9quipements entre adh\u00e9rents si la taille ne convient plus, \u00e0 moindre frais. C&rsquo;est pourquoi nous ne mettons plus les pr\u00e9noms sur les tenues<\/div>\n<p><\/div><\/div>\n<div>\u00a0<\/div>\n\n\n<h2 class=\"wp-block-heading\"><\/h2>\n\n\n\n<p><\/p>\n\n\n<p class=\"wp-block-tag-cloud\"><a href=\"https:\/\/ploullins.fr\/natation\/tag\/boutique\/\" class=\"tag-cloud-link tag-link-5 tag-link-position-1\" style=\"font-size: 8pt;\" aria-label=\"Boutique (1 \u00e9l\u00e9ment)\">Boutique<\/a>\n<a href=\"https:\/\/ploullins.fr\/natation\/tag\/resultats\/\" class=\"tag-cloud-link tag-link-11 tag-link-position-2\" style=\"font-size: 8pt;\" aria-label=\"resultats (1 \u00e9l\u00e9ment)\">resultats<\/a><\/p>\n\n\n<p><\/p>\n","protected":false},"excerpt":{"rendered":"<p>Equipement aux couleurs du PLO Natation Bonnet, maillot, serviette ou encore\u00a0tote bag\u00a0aux couleurs du Club !L&rsquo;\u00e9quipement pour l&rsquo;ann\u00e9e, un cadeau pour l&rsquo;anniversaire de votre fille, ou tout simplement pour faire plaisir&#8230; \u00a0 \u00a0 Nouveaux \u00e9quipements 2025 disponibles sur HelloAsso : PINCE-NEZ BONNET DE BAIN PLO: taille unique MAILLOT DE BAIN PLO:\u00a0 achat (\u00e9quipes Juniors et<br \/><a class=\"moretag\" href=\"https:\/\/ploullins.fr\/natation\/equipement\/\">+ Lire Plus<\/a><\/p>\n","protected":false},"author":30,"featured_media":0,"parent":0,"menu_order":2,"comment_status":"closed","ping_status":"closed","template":"","meta":{"footnotes":""},"class_list":["post-164","page","type-page","status-publish","hentry"],"_links":{"self":[{"href":"https:\/\/ploullins.fr\/natation\/wp-json\/wp\/v2\/pages\/164","targetHints":{"allow":["GET"]}}],"collection":[{"href":"https:\/\/ploullins.fr\/natation\/wp-json\/wp\/v2\/pages"}],"about":[{"href":"https:\/\/ploullins.fr\/natation\/wp-json\/wp\/v2\/types\/page"}],"author":[{"embeddable":true,"href":"https:\/\/ploullins.fr\/natation\/wp-json\/wp\/v2\/users\/30"}],"replies":[{"embeddable":true,"href":"https:\/\/ploullins.fr\/natation\/wp-json\/wp\/v2\/comments?post=164"}],"version-history":[{"count":56,"href":"https:\/\/ploullins.fr\/natation\/wp-json\/wp\/v2\/pages\/164\/revisions"}],"predecessor-version":[{"id":2633,"href":"https:\/\/ploullins.fr\/natation\/wp-json\/wp\/v2\/pages\/164\/revisions\/2633"}],"wp:attachment":[{"href":"https:\/\/ploullins.fr\/natation\/wp-json\/wp\/v2\/media?parent=164"}],"curies":[{"name":"wp","href":"https:\/\/api.w.org\/{rel}","templated":true}]}}