{"id":1922,"date":"2019-08-19T11:24:41","date_gmt":"2019-08-19T11:24:41","guid":{"rendered":"https:\/\/ploullins.fr\/natation\/?page_id=1922"},"modified":"2024-09-08T18:10:56","modified_gmt":"2024-09-08T18:10:56","slug":"ecole-de-natation","status":"publish","type":"page","link":"https:\/\/ploullins.fr\/natation\/ecole-de-natation\/","title":{"rendered":"ECOLE DE NATATION"},"content":{"rendered":"<h2><i style=\"color:#bf1a1a;font-size:24px;width:24px;height:24px; \" class=\"fa fa-life-bouy  icon_style_plain \"><\/i>\u00a0 Ecole de Natation\u00a0:<\/h2>\n<p><span style=\"color: #000000\"><strong>Depuis 2019, nous avons ouvert u<\/strong><strong>ne \u00e9cole de natation, pour les 5 &#8211; 7 ans, pour permettre \u00e0 votre enfant d&rsquo;apprendre \u00e0 nager !\u00a0<\/strong><\/span><\/p>\n<p><em>Ann\u00e9es de naissance pour la saison 2023 &#8211; 2024 : enfants n\u00e9s en 2017\/ 2018 \/ 2019<\/em><\/p>\n<p><strong>Le cours dure 45 minutes et se d\u00e9roule au sein de la piscine d&rsquo;Oullins.\u00a0<\/strong><\/p>\n<p><span style=\"color: #bf1a1a\"><strong>Les horaires des cours<\/strong><strong> : <\/strong><\/span>Lundi de 17h15 \u00e0 18h00 ou de 18h00 \u00e0 18h45<\/p>\n<div style=\"background-color:#eeeeee; color:#666666;\" class=\"lts_section  \"><div class=\"lts_section_body\"><\/p>\n<p style=\"text-align: center\"><strong><a href=\"https:\/\/ploullins.fr\/natation\/le-club\/inscriptions\/\">Inscrivez-vous pour la nouvelle saison en cliquant sur ce lien !<\/a><\/strong><\/p>\n<p style=\"text-align: center\"><strong>POUR TOUT RENSEIGNEMENT<\/strong>\u00a0:<br \/><a href=\"mailto:plo.natsynchro@gmail.com\">plo.natsynchro@gmail.com<\/a><\/p>\n<p><\/div><\/div>\n\n\n<p><\/p>\n","protected":false},"excerpt":{"rendered":"<p>\u00a0 Ecole de Natation\u00a0: Depuis 2019, nous avons ouvert une \u00e9cole de natation, pour les 5 &#8211; 7 ans, pour permettre \u00e0 votre enfant d&rsquo;apprendre \u00e0 nager !\u00a0 Ann\u00e9es de naissance pour la saison 2023 &#8211; 2024 : enfants n\u00e9s en 2017\/ 2018 \/ 2019 Le cours dure 45 minutes et se d\u00e9roule au sein<br \/><a class=\"moretag\" href=\"https:\/\/ploullins.fr\/natation\/ecole-de-natation\/\">+ Lire Plus<\/a><\/p>\n","protected":false},"author":30,"featured_media":0,"parent":0,"menu_order":0,"comment_status":"closed","ping_status":"closed","template":"","meta":{"footnotes":""},"class_list":["post-1922","page","type-page","status-publish","hentry"],"_links":{"self":[{"href":"https:\/\/ploullins.fr\/natation\/wp-json\/wp\/v2\/pages\/1922","targetHints":{"allow":["GET"]}}],"collection":[{"href":"https:\/\/ploullins.fr\/natation\/wp-json\/wp\/v2\/pages"}],"about":[{"href":"https:\/\/ploullins.fr\/natation\/wp-json\/wp\/v2\/types\/page"}],"author":[{"embeddable":true,"href":"https:\/\/ploullins.fr\/natation\/wp-json\/wp\/v2\/users\/30"}],"replies":[{"embeddable":true,"href":"https:\/\/ploullins.fr\/natation\/wp-json\/wp\/v2\/comments?post=1922"}],"version-history":[{"count":13,"href":"https:\/\/ploullins.fr\/natation\/wp-json\/wp\/v2\/pages\/1922\/revisions"}],"predecessor-version":[{"id":2554,"href":"https:\/\/ploullins.fr\/natation\/wp-json\/wp\/v2\/pages\/1922\/revisions\/2554"}],"wp:attachment":[{"href":"https:\/\/ploullins.fr\/natation\/wp-json\/wp\/v2\/media?parent=1922"}],"curies":[{"name":"wp","href":"https:\/\/api.w.org\/{rel}","templated":true}]}}