{"id":2064,"date":"2020-05-27T09:23:02","date_gmt":"2020-05-27T09:23:02","guid":{"rendered":"https:\/\/ploullins.fr\/natation\/?page_id=2064"},"modified":"2021-07-22T17:01:33","modified_gmt":"2021-07-22T17:01:33","slug":"charte-reseaux-sociaux-2","status":"publish","type":"page","link":"https:\/\/ploullins.fr\/natation\/charte-reseaux-sociaux-2\/","title":{"rendered":"Charte R\u00e9seaux sociaux"},"content":{"rendered":"<h2 style=\"text-align: center\">&#8211; CHARTE D\u2019UTILISATION &#8211;<br \/>\nPAGE FACEBOOK &amp; INSTAGRAM @OULLINSNATSYNCHRO<\/h2>\n<p style=\"text-align: center\"><span style=\"color: #bf1a1a\"><strong>Les pages Facebook &amp; Instagram @oullinsnatsynchro du PLO Natation ont pour objectif de <\/strong><\/span><span style=\"color: #bf1a1a\"><strong>d\u00e9velopper une communaut\u00e9 conviviale autour du club, afin de suivre et d\u2019encourager nos <\/strong><\/span><span style=\"color: #bf1a1a\"><strong>nageuses\/nageurs lors de leurs d\u00e9placements, stages et comp\u00e9titions et de promouvoir le club.<\/strong><\/span><\/p>\n<p style=\"text-align: left\">\n<p style=\"text-align: left\"><strong>Afin de pr\u00e9server l\u2019image du club et de garantir un respect dans les \u00e9changes, les commentaires sur ces sites font l\u2019objet d\u2019une mod\u00e9ration a posteriori.<\/strong><br \/>\nLes mod\u00e9rateurs de la page veilleront ainsi \u00e0 \u00e9carter les contributions attentatoires aux personnes, indignes de l\u2019image du club et de ses adh\u00e9rents.<\/p>\n<ul>\n<li style=\"text-align: left\"><strong>Cela inclut, de fa\u00e7on non exhaustive :<\/strong><br \/>\nLes contributions \u00e0 caract\u00e8re violent, d\u00e9nigrant, diffamatoire, injurieux, illicite, obsc\u00e8ne, pornographique, p\u00e9dophile ;<\/li>\n<li style=\"text-align: left\">Les contributions incitant \u00e0 la commission d\u2019un d\u00e9lit, \u00e0 la discrimination ou \u00e0 la haine ;<\/li>\n<li style=\"text-align: left\">Les propos injurieux, grossiers, vulgaires, ou de nature \u00e0 heurter la sensibilit\u00e9 des personnes mineures ;<\/li>\n<li style=\"text-align: left\">Les contributions contenant un lien hypertexte renvoyant vers un site commercial ;<\/li>\n<li style=\"text-align: left\">Les contributions ayant la nature de publicit\u00e9s ;<br \/>\nLes contributions reproduisant sans autorisation une oeuvre ou une contribution prot\u00e9g\u00e9e par des droits de propri\u00e9t\u00e9 intellectuelle (marques, droits d\u2019auteur et droits voisins) ;<\/li>\n<li style=\"text-align: left\">Les contributions portant atteinte au droit \u00e0 l\u2019image, au droit au respect de la vie priv\u00e9e ;<\/li>\n<li style=\"text-align: left\">Les contributions portant atteinte \u00e0 la protection des donn\u00e9es personnelles d\u2019un tiers ;<\/li>\n<\/ul>\n<p style=\"text-align: left\"><strong>De fa\u00e7on g\u00e9n\u00e9rale, toute contribution qui porterait atteinte ou serait susceptible de porter atteinte \u00e0 l\u2019image ou \u00e0 la r\u00e9putation d\u2019une marque ou d\u2019une personne physique ou morale (ex : municipalit\u00e9, f\u00e9d\u00e9ration, officiels, adversaires, entraineurs, bureau, \u2026), sera supprim\u00e9e et l\u2019utilisateur se verra banni de la page.<\/strong><\/p>\n<p style=\"text-align: left\"><strong>De m\u00eame, en devenant utilisateur de la Page Facebook et\/ou de la page Instagram @oullinsnatsynchro, vous vous engagez \u00e0 respecter les r\u00e8gles suivantes :<\/strong><\/p>\n<ul>\n<li style=\"text-align: left\">Vos contributions doivent respecter la courtoisie n\u00e9cessaire au bon d\u00e9roulement des d\u00e9bats ;<\/li>\n<li style=\"text-align: left\">Vos contributions doivent utiliser un langage correct et compr\u00e9hensible (le langage type \u00ab SMS \u00bb est \u00e0 proscrire) ;<\/li>\n<li style=\"text-align: left\">N\u2019utilisez pas une majorit\u00e9 de MAJUSCULES (sur internet, cela \u00e9quivaut \u00e0 crier\u2026) ;<\/li>\n<li style=\"text-align: left\">Si vous r\u00e9pondez \u00e0 un commentaire, indiquez le nom du contributeur auquel vous r\u00e9pondez ou citez le texte original pour \u00eatre s\u00fbr d\u2019\u00eatre bien compris.<\/li>\n<\/ul>\n<p style=\"text-align: center\"><span style=\"color: #bf1a1a\"><em><strong>Comme tous les espaces de discussion virtuels, vos propos publi\u00e9s sont accessibles \u00e0 tous.<\/strong><\/em><\/span><br \/>\n<span style=\"color: #bf1a1a\"><em><strong>Tenez-en compte&#8230;<\/strong><\/em><\/span><\/p>\n<p style=\"text-align: left\"><a href=\"https:\/\/ploullins.fr\/natation\/files\/2020\/05\/Charte-Reseaux-sociaux.pdf\" target=\"_blank\" rel=\"noopener noreferrer\">T\u00e9l\u00e9charger la charte R\u00e9seaux sociaux au format PDF<\/a><\/p>\n","protected":false},"excerpt":{"rendered":"<p>&#8211; CHARTE D\u2019UTILISATION &#8211; PAGE FACEBOOK &amp; INSTAGRAM @OULLINSNATSYNCHRO Les pages Facebook &amp; Instagram @oullinsnatsynchro du PLO Natation ont pour objectif de d\u00e9velopper une communaut\u00e9 conviviale autour du club, afin de suivre et d\u2019encourager nos nageuses\/nageurs lors de leurs d\u00e9placements, stages et comp\u00e9titions et de promouvoir le club. Afin de pr\u00e9server l\u2019image du club et<br \/><a class=\"moretag\" href=\"https:\/\/ploullins.fr\/natation\/charte-reseaux-sociaux-2\/\">+ Lire Plus<\/a><\/p>\n","protected":false},"author":30,"featured_media":0,"parent":0,"menu_order":0,"comment_status":"closed","ping_status":"closed","template":"","meta":{"footnotes":""},"class_list":["post-2064","page","type-page","status-publish","hentry"],"_links":{"self":[{"href":"https:\/\/ploullins.fr\/natation\/wp-json\/wp\/v2\/pages\/2064","targetHints":{"allow":["GET"]}}],"collection":[{"href":"https:\/\/ploullins.fr\/natation\/wp-json\/wp\/v2\/pages"}],"about":[{"href":"https:\/\/ploullins.fr\/natation\/wp-json\/wp\/v2\/types\/page"}],"author":[{"embeddable":true,"href":"https:\/\/ploullins.fr\/natation\/wp-json\/wp\/v2\/users\/30"}],"replies":[{"embeddable":true,"href":"https:\/\/ploullins.fr\/natation\/wp-json\/wp\/v2\/comments?post=2064"}],"version-history":[{"count":4,"href":"https:\/\/ploullins.fr\/natation\/wp-json\/wp\/v2\/pages\/2064\/revisions"}],"predecessor-version":[{"id":2197,"href":"https:\/\/ploullins.fr\/natation\/wp-json\/wp\/v2\/pages\/2064\/revisions\/2197"}],"wp:attachment":[{"href":"https:\/\/ploullins.fr\/natation\/wp-json\/wp\/v2\/media?parent=2064"}],"curies":[{"name":"wp","href":"https:\/\/api.w.org\/{rel}","templated":true}]}}