{"id":367,"date":"2013-07-10T18:57:52","date_gmt":"2013-07-10T18:57:52","guid":{"rendered":"http:\/\/ploullins.cluster1.easy-hebergement.net\/natation\/?page_id=367"},"modified":"2025-07-29T08:36:41","modified_gmt":"2025-07-29T08:36:41","slug":"inscriptions","status":"publish","type":"page","link":"https:\/\/ploullins.fr\/natation\/le-club\/inscriptions\/","title":{"rendered":"Inscriptions"},"content":{"rendered":"<h2 style=\"text-align: center;padding-left: 40px\"><strong>Inscriptions pour la saison 2025\/2026<\/strong><\/h2>\n<div class=\"optimizer_divider title_underline \">\r\n          <span class=\"div_left\" style=\"background:#666666\">\r\n\t\t  <\/span>\r\n          <span class=\"div_middle\" style=\"color:#666666\">\r\n\t\t  <i class=\"fa underline\"> <\/i>\r\n\t\t  <\/span>\r\n          <span class=\"div_right\" style=\"background:#666666\">\r\n\t\t  <\/span>\r\n      <\/div>\n<p><\/p>\n\n\n<\/p>\n<p><strong>Inscriptions ouvertes: <\/strong>Natation artistique, Ecole de Natation et Aquagym<\/p>\n<p>\n\n\n\n\n<p><\/p>\n<p>Pour vous inscrire, rendez-vous sur notre&nbsp;<strong><a href=\"https:\/\/plo.comiti-sport.fr\/activites\/school\" target=\"_blank\" rel=\"noreferrer noopener\" data-type=\"URL\" data-id=\"https:\/\/plo.comiti-sport.fr\/activites\/school\">page d\u00e9di\u00e9e aux Inscriptions<\/a><\/strong> (<a href=\"https:\/\/plo.comiti-sport.fr\/activites\/school\" target=\"_blank\" rel=\"noreferrer noopener\">https:\/\/plo.comiti-sport.fr\/activites\/school<\/a>)<\/p>\n<ul>\n<li><span class=\"WdYUQQ text-decoration-none text-strikethrough-none\">Les diff\u00e9rentes pi\u00e8ces demand\u00e9es au dossier<\/span><span class=\"WdYUQQ text-decoration-none text-strikethrough-none\"> seront <strong>\u00e0 t\u00e9l\u00e9charger et\/ou valider en ligne<\/strong><\/span><\/li>\n<li><strong><span class=\"WdYUQQ text-decoration-none text-strikethrough-none\">Le r\u00e8glement <\/span><\/strong><span class=\"WdYUQQ text-decoration-none text-strikethrough-none\">peut \u00eatre effectu\u00e9 par ch\u00e8que(s), virement, ch\u00e8ques vacances ou esp\u00e8ces<\/span><\/li>\n<li><span class=\"WdYUQQ text-decoration-none text-strikethrough-none\"><strong>L\u2019inscription n\u2019est d\u00e9finitive<\/strong> qu\u2019une fois l\u2019ensemble des documents requis valid\u00e9s par le bureau&nbsp;<\/span><\/li>\n<\/ul>\n<div class=\"optimizer_divider title_underline \">\r\n          <span class=\"div_left\" style=\"background:#666666\">\r\n\t\t  <\/span>\r\n          <span class=\"div_middle\" style=\"color:#666666\">\r\n\t\t  <i class=\"fa underline\"> <\/i>\r\n\t\t  <\/span>\r\n          <span class=\"div_right\" style=\"background:#666666\">\r\n\t\t  <\/span>\r\n      <\/div>\n<h3 style=\"text-align: left\">Vous pouvez \u00e9galement nous rencontrer :<\/h3>\n<ul>\n<li><strong>Lors des portes ouvertes du PLO <\/strong>\u2013 27 rue Diderot \u2013 69600 OULLINS&nbsp;<\/li>\n<li><strong>Lors du forum des associations<\/strong> \u2013 au complexe sportif le Canop\u00e9e \u00e0 OULLINS PIERRE BENITE&nbsp;<\/li>\n<\/ul>\n<div class=\"optimizer_divider title_underline \">\r\n          <span class=\"div_left\" style=\"background:#666666\">\r\n\t\t  <\/span>\r\n          <span class=\"div_middle\" style=\"color:#666666\">\r\n\t\t  <i class=\"fa underline\"> <\/i>\r\n\t\t  <\/span>\r\n          <span class=\"div_right\" style=\"background:#666666\">\r\n\t\t  <\/span>\r\n      <\/div>\n<div class=\"lts_blocks lts_blocks_layout2  \"><br><div class=\"lts_block  lt_rounded  \" style=\"background:#ffffff;color:#999999;\"><\/p>\n<h2><i style=\"color:#bf1a1a;font-size:24px;width:24px;height:24px; \" class=\"fa fa-life-bouy  icon_style_plain \"><\/i>&nbsp;Natation Artistique<\/h2>\n<p style=\"color: #999999;font-family: 'Open Sans';font-size: 16px\">Accessible d\u00e8s 6 ans, la Natation Artistique (anciennement natation synchronis\u00e9e) se pratique en loisir ou en comp\u00e9titions.<br>Le club du PLO Natation propose <a href=\"https:\/\/ploullins.fr\/natation\/natation-artistique\/les-equipes-synchro\/\">diff\u00e9rents groupes, selon l\u2019\u00e2ge et le niveau des nageuses<\/a>.<\/p>\n<p style=\"color: #999999;font-family: 'Open Sans';font-size: 16px\">Pour les nouvelles na\u00efades, de 6 \u00e0 8 ans, souhaitant d\u00e9buter la pratique de la natation artistique, un petit test sera r\u00e9alis\u00e9 pr\u00e9alablement \u00e0 l\u2019inscription, pour juger de leur aisance dans l\u2019eau.<\/p>\n<p><a href=\"https:\/\/ploullins.fr\/natation\/natation-artistique\/entrainements\/\">En savoir plus<\/a><\/p>\n<p><\/div><\/p>\n<p><div class=\"lts_block  lt_rounded  \" style=\"background:#ffffff;color:#999999;\"><\/p>\n<h2><i style=\"color:#bf1a1a;font-size:24px;width:24px;height:24px; \" class=\"fa fa-life-bouy  icon_style_plain \"><\/i>&nbsp;Aquagym<\/h2>\n<p style=\"color: #999999;font-family: 'Open Sans';font-size: 16px\">Ouverts \u00e0 tous, d\u00e9couvrez le cours d\u2019aquagym propos\u00e9 par le PLO Natation sur la piscine d\u2019Oullins : le vendredi \u00e0 16h15<\/p>\n<p style=\"color: #999999;font-family: 'Open Sans';font-size: 16px\"><a href=\"https:\/\/ploullins.fr\/natation\/aquagym\/\">En savoir plus<\/a><\/p>\n<hr>\n<h2><i style=\"color:#bf1a1a;font-size:24px;width:24px;height:24px; \" class=\"fa fa-life-bouy  icon_style_plain \"><\/i>&nbsp;Ecole de Natation<\/h2>\n<p style=\"color: #999999;font-family: 'Open Sans';font-size: 16px\">Cours de natation le lundi de 17h15 \u00e0 18h00 ou de 18h00 \u00e0 18h45 pour les 5-7 ans<\/p>\n<p><a href=\"https:\/\/ploullins.fr\/natation\/ecole-de-natation\/\">En savoir plus&nbsp;<\/a><\/p>\n<p style=\"color: #999999;font-family: 'Open Sans';font-size: 16px\"><\/div><\/p>\n<p><div class=\"lts_block  lt_rounded  \" style=\"background:#ffffff;color:#999999;\"><\/div><\/p>\n<p><div class=\"lts_block  lt_rounded  \" style=\"background:#ffffff;color:#999999;\"><\/div><br><\/div>\n<p style=\"text-align: center\"><div style=\"background-color:#eeeeee; color:#666666;\" class=\"lts_section  \"><div class=\"lts_section_body\"><\/p>\n<div style=\"text-align: center\"><span style=\"font-size: 14pt\"><strong>Pour&nbsp;tout renseignement sur les&nbsp;inscriptions Natation Artistique, Ecole de natation et&nbsp;Aquagym :<\/strong><\/span><\/div>\n<div style=\"text-align: center\"><span style=\"font-size: 14pt\"><strong> <a href=\"mailto:plo.natsynchro@gmail.com\">plo.natsynchro@gmail.com<\/a><\/strong>&nbsp;<\/span><\/div>\n<p style=\"text-align: center\"><\/div><\/div><\/p>\n\n\n<p><\/p>\n","protected":false},"excerpt":{"rendered":"<p>Inscriptions pour la saison 2025\/2026 Inscriptions ouvertes: Natation artistique, Ecole de Natation et Aquagym Pour vous inscrire, rendez-vous sur notre&nbsp;page d\u00e9di\u00e9e aux Inscriptions (https:\/\/plo.comiti-sport.fr\/activites\/school) Les diff\u00e9rentes pi\u00e8ces demand\u00e9es au dossier seront \u00e0 t\u00e9l\u00e9charger et\/ou valider en ligne Le r\u00e8glement peut \u00eatre effectu\u00e9 par ch\u00e8que(s), virement, ch\u00e8ques vacances ou esp\u00e8ces L\u2019inscription n\u2019est d\u00e9finitive qu\u2019une fois l\u2019ensemble<br \/><a class=\"moretag\" href=\"https:\/\/ploullins.fr\/natation\/le-club\/inscriptions\/\">+ Lire Plus<\/a><\/p>\n","protected":false},"author":30,"featured_media":0,"parent":151,"menu_order":2,"comment_status":"closed","ping_status":"closed","template":"","meta":{"footnotes":""},"class_list":["post-367","page","type-page","status-publish","hentry"],"_links":{"self":[{"href":"https:\/\/ploullins.fr\/natation\/wp-json\/wp\/v2\/pages\/367","targetHints":{"allow":["GET"]}}],"collection":[{"href":"https:\/\/ploullins.fr\/natation\/wp-json\/wp\/v2\/pages"}],"about":[{"href":"https:\/\/ploullins.fr\/natation\/wp-json\/wp\/v2\/types\/page"}],"author":[{"embeddable":true,"href":"https:\/\/ploullins.fr\/natation\/wp-json\/wp\/v2\/users\/30"}],"replies":[{"embeddable":true,"href":"https:\/\/ploullins.fr\/natation\/wp-json\/wp\/v2\/comments?post=367"}],"version-history":[{"count":54,"href":"https:\/\/ploullins.fr\/natation\/wp-json\/wp\/v2\/pages\/367\/revisions"}],"predecessor-version":[{"id":2690,"href":"https:\/\/ploullins.fr\/natation\/wp-json\/wp\/v2\/pages\/367\/revisions\/2690"}],"up":[{"embeddable":true,"href":"https:\/\/ploullins.fr\/natation\/wp-json\/wp\/v2\/pages\/151"}],"wp:attachment":[{"href":"https:\/\/ploullins.fr\/natation\/wp-json\/wp\/v2\/media?parent=367"}],"curies":[{"name":"wp","href":"https:\/\/api.w.org\/{rel}","templated":true}]}}