{"id":21,"date":"2019-08-03T09:20:27","date_gmt":"2019-08-03T09:20:27","guid":{"rendered":"http:\/\/ploullins.cluster1.easy-hebergement.net\/qijong\/?page_id=21"},"modified":"2019-09-03T21:36:41","modified_gmt":"2019-09-03T21:36:41","slug":"presentation","status":"publish","type":"page","link":"https:\/\/ploullins.fr\/qijong\/","title":{"rendered":"Pr\u00e9sentation"},"content":{"rendered":"<p style=\"text-align: center\">\n<p style=\"text-align: center\">le dossier d &lsquo;inscription et informations sont disponibles dans l&rsquo;onglet <em>INSCRIPTION<\/em><\/p>\n<p style=\"text-align: center\">\n<p style=\"text-align: center\">\n<p style=\"text-align: center\">\n<p style=\"text-align: center\">&#8212;&#8212;&#8212;&#8212;&#8212;&#8212;&#8212;&#8212;&#8212;&#8212;&#8212;&#8212;&#8212;&#8212;&#8212;&#8212;&#8212;&#8212;&#8212;&#8212;&#8212;&#8212;&#8212;&#8212;&#8212;&#8212;&#8212;&#8212;&#8212;&#8212;&#8212;&#8212;&#8212;&#8212;&#8212;&#8212;&#8212;&#8212;&#8212;&#8212;<\/p>\n<p style=\"text-align: center\">\n<p style=\"text-align: center\">Le Qi Gong (<strong>travail du souffle pour ma\u00eetriser l&rsquo;\u00e9nergie<\/strong>) fait partie de la philosophie et de la m\u00e9decine traditionnelle chinoise<\/p>\n<p style=\"text-align: center\"><strong>C&rsquo;est un moment que l&rsquo;on s&rsquo;accorde pour prendre soin de son corps<\/strong>, de son bien-\u00eatre, pour lever les blocages \u00e9nerg\u00e9tiques dus aux \u00e9motions fortes, aux postures de la vie quotidienne.<\/p>\n<p>Pendant les cours,<\/p>\n<ul>\n<li><strong>Les automassages \u00e9veilleront l&rsquo;\u00e9nergie<\/strong> dans les m\u00e9ridiens<\/li>\n<li>les diff\u00e9rentes relaxations <strong>aideront \u00e0 maintenir l&rsquo;\u00e9quilibre<\/strong> tant physique que mental<\/li>\n<li>La r\u00e9gulation de la respiration naturelle, de la respiration abdominale normale puis invers\u00e9e permettra de retrouver ou de conserver la mobilit\u00e9 du diaphragme qui masse ainsi les organes internes<\/li>\n<li>Le Daoyin Yangsheng Gon est une gymnastique de sant\u00e9 bas\u00e9e sur des th\u00e9ories de m\u00e9decines traditionnelle chinoise, associant \u00ab\u00a0<strong>l&rsquo;exercice physique au perfectionnement moral<\/strong>\u00a0\u00bb convient aux pratiquants de tout \u00e2ge et de tout niveau<\/li>\n<li><strong>Les changements de saisons seront l&rsquo;occasion d&rsquo;aborder les 5 \u00e9l\u00e9ments<\/strong> dans la th\u00e9orie mais \u00e9galement \u00e0 travers des mouvements plus sp\u00e9cifiques<\/li>\n<\/ul>\n<p style=\"text-align: center\">Avec patience et pratique r\u00e9guli\u00e8re, <strong>le sens de ce proverbe chinois s&rsquo;exprimera dans toute sa profondeur:\u00a0<\/strong><\/p>\n<p style=\"text-align: center\"><strong>\u00a0\u00bb Ce n&rsquo;est pas l&rsquo;homme qui pratique le Qi Gong, c&rsquo;est le Qi Gong qui fa\u00e7onne l&rsquo;homme\u00a0\u00bb<\/strong><\/p>\n","protected":false},"excerpt":{"rendered":"<p>le dossier d &lsquo;inscription et informations sont disponibles dans l&rsquo;onglet INSCRIPTION &#8212;&#8212;&#8212;&#8212;&#8212;&#8212;&#8212;&#8212;&#8212;&#8212;&#8212;&#8212;&#8212;&#8212;&#8212;&#8212;&#8212;&#8212;&#8212;&#8212;&#8212;&#8212;&#8212;&#8212;&#8212;&#8212;&#8212;&#8212;&#8212;&#8212;&#8212;&#8212;&#8212;&#8212;&#8212;&#8212;&#8212;&#8212;&#8212;&#8212; Le Qi Gong (travail du souffle pour ma\u00eetriser l&rsquo;\u00e9nergie) fait partie de la philosophie et de la m\u00e9decine traditionnelle chinoise C&rsquo;est un moment que l&rsquo;on s&rsquo;accorde pour prendre soin de son corps, de son bien-\u00eatre, pour lever les blocages \u00e9nerg\u00e9tiques dus aux \u00e9motions [&hellip;]<\/p>\n","protected":false},"author":1,"featured_media":0,"parent":0,"menu_order":0,"comment_status":"closed","ping_status":"closed","template":"","meta":{"footnotes":""},"class_list":["post-21","page","type-page","status-publish","hentry"],"_links":{"self":[{"href":"https:\/\/ploullins.fr\/qijong\/wp-json\/wp\/v2\/pages\/21","targetHints":{"allow":["GET"]}}],"collection":[{"href":"https:\/\/ploullins.fr\/qijong\/wp-json\/wp\/v2\/pages"}],"about":[{"href":"https:\/\/ploullins.fr\/qijong\/wp-json\/wp\/v2\/types\/page"}],"author":[{"embeddable":true,"href":"https:\/\/ploullins.fr\/qijong\/wp-json\/wp\/v2\/users\/1"}],"replies":[{"embeddable":true,"href":"https:\/\/ploullins.fr\/qijong\/wp-json\/wp\/v2\/comments?post=21"}],"version-history":[{"count":8,"href":"https:\/\/ploullins.fr\/qijong\/wp-json\/wp\/v2\/pages\/21\/revisions"}],"predecessor-version":[{"id":129,"href":"https:\/\/ploullins.fr\/qijong\/wp-json\/wp\/v2\/pages\/21\/revisions\/129"}],"wp:attachment":[{"href":"https:\/\/ploullins.fr\/qijong\/wp-json\/wp\/v2\/media?parent=21"}],"curies":[{"name":"wp","href":"https:\/\/api.w.org\/{rel}","templated":true}]}}