{"id":21,"date":"2013-12-13T16:09:39","date_gmt":"2013-12-13T15:09:39","guid":{"rendered":"http:\/\/ploullins.fr\/trampogym\/?page_id=21"},"modified":"2024-08-15T19:04:15","modified_gmt":"2024-08-15T18:04:15","slug":"gymnastique-artistique","status":"publish","type":"page","link":"https:\/\/ploullins.fr\/trampogym\/disciplines\/gymnastique-artistique\/","title":{"rendered":"Gymnastique Artistique"},"content":{"rendered":"<p style=\"text-align: center\"><img loading=\"lazy\" decoding=\"async\" class=\"alignnone size-medium wp-image-1741\" src=\"https:\/\/ploullins.fr\/trampogym\/files\/2018\/07\/Logo-Trampogym2-300x229.png\" alt=\"\" width=\"300\" height=\"229\" srcset=\"https:\/\/ploullins.fr\/trampogym\/files\/2018\/07\/Logo-Trampogym2-300x229.png 300w, https:\/\/ploullins.fr\/trampogym\/files\/2018\/07\/Logo-Trampogym2-150x114.png 150w, https:\/\/ploullins.fr\/trampogym\/files\/2018\/07\/Logo-Trampogym2.png 525w\" sizes=\"auto, (max-width: 300px) 100vw, 300px\" \/><\/p>\n<h1 style=\"text-align: center\"><span style=\"color: #3366ff\"><em><span style=\"text-decoration: underline\"><strong>Pr\u00e9sentation<\/strong><\/span><\/em>\u00a0:<\/span><\/h1>\n<p style=\"text-align: left\"><span style=\"color: #0000ff\">La Gymnastique Artistique F\u00e9minine (GAF) est une discipline sportive qui consiste \u00e0 ex\u00e9cuter des figures acrobatiques sur plusieurs agr\u00e8s (sol, barres asym\u00e9triques, poutre, table de saut).<\/span><\/p>\n<p>[pe2-gallery album=\u00a0\u00bbhttp:\/\/picasaweb.google.com\/data\/feed\/base\/user\/105772061449644347916\/albumid\/5974705178100787953?alt=rss&amp;hl=en_US&amp;kind=photo\u00a0\u00bb ]<\/p>\n","protected":false},"excerpt":{"rendered":"<p>Pr\u00e9sentation\u00a0: La Gymnastique Artistique F\u00e9minine (GAF) est une discipline sportive qui consiste \u00e0 ex\u00e9cuter des figures acrobatiques sur plusieurs agr\u00e8s (sol, barres asym\u00e9triques, poutre, table\u2026<\/p>\n<p class=\"continue-reading-button\"> <a class=\"continue-reading-link\" href=\"https:\/\/ploullins.fr\/trampogym\/disciplines\/gymnastique-artistique\/\">Suite<i class=\"crycon-right-dir\"><\/i><\/a><\/p>\n","protected":false},"author":1,"featured_media":0,"parent":7,"menu_order":0,"comment_status":"closed","ping_status":"closed","template":"","meta":{"footnotes":""},"class_list":["post-21","page","type-page","status-publish","hentry"],"_links":{"self":[{"href":"https:\/\/ploullins.fr\/trampogym\/wp-json\/wp\/v2\/pages\/21","targetHints":{"allow":["GET"]}}],"collection":[{"href":"https:\/\/ploullins.fr\/trampogym\/wp-json\/wp\/v2\/pages"}],"about":[{"href":"https:\/\/ploullins.fr\/trampogym\/wp-json\/wp\/v2\/types\/page"}],"author":[{"embeddable":true,"href":"https:\/\/ploullins.fr\/trampogym\/wp-json\/wp\/v2\/users\/1"}],"replies":[{"embeddable":true,"href":"https:\/\/ploullins.fr\/trampogym\/wp-json\/wp\/v2\/comments?post=21"}],"version-history":[{"count":18,"href":"https:\/\/ploullins.fr\/trampogym\/wp-json\/wp\/v2\/pages\/21\/revisions"}],"predecessor-version":[{"id":2235,"href":"https:\/\/ploullins.fr\/trampogym\/wp-json\/wp\/v2\/pages\/21\/revisions\/2235"}],"up":[{"embeddable":true,"href":"https:\/\/ploullins.fr\/trampogym\/wp-json\/wp\/v2\/pages\/7"}],"wp:attachment":[{"href":"https:\/\/ploullins.fr\/trampogym\/wp-json\/wp\/v2\/media?parent=21"}],"curies":[{"name":"wp","href":"https:\/\/api.w.org\/{rel}","templated":true}]}}