{"id":2126,"date":"2023-07-12T15:22:43","date_gmt":"2023-07-12T14:22:43","guid":{"rendered":"https:\/\/ploullins.fr\/trampogym\/?page_id=2126"},"modified":"2025-09-07T15:36:33","modified_gmt":"2025-09-07T14:36:33","slug":"gym-artistique-feminine","status":"publish","type":"page","link":"https:\/\/ploullins.fr\/trampogym\/inscription\/gym-artistique-feminine\/","title":{"rendered":"Gym Artistique f\u00e9minine"},"content":{"rendered":"\n<p class=\"has-text-align-center has-vivid-red-color has-text-color has-medium-font-size\">Inscription accessible apr\u00e8s avoir fait les s\u00e9ances d&rsquo;essais<\/p>\n\n\n\n<p class=\"has-text-align-center has-vivid-cyan-blue-color has-text-color has-medium-font-size\">Pr\u00e9-inscription obligatoire pour pouvoir faire les essais par mail \u00e0 plotrampogym@gmail.com<\/p>\n\n\n\n<div class=\"wp-block-buttons aligncenter is-layout-flex wp-block-buttons-is-layout-flex\">\n<div class=\"wp-block-button is-style-fill\"><a class=\"wp-block-button__link has-pale-cyan-blue-color has-text-color has-background\" href=\"http:\/\/plo.comiti-sport.fr\" style=\"border-radius:50px;background:linear-gradient(120deg,rgb(255,203,112) 0%,rgb(199,81,192) 50%,rgb(65,88,208) 100%)\" target=\"_blank\" rel=\"noreferrer noopener\">Inscription  <\/a><\/div>\n<\/div>\n","protected":false},"excerpt":{"rendered":"<p>Inscription accessible apr\u00e8s avoir fait les s\u00e9ances d&rsquo;essais Pr\u00e9-inscription obligatoire pour pouvoir faire les essais par mail \u00e0 plotrampogym@gmail.com<\/p>\n<p class=\"continue-reading-button\"> <a class=\"continue-reading-link\" href=\"https:\/\/ploullins.fr\/trampogym\/inscription\/gym-artistique-feminine\/\">Suite<i class=\"crycon-right-dir\"><\/i><\/a><\/p>\n","protected":false},"author":48,"featured_media":0,"parent":593,"menu_order":0,"comment_status":"closed","ping_status":"closed","template":"","meta":{"footnotes":""},"class_list":["post-2126","page","type-page","status-publish","hentry"],"_links":{"self":[{"href":"https:\/\/ploullins.fr\/trampogym\/wp-json\/wp\/v2\/pages\/2126","targetHints":{"allow":["GET"]}}],"collection":[{"href":"https:\/\/ploullins.fr\/trampogym\/wp-json\/wp\/v2\/pages"}],"about":[{"href":"https:\/\/ploullins.fr\/trampogym\/wp-json\/wp\/v2\/types\/page"}],"author":[{"embeddable":true,"href":"https:\/\/ploullins.fr\/trampogym\/wp-json\/wp\/v2\/users\/48"}],"replies":[{"embeddable":true,"href":"https:\/\/ploullins.fr\/trampogym\/wp-json\/wp\/v2\/comments?post=2126"}],"version-history":[{"count":30,"href":"https:\/\/ploullins.fr\/trampogym\/wp-json\/wp\/v2\/pages\/2126\/revisions"}],"predecessor-version":[{"id":2345,"href":"https:\/\/ploullins.fr\/trampogym\/wp-json\/wp\/v2\/pages\/2126\/revisions\/2345"}],"up":[{"embeddable":true,"href":"https:\/\/ploullins.fr\/trampogym\/wp-json\/wp\/v2\/pages\/593"}],"wp:attachment":[{"href":"https:\/\/ploullins.fr\/trampogym\/wp-json\/wp\/v2\/media?parent=2126"}],"curies":[{"name":"wp","href":"https:\/\/api.w.org\/{rel}","templated":true}]}}