{"id":25,"date":"2013-12-13T16:11:54","date_gmt":"2013-12-13T15:11:54","guid":{"rendered":"http:\/\/ploullins.fr\/trampogym\/?page_id=25"},"modified":"2018-09-28T11:07:15","modified_gmt":"2018-09-28T10:07:15","slug":"trampoline","status":"publish","type":"page","link":"https:\/\/ploullins.fr\/trampogym\/disciplines\/trampoline\/","title":{"rendered":"Trampoline"},"content":{"rendered":"<p style=\"text-align: center\"><img loading=\"lazy\" decoding=\"async\" class=\"alignnone size-medium wp-image-1741\" src=\"https:\/\/ploullins.fr\/trampogym\/files\/2018\/07\/Logo-Trampogym2-300x229.png\" alt=\"\" width=\"300\" height=\"229\" srcset=\"https:\/\/ploullins.fr\/trampogym\/files\/2018\/07\/Logo-Trampogym2-300x229.png 300w, https:\/\/ploullins.fr\/trampogym\/files\/2018\/07\/Logo-Trampogym2-150x114.png 150w, https:\/\/ploullins.fr\/trampogym\/files\/2018\/07\/Logo-Trampogym2.png 525w\" sizes=\"auto, (max-width: 300px) 100vw, 300px\" \/><\/p>\n<h1 style=\"text-align: center\"><span style=\"color: #3366ff\"><strong><em><span style=\"text-decoration: underline\">Pr\u00e9sentation<\/span><\/em> :\u00a0<\/strong><\/span><\/h1>\n<p style=\"text-align: center\"><span style=\"color: #0000ff\">Le Trampoline est une activit\u00e9 acrobatique qui peut \u00eatre pratiqu\u00e9e individuellement, en \u00e9quipe ou en duo synchronis\u00e9. Cette discipline permet de d\u00e9velopper l&rsquo;\u00e9quilibre, la coordination, connaissance de soi et la condition physique. Le Trampoline peut \u00eatre pratiqu\u00e9 en loisir ou en comp\u00e9tition, et ceci d\u00e8s l&rsquo;\u00e2ge de 5 ans.<\/span><\/p>\n<p>[pe2-image src=\u00a0\u00bbhttp:\/\/lh3.googleusercontent.com\/-_PZlzI_jzl4\/UsbJPERP5gI\/AAAAAAAAFDs\/VVbGTYQkg28\/s144-c-o\/Pierre%252520Vital.JPG\u00a0\u00bb href=\u00a0\u00bbhttps:\/\/picasaweb.google.com\/105772061449644347916\/Trampoline#5964676017180108290&Prime; caption=\u00a0\u00bbPierre Vital.JPG\u00a0\u00bb type=\u00a0\u00bbimage\u00a0\u00bb alt=\u00a0\u00bbPierre Vital.JPG\u00a0\u00bb ]<\/p>\n<p>[pe2-image src=\u00a0\u00bbhttp:\/\/lh3.googleusercontent.com\/-stJtvkBQX28\/VMJd-QILWyI\/AAAAAAAAFpI\/2kXkTGXUshc\/s144-c-o\/IMG_7927.jpg\u00a0\u00bb href=\u00a0\u00bbhttps:\/\/picasaweb.google.com\/105772061449644347916\/CompetitionDepartementaleTrampolineOullins11012015#6107547368730352418&Prime; caption=\u00a0\u00bb\u00a0\u00bb type=\u00a0\u00bbimage\u00a0\u00bb alt=\u00a0\u00bbIMG_7927.jpg\u00a0\u00bb ]<\/p>\n<p>&nbsp;<\/p>\n<p>[pe2-image src=\u00a0\u00bbhttp:\/\/lh3.googleusercontent.com\/-deoRs1qZBIE\/VXWpa7oBAeI\/AAAAAAAAGNU\/ibP5IF4FUrg\/s144-c-o\/SAM_6649.JPG\u00a0\u00bb href=\u00a0\u00bbhttps:\/\/picasaweb.google.com\/105772061449644347916\/FinaleNationaleACrolles2015#6158014345646244322&Prime; caption=\u00a0\u00bb\u00a0\u00bb type=\u00a0\u00bbimage\u00a0\u00bb alt=\u00a0\u00bbSAM_6649.JPG\u00a0\u00bb ]<\/p>\n","protected":false},"excerpt":{"rendered":"<p>Pr\u00e9sentation :\u00a0 Le Trampoline est une activit\u00e9 acrobatique qui peut \u00eatre pratiqu\u00e9e individuellement, en \u00e9quipe ou en duo synchronis\u00e9. Cette discipline permet de d\u00e9velopper l&rsquo;\u00e9quilibre,\u2026<\/p>\n<p class=\"continue-reading-button\"> <a class=\"continue-reading-link\" href=\"https:\/\/ploullins.fr\/trampogym\/disciplines\/trampoline\/\">Suite<i class=\"crycon-right-dir\"><\/i><\/a><\/p>\n","protected":false},"author":1,"featured_media":0,"parent":7,"menu_order":2,"comment_status":"closed","ping_status":"closed","template":"","meta":{"footnotes":""},"class_list":["post-25","page","type-page","status-publish","hentry"],"_links":{"self":[{"href":"https:\/\/ploullins.fr\/trampogym\/wp-json\/wp\/v2\/pages\/25","targetHints":{"allow":["GET"]}}],"collection":[{"href":"https:\/\/ploullins.fr\/trampogym\/wp-json\/wp\/v2\/pages"}],"about":[{"href":"https:\/\/ploullins.fr\/trampogym\/wp-json\/wp\/v2\/types\/page"}],"author":[{"embeddable":true,"href":"https:\/\/ploullins.fr\/trampogym\/wp-json\/wp\/v2\/users\/1"}],"replies":[{"embeddable":true,"href":"https:\/\/ploullins.fr\/trampogym\/wp-json\/wp\/v2\/comments?post=25"}],"version-history":[{"count":28,"href":"https:\/\/ploullins.fr\/trampogym\/wp-json\/wp\/v2\/pages\/25\/revisions"}],"predecessor-version":[{"id":1768,"href":"https:\/\/ploullins.fr\/trampogym\/wp-json\/wp\/v2\/pages\/25\/revisions\/1768"}],"up":[{"embeddable":true,"href":"https:\/\/ploullins.fr\/trampogym\/wp-json\/wp\/v2\/pages\/7"}],"wp:attachment":[{"href":"https:\/\/ploullins.fr\/trampogym\/wp-json\/wp\/v2\/media?parent=25"}],"curies":[{"name":"wp","href":"https:\/\/api.w.org\/{rel}","templated":true}]}}