{"id":28,"date":"2013-12-13T16:14:07","date_gmt":"2013-12-13T15:14:07","guid":{"rendered":"http:\/\/ploullins.fr\/trampogym\/?page_id=28"},"modified":"2023-07-12T14:10:32","modified_gmt":"2023-07-12T13:10:32","slug":"eveil-gymnique-eveil-trampo","status":"publish","type":"page","link":"https:\/\/ploullins.fr\/trampogym\/disciplines\/eveil-gymnique-eveil-trampo\/","title":{"rendered":"Eveil Gymnique\/Eveil Trampo"},"content":{"rendered":"<p style=\"text-align: center\">\n<h1 style=\"text-align: center\"><span style=\"color: #3366ff\"><span style=\"text-decoration: underline\"><strong>Pr\u00e9sentation<\/strong><\/span>\u00a0:<\/span><\/h1>\n<p style=\"text-align: center\"><span style=\"color: #0000ff\">La Baby Gym est une activit\u00e9 gymnique destin\u00e9e aux enfants de 18 mois \u00e0 5 ans permettant le d\u00e9veloppement g\u00e9n\u00e9ral de l&rsquo;enfant sur le plan moteur, affectif et cognitif. Les s\u00e9ances de Baby-Gym sont dispens\u00e9es sous forme de circuit gymnique permettant le d\u00e9veloppement de la coordination motrice, du sens de l&rsquo;\u00e9quilibre, de la souplesse, de la force et de la confiance en soi.<\/span><\/p>\n<p>[pe2-image src=\u00a0\u00bbhttp:\/\/lh3.googleusercontent.com\/-nxLxgeCa3YE\/VGoJ423QhZI\/AAAAAAAAFTQ\/JM3KZu-yzUA\/s144-c-o\/SD_0001.jpg\u00a0\u00bb href=\u00a0\u00bbhttps:\/\/picasaweb.google.com\/105772061449644347916\/BabyHalloween#6082685119121884562&Prime; caption=\u00a0\u00bb\u00a0\u00bb type=\u00a0\u00bbimage\u00a0\u00bb alt=\u00a0\u00bbSD_0001.jpg\u00a0\u00bb ]<\/p>\n<p>[pe2-image src=\u00a0\u00bbhttp:\/\/lh3.googleusercontent.com\/-QDuvpvdvQvo\/VGoMgZhkv-I\/AAAAAAAAFYQ\/hCnKxVV8YFo\/s144-c-o\/SD_0050.jpg\u00a0\u00bb href=\u00a0\u00bbhttps:\/\/picasaweb.google.com\/105772061449644347916\/BabyHalloween#6082687997464330210&Prime; caption=\u00a0\u00bb\u00a0\u00bb type=\u00a0\u00bbimage\u00a0\u00bb alt=\u00a0\u00bbSD_0050.jpg\u00a0\u00bb ]<\/p>\n","protected":false},"excerpt":{"rendered":"<p>Pr\u00e9sentation\u00a0: La Baby Gym est une activit\u00e9 gymnique destin\u00e9e aux enfants de 18 mois \u00e0 5 ans permettant le d\u00e9veloppement g\u00e9n\u00e9ral de l&rsquo;enfant sur le\u2026<\/p>\n<p class=\"continue-reading-button\"> <a class=\"continue-reading-link\" href=\"https:\/\/ploullins.fr\/trampogym\/disciplines\/eveil-gymnique-eveil-trampo\/\">Suite<i class=\"crycon-right-dir\"><\/i><\/a><\/p>\n","protected":false},"author":1,"featured_media":0,"parent":7,"menu_order":3,"comment_status":"closed","ping_status":"closed","template":"","meta":{"footnotes":""},"class_list":["post-28","page","type-page","status-publish","hentry"],"_links":{"self":[{"href":"https:\/\/ploullins.fr\/trampogym\/wp-json\/wp\/v2\/pages\/28","targetHints":{"allow":["GET"]}}],"collection":[{"href":"https:\/\/ploullins.fr\/trampogym\/wp-json\/wp\/v2\/pages"}],"about":[{"href":"https:\/\/ploullins.fr\/trampogym\/wp-json\/wp\/v2\/types\/page"}],"author":[{"embeddable":true,"href":"https:\/\/ploullins.fr\/trampogym\/wp-json\/wp\/v2\/users\/1"}],"replies":[{"embeddable":true,"href":"https:\/\/ploullins.fr\/trampogym\/wp-json\/wp\/v2\/comments?post=28"}],"version-history":[{"count":20,"href":"https:\/\/ploullins.fr\/trampogym\/wp-json\/wp\/v2\/pages\/28\/revisions"}],"predecessor-version":[{"id":2119,"href":"https:\/\/ploullins.fr\/trampogym\/wp-json\/wp\/v2\/pages\/28\/revisions\/2119"}],"up":[{"embeddable":true,"href":"https:\/\/ploullins.fr\/trampogym\/wp-json\/wp\/v2\/pages\/7"}],"wp:attachment":[{"href":"https:\/\/ploullins.fr\/trampogym\/wp-json\/wp\/v2\/media?parent=28"}],"curies":[{"name":"wp","href":"https:\/\/api.w.org\/{rel}","templated":true}]}}