{"id":611,"date":"2014-07-23T09:43:17","date_gmt":"2014-07-23T08:43:17","guid":{"rendered":"http:\/\/ploullins.fr\/trampogym\/?page_id=611"},"modified":"2025-09-07T15:32:41","modified_gmt":"2025-09-07T14:32:41","slug":"trampoline","status":"publish","type":"page","link":"https:\/\/ploullins.fr\/trampogym\/inscription\/trampoline\/","title":{"rendered":"Trampoline"},"content":{"rendered":"\n<p class=\"has-text-align-center has-vivid-red-color has-text-color has-medium-font-size\">Inscription accessible apr\u00e8s avoir fait les s\u00e9ances d&rsquo;essais.<\/p>\n\n\n\n<p class=\"has-text-align-center has-vivid-cyan-blue-color has-text-color has-medium-font-size\">Pr\u00e9-inscription obligatoire pour pouvoir faire les essais par mail \u00e0 plotrampogym@gmail.com<\/p>\n\n\n\n<div class=\"wp-block-buttons aligncenter is-layout-flex wp-block-buttons-is-layout-flex\">\n<div class=\"wp-block-button is-style-fill\"><a class=\"wp-block-button__link has-vivid-cyan-blue-color has-text-color has-background\" href=\"http:\/\/plo.comiti-sport.fr\" style=\"background:linear-gradient(130deg,rgb(255,245,203) 0%,rgb(182,227,212) 50%,rgb(51,167,181) 100%)\" target=\"_blank\" rel=\"noreferrer noopener\">Inscription<\/a><\/div>\n<\/div>\n\n\n\n<p><\/p>\n","protected":false},"excerpt":{"rendered":"<p>Inscription accessible apr\u00e8s avoir fait les s\u00e9ances d&rsquo;essais. Pr\u00e9-inscription obligatoire pour pouvoir faire les essais par mail \u00e0 plotrampogym@gmail.com<\/p>\n<p class=\"continue-reading-button\"> <a class=\"continue-reading-link\" href=\"https:\/\/ploullins.fr\/trampogym\/inscription\/trampoline\/\">Suite<i class=\"crycon-right-dir\"><\/i><\/a><\/p>\n","protected":false},"author":1,"featured_media":0,"parent":593,"menu_order":2,"comment_status":"closed","ping_status":"closed","template":"","meta":{"footnotes":""},"class_list":["post-611","page","type-page","status-publish","hentry"],"_links":{"self":[{"href":"https:\/\/ploullins.fr\/trampogym\/wp-json\/wp\/v2\/pages\/611","targetHints":{"allow":["GET"]}}],"collection":[{"href":"https:\/\/ploullins.fr\/trampogym\/wp-json\/wp\/v2\/pages"}],"about":[{"href":"https:\/\/ploullins.fr\/trampogym\/wp-json\/wp\/v2\/types\/page"}],"author":[{"embeddable":true,"href":"https:\/\/ploullins.fr\/trampogym\/wp-json\/wp\/v2\/users\/1"}],"replies":[{"embeddable":true,"href":"https:\/\/ploullins.fr\/trampogym\/wp-json\/wp\/v2\/comments?post=611"}],"version-history":[{"count":28,"href":"https:\/\/ploullins.fr\/trampogym\/wp-json\/wp\/v2\/pages\/611\/revisions"}],"predecessor-version":[{"id":2341,"href":"https:\/\/ploullins.fr\/trampogym\/wp-json\/wp\/v2\/pages\/611\/revisions\/2341"}],"up":[{"embeddable":true,"href":"https:\/\/ploullins.fr\/trampogym\/wp-json\/wp\/v2\/pages\/593"}],"wp:attachment":[{"href":"https:\/\/ploullins.fr\/trampogym\/wp-json\/wp\/v2\/media?parent=611"}],"curies":[{"name":"wp","href":"https:\/\/api.w.org\/{rel}","templated":true}]}}