{"id":617,"date":"2014-07-23T09:46:54","date_gmt":"2014-07-23T08:46:54","guid":{"rendered":"http:\/\/ploullins.fr\/trampogym\/?page_id=617"},"modified":"2025-09-07T15:35:47","modified_gmt":"2025-09-07T14:35:47","slug":"eveil-gymnique-eveil-trampo","status":"publish","type":"page","link":"https:\/\/ploullins.fr\/trampogym\/inscription\/eveil-gymnique-eveil-trampo\/","title":{"rendered":"Eveil Gymnique \/ Eveil Trampo"},"content":{"rendered":"\n<p class=\"has-text-align-center has-vivid-red-color has-text-color has-medium-font-size\">Inscription accessible apr\u00e8s avoir fait les s\u00e9ances d&rsquo;essais<\/p>\n\n\n\n<p class=\"has-text-align-center has-vivid-cyan-blue-color has-text-color has-medium-font-size\">Pr\u00e9-inscription obligatoire pour pouvoir faire les essais par mail \u00e0 plotrampogym@gmail.com<\/p>\n\n\n\n<div class=\"wp-block-buttons aligncenter is-layout-flex wp-block-buttons-is-layout-flex\">\n<div class=\"wp-block-button\"><a class=\"wp-block-button__link has-text-color has-background\" href=\"https:\/\/www.helloasso.com\/associations\/patronage-laique-d-oullins\/adhesions\/inscription-eveil-gymnique-eveil-trampo-2024-2025\" style=\"border-radius:50px;background:linear-gradient(90deg,rgba(252,185,0,1) 0%,rgba(255,105,0,1) 100%);color:#084f78\" target=\"_blank\" rel=\"noreferrer noopener\">Inscription<\/a><\/div>\n<\/div>\n\n\n\n<p><\/p>\n","protected":false},"excerpt":{"rendered":"<p>Inscription accessible apr\u00e8s avoir fait les s\u00e9ances d&rsquo;essais Pr\u00e9-inscription obligatoire pour pouvoir faire les essais par mail \u00e0 plotrampogym@gmail.com<\/p>\n<p class=\"continue-reading-button\"> <a class=\"continue-reading-link\" href=\"https:\/\/ploullins.fr\/trampogym\/inscription\/eveil-gymnique-eveil-trampo\/\">Suite<i class=\"crycon-right-dir\"><\/i><\/a><\/p>\n","protected":false},"author":1,"featured_media":0,"parent":593,"menu_order":4,"comment_status":"closed","ping_status":"closed","template":"","meta":{"footnotes":""},"class_list":["post-617","page","type-page","status-publish","hentry"],"_links":{"self":[{"href":"https:\/\/ploullins.fr\/trampogym\/wp-json\/wp\/v2\/pages\/617","targetHints":{"allow":["GET"]}}],"collection":[{"href":"https:\/\/ploullins.fr\/trampogym\/wp-json\/wp\/v2\/pages"}],"about":[{"href":"https:\/\/ploullins.fr\/trampogym\/wp-json\/wp\/v2\/types\/page"}],"author":[{"embeddable":true,"href":"https:\/\/ploullins.fr\/trampogym\/wp-json\/wp\/v2\/users\/1"}],"replies":[{"embeddable":true,"href":"https:\/\/ploullins.fr\/trampogym\/wp-json\/wp\/v2\/comments?post=617"}],"version-history":[{"count":25,"href":"https:\/\/ploullins.fr\/trampogym\/wp-json\/wp\/v2\/pages\/617\/revisions"}],"predecessor-version":[{"id":2343,"href":"https:\/\/ploullins.fr\/trampogym\/wp-json\/wp\/v2\/pages\/617\/revisions\/2343"}],"up":[{"embeddable":true,"href":"https:\/\/ploullins.fr\/trampogym\/wp-json\/wp\/v2\/pages\/593"}],"wp:attachment":[{"href":"https:\/\/ploullins.fr\/trampogym\/wp-json\/wp\/v2\/media?parent=617"}],"curies":[{"name":"wp","href":"https:\/\/api.w.org\/{rel}","templated":true}]}}