{"id":7,"date":"2013-12-13T16:01:55","date_gmt":"2013-12-13T15:01:55","guid":{"rendered":"http:\/\/ploullins.fr\/trampogym\/?page_id=7"},"modified":"2026-04-08T18:46:01","modified_gmt":"2026-04-08T17:46:01","slug":"disciplines","status":"publish","type":"page","link":"https:\/\/ploullins.fr\/trampogym\/disciplines\/","title":{"rendered":"Disciplines"},"content":{"rendered":"<h2 style=\"text-align: center\"><span style=\"text-decoration: underline\"><span style=\"color: #ccffff;text-decoration: underline\"><em>Le P.L.O Trampo \/ Gym vous propose diff\u00e9rentes activit\u00e9s<\/em><\/span><\/span><\/h2>\n<h2 style=\"text-align: center\"><span style=\"text-decoration: underline\"><span style=\"color: #ccffff;text-decoration: underline\"><em> physiques pour les petits comme pour les grands :<\/em> <\/span><\/span><\/h2>\n<h2 style=\"text-align: center\"><span style=\"color: #3366ff\"><a style=\"color: #3366ff\" href=\"http:\/\/ploullins.fr\/trampogym\/galerie-photo\/baby-gym\/\">L&rsquo;Eveil-Gy<\/a>mnique : <\/span><\/h2>\n<p style=\"text-align: center\"><span style=\"color: #99ccff\">L&rsquo;\u00e9veil gymnique contribue au d\u00e9veloppement moteur et social de l&rsquo;enfant sur un mode ludique. C&rsquo;est une activit\u00e9 se pratiquant de 18 mois \u00e0 5 ans.<\/span><\/p>\n<h2 style=\"text-align: center\"><span style=\"color: #3366ff\"><a href=\"http:\/\/ploullins.fr\/trampogym\/disciplines\/gymnastique-artistique\/\">Gymnastique Artistique<\/a> : <\/span><\/h2>\n<p style=\"text-align: center\"><span style=\"color: #99ccff\">De l&rsquo;\u00e9veil \u00e0 la gymnastique au perfectionnement, elle permet de d\u00e9velopper la motricit\u00e9 de vos enfants par une pratique au sol acrobatique &amp; artistique et par une initiation aux agr\u00e8s (sol, poutre, barres).<\/span><\/p>\n<h2 style=\"text-align: center\"><span style=\"color: #3366ff\"><a href=\"http:\/\/ploullins.fr\/trampogym\/disciplines\/trampoline\/\">Trampoline<\/a> : <\/span><\/h2>\n<p style=\"text-align: center\"><span style=\"color: #99ccff\">Le trampoline se pratique d\u00e8s l&rsquo;\u00e2ge de 5 ans. A la fois complet et ludique, vos enfants pourront s&rsquo;\u00e9panouir tout en d\u00e9veloppant leurs sens (coordination, \u00e9quilibre, r\u00e9flexe &#8230;).<\/span><\/p>\n<h2 style=\"text-align: center\"><span style=\"color: #99ccff\"><span style=\"color: #ccffff\">Pour plus d&rsquo;information, veuillez cliquez sur l&rsquo;activit\u00e9 de votre choix.<\/span><\/span><\/h2>\n","protected":false},"excerpt":{"rendered":"<p>Le P.L.O Trampo \/ Gym vous propose diff\u00e9rentes activit\u00e9s physiques pour les petits comme pour les grands : L&rsquo;Eveil-Gymnique : L&rsquo;\u00e9veil gymnique contribue au d\u00e9veloppement\u2026<\/p>\n<p class=\"continue-reading-button\"> <a class=\"continue-reading-link\" href=\"https:\/\/ploullins.fr\/trampogym\/disciplines\/\">Suite<i class=\"crycon-right-dir\"><\/i><\/a><\/p>\n","protected":false},"author":1,"featured_media":0,"parent":0,"menu_order":1,"comment_status":"closed","ping_status":"closed","template":"","meta":{"footnotes":""},"class_list":["post-7","page","type-page","status-publish","hentry"],"_links":{"self":[{"href":"https:\/\/ploullins.fr\/trampogym\/wp-json\/wp\/v2\/pages\/7","targetHints":{"allow":["GET"]}}],"collection":[{"href":"https:\/\/ploullins.fr\/trampogym\/wp-json\/wp\/v2\/pages"}],"about":[{"href":"https:\/\/ploullins.fr\/trampogym\/wp-json\/wp\/v2\/types\/page"}],"author":[{"embeddable":true,"href":"https:\/\/ploullins.fr\/trampogym\/wp-json\/wp\/v2\/users\/1"}],"replies":[{"embeddable":true,"href":"https:\/\/ploullins.fr\/trampogym\/wp-json\/wp\/v2\/comments?post=7"}],"version-history":[{"count":9,"href":"https:\/\/ploullins.fr\/trampogym\/wp-json\/wp\/v2\/pages\/7\/revisions"}],"predecessor-version":[{"id":2376,"href":"https:\/\/ploullins.fr\/trampogym\/wp-json\/wp\/v2\/pages\/7\/revisions\/2376"}],"wp:attachment":[{"href":"https:\/\/ploullins.fr\/trampogym\/wp-json\/wp\/v2\/media?parent=7"}],"curies":[{"name":"wp","href":"https:\/\/api.w.org\/{rel}","templated":true}]}}